{"id":92838,"date":"2025-09-30T07:32:42","date_gmt":"2025-09-29T23:32:42","guid":{"rendered":"https:\/\/www.accorplus.com\/vn\/?page_id=92838"},"modified":"2026-03-25T18:59:38","modified_gmt":"2026-03-25T10:59:38","slug":"stay-benefit-variations","status":"publish","type":"page","link":"https:\/\/www.accorplus.com\/vn\/vi\/stay-benefit-variations\/","title":{"rendered":"Stay Benefit Variations"},"content":{"rendered":"\n<div class=\"module mod-text theme-default\" data-autoload-module=\"text\">\n  <div class=\"grid-container\">\n    <div class=\"grid-x grid-margin-x\">\n      <div class=\"cell large-12\">\n        <div class=\"rte\">\n          <h1 style=\"text-align: center;\">ALL Accor+ Explorer<br \/>\nC\u00e1c Ngo\u1ea1i L\u1ec7 V\u00e0 \u0110i\u1ec1u <br \/>Ch\u1ec9nh Quy\u1ec1n L\u1ee3i L\u01b0u Tr\u00fa C\u1ee7a H\u1ed9i Vi\u00ean<br \/>\n<\/h1>\n<p style=\"text-align: center;\">(C\u1eadp nh\u1eadt ng\u00e0y 25\/03\/2026)\n<\/p>\n<p>&nbsp;<br \/>\nC\u00e1c ngo\u1ea1i l\u1ec7 v\u00e0 \u0111i\u1ec1u ch\u1ec9nh d\u01b0\u1edbi \u0111\u00e2y \u00e1p d\u1ee5ng cho Quy\u1ec1n L\u1ee3i L\u01b0u Tr\u00fa c\u1ee7a h\u1ed9i vi\u00ean ALL Accor+ Explorer.<br \/>\n&nbsp;<\/p>\n<h2>Ng\u00e0y Kh\u00f4ng \u00c1p D\u1ee5ng<\/h2>\n<p>Ng\u00e0y kh\u00f4ng \u00e1p d\u1ee5ng (blackout dates) \u0111\u01b0\u1ee3c \u00e1p d\u1ee5ng cho quy\u1ec1n l\u1ee3i \u0110\u00eam Ngh\u1ec9 Stay Plus MI\u1ec4N PH\u00cd ALL Accor+ Explorer Ti\u00eau Chu\u1ea9n. Vui l\u00f2ng tham kh\u1ea3o t\u1ea1i <a href=\"https:\/\/all.accor.com\/loyalty-program\/bod\/index.en.shtml\" target=\"_blank\" rel=\"noopener\">ALL.com.<\/a><\/p>\n        <\/div>\n      <\/div>\n    <\/div>\n  <\/div>\n<\/div>\n\n\n<div data-autoload-module=\"accordion\" class=\"module mod-accordion theme-default\" data-has-filters=\"false\">\n\n    <div class=\"grid-container\">\n\t\t<div class=\"inner-container\">\n\t\t\t\n\t\t\t\n\t\t\t\t\n\t\t\t\t\t\t\t\t\t<div class=\"accordion\">\n\t\t\t\t\t\t\t\t\t\t\t\t\t<div class=\"accordion-item\n\t\t\t\t\t\t\t\t\"\n\t\t\t\t\t\t\t\t>\n\t\t\t\t\t\t\t\t<button\n\t\t\t\t\t\t\t\tclass=\"accordion-title grid-x grid-margin-x align-middle align-justify\"\n\t\t\t\t\t\t\t\taria-controls=\"accordion-1-item-0\"\n\t\t\t\t\t\t\t\t\t\t\t\t\t\t\t\t>\n\t\t\t\t\t\t\t\t\t<div class=\"accordion-toggle cell shrink\">\n\t\t\t\t\t\t\t\t\t\t<span class=\"accordion-toggle-icon\"><\/span>\n\t\t\t\t\t\t\t\t\t<\/div>\n\t\t\t\t\t\t\t\t\t<div class=\"cell auto\">\n\t\t\t\t\t\t\t\t\t\t<h5 class=\"accordion-title-text special\">Kh\u00e1ch S\u1ea1n Kh\u00f4ng \u00c1p D\u1ee5ng<\/h5>\n\t\t\t\t\t\t\t\t\t<\/div>\n\n\t\t\t\t\t\t\t\t\t\t\t\t\t\t\t\t\t<\/button>\n\t\t\t\t\t\t\t\t<div\n\t\t\t\t\t\t\t\tclass=\"accordion-content rte\"\n\t\t\t\t\t\t\t\tid=\"accordion-1-item-0\"\n\t\t\t\t\t\t\t\t>\n\t\t\t\t\t\t\t\t\t<p>C\u00e1c quy\u1ec1n l\u1ee3i ALL Accor+ Explorer kh\u00f4ng \u00e1p d\u1ee5ng t\u1ea1i C\u00e1c Kh\u00e1ch S\u1ea1n kh\u00f4ng tham gia ch\u01b0\u01a1ng tr\u00ecnh kh\u00e1ch h\u00e0ng th\u00e2n thi\u1ebft to\u00e0n c\u1ea7u c\u1ee7a t\u1eadp \u0111o\u00e0n <a href=\"https:\/\/all.accor.com\/a\/en\/loyalty-program\/hotels-exception.html\" target=\"_blank\" rel=\"noopener\">Accor &#8211; ALL Accor<\/a>. Vui l\u00f2ng tham kh\u1ea3o t\u1ea1i ALL.com.<\/p>\n<p>C\u00e1c quy\u1ec1n l\u1ee3i ALL Accor+ Explorer c\u0169ng kh\u00f4ng \u00e1p d\u1ee5ng t\u1ea1i c\u00e1c Kh\u00e1ch S\u1ea1n sau:<\/p>\n<p><strong>AUSTRALIA<\/strong><\/p>\n<ul>\n<li>Mount Lofty House Adelaide Hills<\/li>\n<li>Reef House Adults Retreat, Palm Cove<\/li>\n<\/ul>\n<p><strong>MACAU CHINA<\/strong><\/p>\n<ul>\n<li>Raffles Macau<\/li>\n<\/ul>\n\t\t\t\t\t\t\t\t\t\t\t\t\t\t\t\t\t<\/div>\n\t\t\t\t\t\t\t<\/div>\n\t\t\t\t\t\t\t\t\t\t\t\t\t<div class=\"accordion-item\n\t\t\t\t\t\t\t\t\"\n\t\t\t\t\t\t\t\t>\n\t\t\t\t\t\t\t\t<button\n\t\t\t\t\t\t\t\tclass=\"accordion-title grid-x grid-margin-x align-middle align-justify\"\n\t\t\t\t\t\t\t\taria-controls=\"accordion-1-item-1\"\n\t\t\t\t\t\t\t\t\t\t\t\t\t\t\t\t>\n\t\t\t\t\t\t\t\t\t<div class=\"accordion-toggle cell shrink\">\n\t\t\t\t\t\t\t\t\t\t<span class=\"accordion-toggle-icon\"><\/span>\n\t\t\t\t\t\t\t\t\t<\/div>\n\t\t\t\t\t\t\t\t\t<div class=\"cell auto\">\n\t\t\t\t\t\t\t\t\t\t<h5 class=\"accordion-title-text special\">Th\u01b0\u01a1ng Hi\u1ec7u Kh\u00f4ng \u00c1p D\u1ee5ng Tr\u00ean To\u00e0n C\u1ea7u<\/h5>\n\t\t\t\t\t\t\t\t\t<\/div>\n\n\t\t\t\t\t\t\t\t\t\t\t\t\t\t\t\t\t<\/button>\n\t\t\t\t\t\t\t\t<div\n\t\t\t\t\t\t\t\tclass=\"accordion-content rte\"\n\t\t\t\t\t\t\t\tid=\"accordion-1-item-1\"\n\t\t\t\t\t\t\t\t>\n\t\t\t\t\t\t\t\t\t<p>C\u00e1c quy\u1ec1n l\u1ee3i ALL Accor+ Explorer kh\u00f4ng \u00e1p d\u1ee5ng t\u1ea1i c\u00e1c Th\u01b0\u01a1ng Hi\u1ec7u sau tr\u00ean to\u00e0n th\u1ebf gi\u1edbi: <\/p>\n<ul>\n<li>The Banyan Group g\u1ed3m Banyan Tree, Angsana, Garrya, Cassia, Dhawa, Homm<\/li>\n<li>Faena, 21c Museum Hotels, Delano, JO&amp;JOE, Morgans Originals, SLS, The Hoxton, Mantis, The House of Originals, Hotel F1<\/li>\n<\/ul>\n\t\t\t\t\t\t\t\t\t\t\t\t\t\t\t\t\t<\/div>\n\t\t\t\t\t\t\t<\/div>\n\t\t\t\t\t\t\t\t\t\t\t\t\t<div class=\"accordion-item\n\t\t\t\t\t\t\t\t\"\n\t\t\t\t\t\t\t\t>\n\t\t\t\t\t\t\t\t<button\n\t\t\t\t\t\t\t\tclass=\"accordion-title grid-x grid-margin-x align-middle align-justify\"\n\t\t\t\t\t\t\t\taria-controls=\"accordion-1-item-2\"\n\t\t\t\t\t\t\t\t\t\t\t\t\t\t\t\t>\n\t\t\t\t\t\t\t\t\t<div class=\"accordion-toggle cell shrink\">\n\t\t\t\t\t\t\t\t\t\t<span class=\"accordion-toggle-icon\"><\/span>\n\t\t\t\t\t\t\t\t\t<\/div>\n\t\t\t\t\t\t\t\t\t<div class=\"cell auto\">\n\t\t\t\t\t\t\t\t\t\t<h5 class=\"accordion-title-text special\">Th\u01b0\u01a1ng Hi\u1ec7u Kh\u00f4ng \u00c1p D\u1ee5ng ngo\u00e0i khu v\u1ef1c Ch\u00e2u \u00c1 \u2013 Th\u00e1i B\u00ecnh D\u01b0\u01a1ng:<\/h5>\n\t\t\t\t\t\t\t\t\t<\/div>\n\n\t\t\t\t\t\t\t\t\t\t\t\t\t\t\t\t\t<\/button>\n\t\t\t\t\t\t\t\t<div\n\t\t\t\t\t\t\t\tclass=\"accordion-content rte\"\n\t\t\t\t\t\t\t\tid=\"accordion-1-item-2\"\n\t\t\t\t\t\t\t\t>\n\t\t\t\t\t\t\t\t\t<p>Gi\u00e1 \u01b0u \u0111\u00e3i ALL Accor+ Explorer kh\u00f4ng \u00e1p d\u1ee5ng t\u1ea1i C\u00e1c Th\u01b0\u01a1ng Hi\u1ec7u sau khi l\u01b0u tr\u00fa ngo\u00e0i khu v\u1ef1c Ch\u00e2u \u00c1 \u2013 Th\u00e1i B\u00ecnh D\u01b0\u01a1ng:<\/p>\n<ul>\n<li>25hours, Hyde, Mama Shelter, Mondrian, SO\/, Tribe, ibis Budget<\/li>\n<\/ul>\n\t\t\t\t\t\t\t\t\t\t\t\t\t\t\t\t\t<\/div>\n\t\t\t\t\t\t\t<\/div>\n\t\t\t\t\t\t\t\t\t\t\t\t\t<div class=\"accordion-item\n\t\t\t\t\t\t\t\t\"\n\t\t\t\t\t\t\t\t>\n\t\t\t\t\t\t\t\t<button\n\t\t\t\t\t\t\t\tclass=\"accordion-title grid-x grid-margin-x align-middle align-justify\"\n\t\t\t\t\t\t\t\taria-controls=\"accordion-1-item-3\"\n\t\t\t\t\t\t\t\t\t\t\t\t\t\t\t\t>\n\t\t\t\t\t\t\t\t\t<div class=\"accordion-toggle cell shrink\">\n\t\t\t\t\t\t\t\t\t\t<span class=\"accordion-toggle-icon\"><\/span>\n\t\t\t\t\t\t\t\t\t<\/div>\n\t\t\t\t\t\t\t\t\t<div class=\"cell auto\">\n\t\t\t\t\t\t\t\t\t\t<h5 class=\"accordion-title-text special\">C\u00e1c \u0110i\u1ec1u Ch\u1ec9nh v\u1ec1 Quy\u1ec1n L\u1ee3i \u0110\u00eam Ngh\u1ec9 Stay Plus MI\u1ec4N PH\u00cd theo Th\u01b0\u01a1ng Hi\u1ec7u v\u00e0 \u0110i\u1ec3m \u0110\u1ebfn<\/h5>\n\t\t\t\t\t\t\t\t\t<\/div>\n\n\t\t\t\t\t\t\t\t\t\t\t\t\t\t\t\t\t<\/button>\n\t\t\t\t\t\t\t\t<div\n\t\t\t\t\t\t\t\tclass=\"accordion-content rte\"\n\t\t\t\t\t\t\t\tid=\"accordion-1-item-3\"\n\t\t\t\t\t\t\t\t>\n\t\t\t\t\t\t\t\t\t<p>Quy\u1ec1n L\u1ee3i \u0110\u00eam Ngh\u1ec9 Stay Plus MI\u1ec4N PH\u00cd ALL Accor+ Explorer ch\u1ec9 \u00e1p d\u1ee5ng v\u1edbi t\u1ed1i thi\u1ec3u 3 \u0111\u00eam li\u00ean ti\u1ebfp t\u1ea1i c\u00e1c Kh\u00e1ch S\u1ea1n sau:<\/p>\n<ol>\n<li><strong>Th\u01b0\u01a1ng Hi\u1ec7u C\u0103n H\u1ed9 v\u00e0 L\u01b0u Tr\u00fa D\u00e0i H\u1ea1n<\/strong><br \/>\nArt Series, Peppers, Quay West, Grand Mercure, The Sebel, Mantra, BreakFree<\/li>\n<li><strong>\u0110i\u1ec3m \u0110\u1ebfn \u0110\u1ea3o Xa ho\u1eb7c V\u00f9ng Xa<\/strong><br \/>\nFiji, French Polynesia, Maldives, and Uluru in Australia<\/li>\n<\/ol>\n\t\t\t\t\t\t\t\t\t\t\t\t\t\t\t\t\t<\/div>\n\t\t\t\t\t\t\t<\/div>\n\t\t\t\t\t\t\t\t\t\t\t\t\t<div class=\"accordion-item\n\t\t\t\t\t\t\t\t\"\n\t\t\t\t\t\t\t\t>\n\t\t\t\t\t\t\t\t<button\n\t\t\t\t\t\t\t\tclass=\"accordion-title grid-x grid-margin-x align-middle align-justify\"\n\t\t\t\t\t\t\t\taria-controls=\"accordion-1-item-4\"\n\t\t\t\t\t\t\t\t\t\t\t\t\t\t\t\t>\n\t\t\t\t\t\t\t\t\t<div class=\"accordion-toggle cell shrink\">\n\t\t\t\t\t\t\t\t\t\t<span class=\"accordion-toggle-icon\"><\/span>\n\t\t\t\t\t\t\t\t\t<\/div>\n\t\t\t\t\t\t\t\t\t<div class=\"cell auto\">\n\t\t\t\t\t\t\t\t\t\t<h5 class=\"accordion-title-text special\">C\u00e1c \u0110i\u1ec1u Ch\u1ec9nh Quy\u1ec1n L\u1ee3i \u0110\u00eam Ngh\u1ec9 Stay Plus MI\u1ec4N PH\u00cd theo Kh\u00e1ch S\u1ea1n<\/h5>\n\t\t\t\t\t\t\t\t\t<\/div>\n\n\t\t\t\t\t\t\t\t\t\t\t\t\t\t\t\t\t<\/button>\n\t\t\t\t\t\t\t\t<div\n\t\t\t\t\t\t\t\tclass=\"accordion-content rte\"\n\t\t\t\t\t\t\t\tid=\"accordion-1-item-4\"\n\t\t\t\t\t\t\t\t>\n\t\t\t\t\t\t\t\t\t<p><strong>AUSTRALIA<\/strong><\/p>\n<ul>\n<li><strong>The Sebel Chatswood:<\/strong> Quy\u1ec1n l\u1ee3i \u0110\u00eam ngh\u1ec9 MI\u1ec4N PH\u00cd Stay Plus hi\u1ec7n kh\u00f4ng kh\u1ea3 d\u1ee5ng<\/li>\n<\/ul>\n<p>Quy\u1ec1n l\u1ee3i \u0111\u00eam ngh\u1ec9 mi\u1ec5n ph\u00ed c\u1ee7a ALL Accor+ Explorer Stay Plus \u0111\u01b0\u1ee3c \u00e1p d\u1ee5ng cho th\u1eddi gian l\u01b0u tr\u00fa t\u1ed1i thi\u1ec3u 3 \u0111\u00eam li\u00ean ti\u1ebfp t\u1ea1i c\u00e1c kh\u00e1ch s\u1ea1n l\u01b0u tr\u00fa d\u00e0i h\u1ea1n v\u00e0 c\u0103n h\u1ed9 sau \u0111\u00e2y:<\/p>\n<ul>\n<li><strong>Pullman Palm Cove Sea Temple Resort and Spa<\/strong><\/li>\n<li><strong>Pullman Port Douglas Sea Temple Resort and Spa<\/strong><\/li>\n<li><strong>Pullman Bunker Bay Resort Margaret River Region<\/strong><\/li>\n<li><strong>Pullman Quay Grand Sydney Harbour<\/strong><\/li>\n<li><strong>Pullman Magenta Shores Resort<\/strong><\/li>\n<\/ul>\n<p><strong>MALDIVES<\/strong><\/p>\n<ul>\n<li><strong>Pullman Maldives All-Inclusive Resort:<\/strong> Quy\u1ec1n l\u1ee3i \u0110\u00eam ngh\u1ec9 MI\u1ec4N PH\u00cd Stay Plus hi\u1ec7n kh\u00f4ng kh\u1ea3 d\u1ee5ng<\/li>\n<li><strong>Mercure Maldives Kooddoo Resort:<\/strong> Quy\u1ec1n l\u1ee3i \u0110\u00eam ngh\u1ec9 MI\u1ec4N PH\u00cd Stay Plus hi\u1ec7n kh\u00f4ng kh\u1ea3 d\u1ee5ng<\/li>\n<\/ul>\n<p><strong>SINGAPORE<\/strong><\/p>\n<ul>\n<li><strong>Raffles Singapore:<\/strong> Quy\u1ec1n l\u1ee3i \u0110\u00eam Ngh\u1ec9 Stay Plus MI\u1ec4N PH\u00cd c\u00f3 s\u1ed1 l\u01b0\u1ee3ng gi\u1edbi h\u1ea1n m\u1ed7i ng\u00e0y t\u1ea1i t\u1eebng kh\u00e1ch s\u1ea1n.<\/li>\n<\/ul>\n\t\t\t\t\t\t\t\t\t\t\t\t\t\t\t\t\t<\/div>\n\t\t\t\t\t\t\t<\/div>\n\t\t\t\t\t\t\t\t\t\t\t<\/div>\n\t\t\t\n\t\t\t\t\t<\/div>\n\t<\/div>\n<\/div>\n\n\n\n<div class=\"module mod-buttons theme-default\" data-autoload-module=\"buttons\" data-visibility=\"all\">\n  <div class=\"grid-container\">\n              <div class=\"grid-container\">\n                        <div class=\"button-group align-center\">\n                \n    <a href=\"https:\/\/www.accorplus.com\/vn\/vi\/dining-benefit-variations\"\n       class=\"button  theme-primary\"\n       target=\"\" data-autoload-component=\"button\">\n        <span>B\u1ea1n c\u00f3 th\u1ec3 xem c\u00e1c ngo\u1ea1i l\u1ec7 \u1edf \u0111\u00e2y<svg width=\"20\" height=\"20\" viewBox=\"0 0 20 20\" xmlns=\"http:\/\/www.w3.org\/2000\/svg\" class=\"icon\"><path d=\"M17.42 10l-6.951-6.95-1.326 1.325 4.687 4.688H2.97v1.874H13.83l-4.687 4.688 1.326 1.326L17.419 10z\" \/><\/svg>\n<\/span>\n    <\/a>\n            <\/div>\n          <\/div>\n        <\/div>\n<\/div>\n\n\n<div class=\"mod-core core-paragraph\" style=\"background-color:initial;\"><div class=\"grid-container\">\n<p><\/p>\n<\/div><\/div>","protected":false},"excerpt":{"rendered":"","protected":false},"author":32,"featured_media":0,"parent":0,"menu_order":0,"comment_status":"closed","ping_status":"closed","template":"","meta":{"_acf_changed":false,"footnotes":""},"class_list":["post-92838","page","type-page","status-publish","hentry"],"acf":[],"yoast_head":"<!-- This site is optimized with the Yoast SEO Premium plugin v24.4 (Yoast SEO v27.1.1) - https:\/\/yoast.com\/product\/yoast-seo-premium-wordpress\/ -->\n<title>Stay Benefit Variations - ALL Accor+ Explorer Vietnam<\/title>\n<meta name=\"description\" content=\"Discover Accor Plus membership stay and dining exceptions for some hotels and resorts. Also, access blackout dates of the year.\" \/>\n<meta name=\"robots\" content=\"index, follow, max-snippet:-1, max-image-preview:large, max-video-preview:-1\" \/>\n<link rel=\"canonical\" href=\"https:\/\/www.accorplus.com\/vn\/vi\/stay-benefit-variations\/\" \/>\n<meta property=\"og:locale\" content=\"vi_VN\" \/>\n<meta property=\"og:type\" content=\"article\" \/>\n<meta property=\"og:title\" content=\"Stay Benefit Variations\" \/>\n<meta property=\"og:description\" content=\"Discover Accor Plus membership stay and dining exceptions for some hotels and resorts. Also, access blackout dates of the year.\" \/>\n<meta property=\"og:url\" content=\"https:\/\/www.accorplus.com\/vn\/vi\/stay-benefit-variations\/\" \/>\n<meta property=\"og:site_name\" content=\"ALL Accor+ Explorer Vietnam\" \/>\n<meta property=\"article:modified_time\" content=\"2026-03-25T10:59:38+00:00\" \/>\n<meta name=\"twitter:card\" content=\"summary_large_image\" \/>\n<meta name=\"twitter:label1\" content=\"Est. reading time\" \/>\n\t<meta name=\"twitter:data1\" content=\"3 minutes\" \/>\n<script type=\"application\/ld+json\" class=\"yoast-schema-graph\">{\"@context\":\"https:\/\/schema.org\",\"@graph\":[{\"@type\":\"WebPage\",\"@id\":\"https:\/\/www.accorplus.com\/vn\/vi\/stay-benefit-variations\/\",\"url\":\"https:\/\/www.accorplus.com\/vn\/vi\/stay-benefit-variations\/\",\"name\":\"Stay Benefit Variations - ALL Accor+ Explorer Vietnam\",\"isPartOf\":{\"@id\":\"https:\/\/www.accorplus.com\/vn\/#website\"},\"datePublished\":\"2025-09-29T23:32:42+00:00\",\"dateModified\":\"2026-03-25T10:59:38+00:00\",\"description\":\"Discover Accor Plus membership stay and dining exceptions for some hotels and resorts. Also, access blackout dates of the year.\",\"breadcrumb\":{\"@id\":\"https:\/\/www.accorplus.com\/vn\/vi\/stay-benefit-variations\/#breadcrumb\"},\"inLanguage\":\"vi-VN\",\"potentialAction\":[{\"@type\":\"ReadAction\",\"target\":[\"https:\/\/www.accorplus.com\/vn\/vi\/stay-benefit-variations\/\"]}]},{\"@type\":\"BreadcrumbList\",\"@id\":\"https:\/\/www.accorplus.com\/vn\/vi\/stay-benefit-variations\/#breadcrumb\",\"itemListElement\":[{\"@type\":\"ListItem\",\"position\":1,\"name\":\"ALL Accor+ Explorer\",\"item\":\"https:\/\/www.accorplus.com\/vn\/vi\/home-launch\/\"},{\"@type\":\"ListItem\",\"position\":2,\"name\":\"Stay Benefit Variations\"}]},{\"@type\":\"WebSite\",\"@id\":\"https:\/\/www.accorplus.com\/vn\/#website\",\"url\":\"https:\/\/www.accorplus.com\/vn\/\",\"name\":\"ALL Accor+ Explorer Vietnam\",\"description\":\"Experience More\",\"potentialAction\":[{\"@type\":\"SearchAction\",\"target\":{\"@type\":\"EntryPoint\",\"urlTemplate\":\"https:\/\/www.accorplus.com\/vn\/?s={search_term_string}\"},\"query-input\":{\"@type\":\"PropertyValueSpecification\",\"valueRequired\":true,\"valueName\":\"search_term_string\"}}],\"inLanguage\":\"vi-VN\"}]}<\/script>\n<!-- \/ Yoast SEO Premium plugin. -->","yoast_head_json":{"title":"Stay Benefit Variations - ALL Accor+ Explorer Vietnam","description":"Discover Accor Plus membership stay and dining exceptions for some hotels and resorts. Also, access blackout dates of the year.","robots":{"index":"index","follow":"follow","max-snippet":"max-snippet:-1","max-image-preview":"max-image-preview:large","max-video-preview":"max-video-preview:-1"},"canonical":"https:\/\/www.accorplus.com\/vn\/vi\/stay-benefit-variations\/","og_locale":"vi_VN","og_type":"article","og_title":"Stay Benefit Variations","og_description":"Discover Accor Plus membership stay and dining exceptions for some hotels and resorts. Also, access blackout dates of the year.","og_url":"https:\/\/www.accorplus.com\/vn\/vi\/stay-benefit-variations\/","og_site_name":"ALL Accor+ Explorer Vietnam","article_modified_time":"2026-03-25T10:59:38+00:00","twitter_card":"summary_large_image","twitter_misc":{"Est. reading time":"3 minutes"},"schema":{"@context":"https:\/\/schema.org","@graph":[{"@type":"WebPage","@id":"https:\/\/www.accorplus.com\/vn\/vi\/stay-benefit-variations\/","url":"https:\/\/www.accorplus.com\/vn\/vi\/stay-benefit-variations\/","name":"Stay Benefit Variations - ALL Accor+ Explorer Vietnam","isPartOf":{"@id":"https:\/\/www.accorplus.com\/vn\/#website"},"datePublished":"2025-09-29T23:32:42+00:00","dateModified":"2026-03-25T10:59:38+00:00","description":"Discover Accor Plus membership stay and dining exceptions for some hotels and resorts. Also, access blackout dates of the year.","breadcrumb":{"@id":"https:\/\/www.accorplus.com\/vn\/vi\/stay-benefit-variations\/#breadcrumb"},"inLanguage":"vi-VN","potentialAction":[{"@type":"ReadAction","target":["https:\/\/www.accorplus.com\/vn\/vi\/stay-benefit-variations\/"]}]},{"@type":"BreadcrumbList","@id":"https:\/\/www.accorplus.com\/vn\/vi\/stay-benefit-variations\/#breadcrumb","itemListElement":[{"@type":"ListItem","position":1,"name":"ALL Accor+ Explorer","item":"https:\/\/www.accorplus.com\/vn\/vi\/home-launch\/"},{"@type":"ListItem","position":2,"name":"Stay Benefit Variations"}]},{"@type":"WebSite","@id":"https:\/\/www.accorplus.com\/vn\/#website","url":"https:\/\/www.accorplus.com\/vn\/","name":"ALL Accor+ Explorer Vietnam","description":"Experience More","potentialAction":[{"@type":"SearchAction","target":{"@type":"EntryPoint","urlTemplate":"https:\/\/www.accorplus.com\/vn\/?s={search_term_string}"},"query-input":{"@type":"PropertyValueSpecification","valueRequired":true,"valueName":"search_term_string"}}],"inLanguage":"vi-VN"}]}},"_links":{"self":[{"href":"https:\/\/www.accorplus.com\/vn\/vi\/wp-json\/wp\/v2\/pages\/92838","targetHints":{"allow":["GET"]}}],"collection":[{"href":"https:\/\/www.accorplus.com\/vn\/vi\/wp-json\/wp\/v2\/pages"}],"about":[{"href":"https:\/\/www.accorplus.com\/vn\/vi\/wp-json\/wp\/v2\/types\/page"}],"author":[{"embeddable":true,"href":"https:\/\/www.accorplus.com\/vn\/vi\/wp-json\/wp\/v2\/users\/32"}],"replies":[{"embeddable":true,"href":"https:\/\/www.accorplus.com\/vn\/vi\/wp-json\/wp\/v2\/comments?post=92838"}],"version-history":[{"count":10,"href":"https:\/\/www.accorplus.com\/vn\/vi\/wp-json\/wp\/v2\/pages\/92838\/revisions"}],"predecessor-version":[{"id":98806,"href":"https:\/\/www.accorplus.com\/vn\/vi\/wp-json\/wp\/v2\/pages\/92838\/revisions\/98806"}],"wp:attachment":[{"href":"https:\/\/www.accorplus.com\/vn\/vi\/wp-json\/wp\/v2\/media?parent=92838"}],"curies":[{"name":"wp","href":"https:\/\/api.w.org\/{rel}","templated":true}]}}