{"id":92585,"date":"2025-09-30T07:25:53","date_gmt":"2025-09-29T23:25:53","guid":{"rendered":"https:\/\/www.accorplus.com\/vn\/?page_id=92585"},"modified":"2025-10-06T15:06:51","modified_gmt":"2025-10-06T07:06:51","slug":"stay-plus-benefit","status":"publish","type":"page","link":"https:\/\/www.accorplus.com\/vn\/vi\/hotel-benefits\/stay-plus-benefit\/","title":{"rendered":"Quy\u1ec1n l\u1ee3i Stay Plus"},"content":{"rendered":"\n<div class=\"module mod-page-header theme-default theme-dark no-padding no-border\" data-autoload-module=\"page-header\" data-content-change=\"\">\n    <div class=\"logged-out\">\n                    \n    <div class=\"component-image\" data-autoload-component=\"image\">\n                    <div class=\"image lazy-image\"\n                 data-src=\"\"\n                 data-src-mobile=\"https:\/\/etqk82p44vf.exactdn.com\/wp-content\/uploads\/sites\/15\/2025\/07\/25172610\/benefits-transition-900x600.jpg?strip=all&#038;sharp=1\">\n                    <div class=\"overlay\"><\/div>\n                    <\/div>\n            <\/div>\n        \n        <div class=\"grid-container\">\n            <div class=\"page-header-inner grid-x align-center align-middle\">\n                <div class=\"cell medium-10 text-center\">\n                    <h1 class=\"page-header-title large-hero-title\">Quy\u1ec1n l\u1ee3i Stay Plus<\/h1>\n                    <p class=\"page-header-content lead\"><\/p>\n\n                    \n                <\/div>\n            <\/div>\n        <\/div>\n    <\/div>\n\n    <div class=\"logged-in hide\">\n                    \n    <div class=\"component-image\" data-autoload-component=\"image\">\n                    <div class=\"image lazy-image\"\n                 data-src=\"\"\n                 data-src-mobile=\"https:\/\/etqk82p44vf.exactdn.com\/wp-content\/uploads\/sites\/15\/2025\/07\/25172610\/benefits-transition-900x600.jpg?strip=all&#038;sharp=1\">\n                    <div class=\"overlay\"><\/div>\n                    <\/div>\n            <\/div>\n        \n        <div class=\"grid-container\">\n            <div class=\"page-header-inner grid-x align-center align-middle\">\n                <div class=\"cell text-center\">\n                                            <h1 class=\"page-header-title large-hero-title\">Quy\u1ec1n l\u1ee3i Stay Plus<\/h1>\n                    \n                                            <p class=\"page-header-content lead\"><\/p>\n                    \n                    \n                <\/div>\n            <\/div>\n        <\/div>\n    <\/div>\n\n    \n    <div class=\"logged-in-all hide\">\n                    \n    <div class=\"component-image\" data-autoload-component=\"image\">\n                    <div class=\"image lazy-image\"\n                 data-src=\"\"\n                 data-src-mobile=\"https:\/\/etqk82p44vf.exactdn.com\/wp-content\/uploads\/sites\/15\/2025\/07\/25172610\/benefits-transition-900x600.jpg?strip=all&#038;sharp=1\">\n                    <div class=\"overlay\"><\/div>\n                    <\/div>\n            <\/div>\n        \n        <div class=\"grid-container\">\n            <div class=\"page-header-inner grid-x align-center align-middle\">\n                <div class=\"cell text-center\">\n                    <h1 class=\"page-header-title large-hero-title\"><\/h1>\n                    <p class=\"page-header-content lead\"><\/p>\n\n                    <div class=\"banner-buttons button-group button-group-margin-top-small align-center\">\n\n                    <a href=\" https:\/\/checkout.accorplus.com\/product\/vn-explorer\" class=\"button theme-primary\" target=\"\" data-autoload-component=\"button\">\n                        <span><svg width=\"20\" height=\"20\" viewBox=\"0 0 20 20\" xmlns=\"http:\/\/www.w3.org\/2000\/svg\" class=\"icon\"><path d=\"M17.42 10l-6.951-6.95-1.326 1.325 4.687 4.688H2.97v1.874H13.83l-4.687 4.688 1.326 1.326L17.419 10z\"><\/path><\/svg><\/span>\n                    <\/a>\n                    <\/div>\n                <\/div>\n            <\/div>\n        <\/div>\n    <\/div>\n<\/div>\n<div class=\"grid-container\">\n    <div class=\"grid-x align-middle\">\n        <div class=\"small-12 medium-8\">\n        <p id=\"breadcrumbs\" class=\"page-header-breadcrumbs small-label\"><span><span><a href=\"https:\/\/www.accorplus.com\/vn\/vi\/home-launch\/\">ALL Accor+ Explorer<\/a><\/span><\/span><\/p>        <\/div>\n        <div class=\"small-12 medium-4\">\n        \n    <div data-autoload-component=\"social-share\" class=\"component component-social-share flex-container align-middle\">\n        <div class=\"shares\">\n                            <a\n                    class='share-button-wrapper'\n                    id=\"facebook\"\n                    href=\"https:\/\/facebook.com\/sharer\/sharer.php?u=https%3A%2F%2Fwww.accorplus.com%2Fvn%2Fvi%2Fhotel-benefits%2Fstay-plus-benefit%2F\"\n                    target='_blank'\n                    rel='nofollow noopener'\n                    aria-label='Share on Facebook'\n                  >\n            \t    <svg class=\"icon\"><\/svg>                  <\/a>\n                          <\/div>\n    <\/div>\n        <\/div>\n    <\/div>\n<\/div>\n\n\n\n<div class=\"module mod-text theme-default\" data-autoload-module=\"text\">\n  <div class=\"grid-container\">\n    <div class=\"grid-x grid-margin-x\">\n      <div class=\"cell large-12\">\n        <div class=\"rte\">\n          <h2>M\u1edf Kh\u00f3a Hai \u0110\u00eam Stay Plus MI\u1ec4N PH\u00cd \u2013 Mua M\u1ed9t, T\u1eb7ng M\u1ed9t t\u1ea1i 1.300+ Kh\u00e1ch S\u1ea1n Accor<\/h2>\n<p>B\u1eaft \u0111\u1ea7u t\u1eadn h\u01b0\u1edfng gi\u00e1 tr\u1ecb t\u1eeb ng\u00e0y \u0111\u1ea7u ti\u00ean: \u0110\u00eam Stay Plus mi\u1ec5n ph\u00ed cho ph\u00e9p m\u1ecdi h\u1ed9i vi\u00ean ALL Accor+ Explorer \u0111\u01b0\u1ee3c h\u01b0\u1edfng hai l\u1ea7n l\u01b0u tr\u00fa mua m\u1ed9t t\u1eb7ng m\u1ed9t trong m\u1ed7i n\u0103m h\u1ed9i vi\u00ean tr\u00ean to\u00e0n Ch\u00e2u \u00c1 \u2013 Th\u00e1i B\u00ecnh D\u01b0\u01a1ng. \u0110\u1eb7t hai \u0111\u00eam li\u00ean ti\u1ebfp, v\u00e0 ch\u00fang t\u00f4i s\u1ebd thanh to\u00e1n cho \u0111\u00eam \u0111\u1eaft nh\u1ea5t t\u1ea1i Sofitel, Pullman, Novotel, ibis c\u00f9ng <a href=\"https:\/\/www.accorplus.com\/vn\/vi\/hotel-brands\/\">h\u01a1n 30 th\u01b0\u01a1ng hi\u1ec7u kh\u00e1ch s\u1ea1n Accor kh\u00e1c<\/a>.<br \/>\n&nbsp;<\/p>\n<h3>B\u01b0\u1edbc 1 \u2013 L\u00ean K\u1ebf Ho\u1ea1ch Chuy\u1ebfn \u0110i<\/h3>\n<ul>\n<li>\u0110\u1ec3 nh\u1eadn \u0111\u01b0\u1ee3c m\u1ee9c gi\u00e1 t\u1ed1t nh\u1ea5t v\u00e0 t\u1eadn d\u1ee5ng t\u1ed1i \u0111a quy\u1ec1n l\u1ee3i Explorer:<br \/>\nKi\u1ec3m tra t\u00ecnh tr\u1ea1ng ph\u00f2ng tr\u1ed1ng tr\u01b0\u1edbc \u0111\u1ebfn 12* th\u00e1ng tr\u00ean \u1ee9ng d\u1ee5ng ALL Accor ho\u1eb7c trang web ALL Accor\u2014ng\u01b0\u1eddi l\u00ean k\u1ebf ho\u1ea1ch s\u1edbm c\u00f3 nhi\u1ec1u l\u1ef1a ch\u1ecdn ph\u00f2ng v\u00e0 gi\u00e1 \u0111\u1eb7t ph\u00f2ng kh\u00e1ch s\u1ea1n t\u1ed1t nh\u1ea5t.<\/li>\n<li>S\u1eed d\u1ee5ng b\u1ed9 l\u1ecdc Stay Plus \u0111\u1ec3 hi\u1ec3n th\u1ecb c\u00e1c kh\u00e1ch s\u1ea1n kh\u1ea3 d\u1ee5ng, bi\u1ebfn vi\u1ec7c t\u00ecm ki\u1ebfm nhanh th\u00e0nh quy\u1ec1n l\u1ee3i t\u1ee9c th\u00ec c\u1ee7a ALL Accor+ Explorer v\u00e0 nh\u1eadn ngay \u0111\u00eam mi\u1ec5n ph\u00ed \u0111\u00e1ng gi\u00e1.<\/li>\n<li>K\u1ebft h\u1ee3p c\u00f9ng \u01b0u \u0111\u00e3i Red Hot Rooms n\u1ebfu c\u00f3 \u0111\u1ec3 nh\u00e2n \u0111\u00f4i gi\u00e1 tr\u1ecb k\u1ef3 ngh\u1ec9 c\u1ee7a b\u1ea1n.<\/li>\n<\/ul>\n<p>&nbsp;<\/p>\n<p><strong>M\u1eb9o Pro:<\/strong> S\u1eed d\u1ee5ng \u1ee9ng d\u1ee5ng ALL Accor v\u00e0 xem l\u1ecbch gi\u00e1 \u0111\u1ec3 t\u00ecm \u0110\u00eam Stay Plus MI\u1ec4N PH\u00cd c\u1ee7a b\u1ea1n.<\/p>\n<p>* C\u00e1c \u0111\u00eam Stay Plus mi\u1ec5n ph\u00ed ph\u1ea3i \u0111\u01b0\u1ee3c \u0111\u1eb7t v\u00e0 l\u01b0u tr\u00fa tr\u01b0\u1edbc khi k\u1ebft th\u00fac n\u0103m h\u1ed9i vi\u00ean hi\u1ec7n t\u1ea1i c\u1ee7a b\u1ea1n.<\/p>\n<p>&nbsp;<\/p>\n<h3>B\u01b0\u1edbc 2: \u0110\u1eb7t ph\u00f2ng<\/h3>\n<p>\u0110\u00e2y l\u00e0 h\u01b0\u1edbng d\u1eabn c\u1ee5 th\u1ec3 \u0111\u1ec3 gi\u00fap b\u1ea1n \u0111\u1eb7t ph\u00f2ng tr\u1ef1c tuy\u1ebfn<\/p>\n<p><strong>\u0110\u1eb7t ph\u00f2ng qua website www.accorplus.com<\/strong><\/p>\n<p>1. \u0110\u0103ng nh\u1eadp v\u00e0o website Accor Plus b\u1eb1ng \u0111\u1ecba ch\u1ec9 email v\u00e0 m\u1eadt kh\u1ea9u c\u1ee7a b\u1ea1n<\/p>\n<p>2. Ch\u1ecdn kh\u00e1ch s\u1ea1n v\u00e0 th\u1eddi gian l\u01b0u tr\u00fa t\u1ea1i trang kh\u00e1ch s\u1ea1n ho\u1eb7c ph\u1ea7n t\u00ecm ki\u1ebfm tr\u00ean trang ch\u1ee7. B\u1ea5m n\u00fat chuy\u1ec3n \u0111\u1ed5i \u0111\u1ec3 b\u1eadt \u0111\u00eam ngh\u1ec9 mi\u1ec5n ph\u00ed Stay Plus<\/p>\n<p>3. Website s\u1ebd t\u00ecm ki\u1ebfm kh\u00e1ch s\u1ea1n d\u1ef1a tr\u00ean c\u00e1c ti\u00eau ch\u00ed c\u1ee7a b\u1ea1n v\u00e0 sau \u0111\u00f3 hi\u1ec3n th\u1ecb t\u1ea5t c\u1ea3 c\u00e1c kh\u00e1ch s\u1ea1n c\u00f3 \u0111\u00eam mi\u1ec5n ph\u00ed Stay Plus trong th\u1eddi gian b\u1ea1n ch\u1ecdn<\/p>\n<p>4. C\u0169ng c\u00f3 tr\u01b0\u1eddng h\u1ee3p c\u00e1c kh\u00e1ch s\u1ea1n kh\u00f4ng c\u00f3 \u0111\u00eam ngh\u1ec9 mi\u1ec5n ph\u00ed Stay Plus theo c\u00e1c ti\u00eau ch\u00ed c\u1ee7a b\u1ea1n. Trong tr\u01b0\u1eddng h\u1ee3p n\u00e0y, k\u1ebft qu\u1ea3 t\u00ecm ki\u1ebfm c\u00f3 th\u1ec3 s\u1ebd y\u00eau c\u1ea7u b\u1ea1n n\u00e2ng c\u1ea5p ph\u00f2ng l\u00ean h\u1ea1ng ph\u00f2ng ti\u1ebfp theo \u0111\u1ec3 \u0111\u1eb7t \u0111\u00eam ngh\u1ec9 mi\u1ec5n ph\u00ed.<\/p>\n<p>&nbsp;<\/p>\n<h4>\u0110\u1eb7t ph\u00f2ng qua \u1ee9ng d\u1ee5ng Accor All<\/h4>\n<p>T\u1ea3i \u1ee9ng d\u1ee5ng Accor All t\u1ea1i \u0111\u00e2y:<br \/>\n<a href=\"https:\/\/apps.apple.com\/app\/accorhotels-reservation-dhotels\/id489472613?mat_click_id=0dcf23794e85436c8bbe48698908416e-20190912-14012&amp;referrer=mat_click_id%3D0dcf23794e85436c8bbe48698908416e-20190912-14012%26link_click_id%3D700704272287037297\">iOS<\/a> | <a href=\"https:\/\/play.google.com\/store\/apps\/details?id=com.accor.appli.hybrid&amp;hl=en&amp;referrer=mat_click_id%3D9e2d03a5fedc4b74b5ec9665efe00520-20190912-14012%26link_click_id%3D700704197947045594&amp;mat_click_id=9e2d03a5fedc4b74b5ec9665efe00520-20190912-14012\">Android<\/a><\/p>\n<ol>\n<li>\u0110\u0103ng nh\u1eadp v\u00e0o \u1ee9ng d\u1ee5ng Accor All b\u1eb1ng \u0111\u1ecba ch\u1ec9 email v\u00e0 m\u1eadt kh\u1ea9u c\u1ee7a b\u1ea1n<\/li>\n<li>N\u1ebfu th\u1ebb c\u1ee7a b\u1ea1n c\u00f3 \u0111\u00eam mi\u1ec5n ph\u00ed Stay Plus, n\u00f3 s\u1ebd hi\u1ec3n th\u1ecb \u1edf ph\u00eda tr\u00ean c\u1ee7a m\u00e0n h\u00ecnh ch\u00ednh<\/li>\n<li>\u0110\u1ea7u ti\u00ean b\u1ea1n s\u1ebd ch\u1ecdn \u0111i\u1ec3m \u0111\u1ebfn, ng\u00e0y th\u00e1ng v\u00e0 th\u00f4ng tin ph\u00f2ng<\/li>\n<li>B\u1ea5m n\u00fat chuy\u1ec3n \u0111\u1ed5i \u1edf m\u00e0n h\u00ecnh ph\u00eda tr\u00ean \u0111\u1ec3 xem gi\u00e1 ph\u00f2ng v\u1edbi \u0111\u00eam mi\u1ec5n ph\u00ed Stay Plus. B\u1ea1n s\u1ebd th\u1ea5y gi\u00e1 ph\u00f2ng thay \u0111\u1ed5i b\u00ean d\u01b0\u1edbi.<\/li>\n<li>K\u00e9o xu\u1ed1ng d\u01b0\u1edbi \u0111\u1ec3 ch\u1ecdn kh\u00e1ch s\u1ea1n b\u1ea1n mu\u1ed1n.<\/li>\n<li>B\u1ea5m v\u00e0o &#8220;Xem m\u1ee9c gi\u00e1 c\u1ee7a ph\u00f2ng&#8221; v\u00e0 ch\u1ecdn ph\u00f2ng b\u1ea1n mu\u1ed1n.<\/li>\n<li>N\u1ebfu mu\u1ed1n, b\u1ea1n c\u00f3 th\u1ec3 so s\u00e1nh gi\u00e1 c\u00f3 ho\u1eb7c kh\u00f4ng c\u00f3 \u0111\u00eam mi\u1ec5n ph\u00ed Stay Plus b\u1eb1ng c\u00e1ch b\u1ea5m n\u00fat chuy\u1ec3n \u0111\u1ed5i.<\/li>\n<li>B\u1ea5m v\u00e0o &#8220;Xem m\u1ee9c gi\u00e1&#8221; \u0111\u1ec3 \u0111\u1eb7t ph\u00f2ng.<\/li>\n<\/ol>\n<p><strong>L\u01b0u \u00fd<\/strong>: T\u1ed5ng \u0111\u00e0i \u0111\u1eb7t ph\u00f2ng Accor s\u1ebd t\u00ednh ph\u00ed 10USD khi h\u1ed7 tr\u1ee3 h\u1ed9i vi\u00ean \u0111\u1eb7t ph\u00f2ng \u0111\u00eam ngh\u1ec9 mi\u1ec5n ph\u00ed Stay Plus.<\/p>\n<p>&nbsp;<\/p>\n<h3>B\u01b0\u1edbc 3: T\u1eadn h\u01b0\u1edfng<\/h3>\n<p>Tr\u01b0\u1edbc khi \u0111\u1ebfn kh\u00e1ch s\u1ea1n, h\u00e3y nh\u1edb mang theo th\u1ebb h\u1ed9i vi\u00ean \u0111\u1ec3 xu\u1ea5t tr\u00ecnh khi nh\u1eadn.<\/p>\n<p><a class=\"cta\" href=\"https:\/\/www.accorplus.com\/vn\/vi\/hotels\/?q=Hanoi,%20Ho%C3%A0n%20Ki%E1%BA%BFm,%20Hanoi,%20Vietnam&amp;rooms=1&amp;freenight=NO&amp;room1Adults=1\" data-cssclass=\"cta\" data-itemid=\"96743718-ae67-4eb6-954a-3eeec2003b26\" data-title=\"Click here to book your Stay Plus\">Nh\u1ea5p v\u00e0o \u0111\u00e2y \u0111\u1ec3 \u0111\u1eb7t ph\u00f2ng Stay Plus<\/a><\/p>\n        <\/div>\n      <\/div>\n    <\/div>\n  <\/div>\n<\/div>\n","protected":false},"excerpt":{"rendered":"","protected":false},"author":37,"featured_media":89498,"parent":92670,"menu_order":0,"comment_status":"closed","ping_status":"closed","template":"","meta":{"_acf_changed":false,"footnotes":""},"class_list":["post-92585","page","type-page","status-publish","has-post-thumbnail","hentry"],"acf":[],"yoast_head":"<!-- This site is optimized with the Yoast SEO Premium plugin v24.4 (Yoast SEO v27.1.1) - https:\/\/yoast.com\/product\/yoast-seo-premium-wordpress\/ -->\n<title>Quy\u1ec1n l\u1ee3i Stay Plus - ALL Accor+ Explorer Vietnam<\/title>\n<meta name=\"description\" content=\"H\u1ed9i vi\u00ean ALL Accor+ Explorer nh\u1eadn hai \u0111\u00eam Stay Plus mi\u1ec5n ph\u00ed m\u1ed7i n\u0103m. L\u00ean k\u1ebf ho\u1ea1ch s\u1edbm, ch\u1ecdn t\u1eeb h\u01a1n 1.300 kh\u00e1ch s\u1ea1n v\u00e0 nh\u1eadn ngay \u01b0u \u0111\u00e3i t\u1ed1t nh\u1ea5t kh\u1eafp Ch\u00e2u \u00c1 \u2013 Th\u00e1i B\u00ecnh D\u01b0\u01a1ng.\" \/>\n<meta name=\"robots\" content=\"index, follow, max-snippet:-1, max-image-preview:large, max-video-preview:-1\" \/>\n<link rel=\"canonical\" href=\"https:\/\/www.accorplus.com\/vn\/vi\/hotel-benefits\/stay-plus-benefit\/\" \/>\n<meta property=\"og:locale\" content=\"vi_VN\" \/>\n<meta property=\"og:type\" content=\"article\" \/>\n<meta property=\"og:title\" content=\"Quy\u1ec1n l\u1ee3i Stay Plus\" \/>\n<meta property=\"og:description\" content=\"H\u1ed9i vi\u00ean ALL Accor+ Explorer nh\u1eadn hai \u0111\u00eam Stay Plus mi\u1ec5n ph\u00ed m\u1ed7i n\u0103m. L\u00ean k\u1ebf ho\u1ea1ch s\u1edbm, ch\u1ecdn t\u1eeb h\u01a1n 1.300 kh\u00e1ch s\u1ea1n v\u00e0 nh\u1eadn ngay \u01b0u \u0111\u00e3i t\u1ed1t nh\u1ea5t kh\u1eafp Ch\u00e2u \u00c1 \u2013 Th\u00e1i B\u00ecnh D\u01b0\u01a1ng.\" \/>\n<meta property=\"og:url\" content=\"https:\/\/www.accorplus.com\/vn\/vi\/hotel-benefits\/stay-plus-benefit\/\" \/>\n<meta property=\"og:site_name\" content=\"ALL Accor+ Explorer Vietnam\" \/>\n<meta property=\"article:modified_time\" content=\"2025-10-06T07:06:51+00:00\" \/>\n<meta property=\"og:image\" content=\"https:\/\/accorcdn.com\/wp-content\/uploads\/sites\/15\/2025\/07\/25172610\/benefits-transition.jpg\" \/>\n\t<meta property=\"og:image:width\" content=\"2048\" \/>\n\t<meta property=\"og:image:height\" content=\"1366\" \/>\n\t<meta property=\"og:image:type\" content=\"image\/jpeg\" \/>\n<meta name=\"twitter:card\" content=\"summary_large_image\" \/>\n<meta name=\"twitter:label1\" content=\"Est. reading time\" \/>\n\t<meta name=\"twitter:data1\" content=\"3 minutes\" \/>\n<script type=\"application\/ld+json\" class=\"yoast-schema-graph\">{\"@context\":\"https:\/\/schema.org\",\"@graph\":[{\"@type\":\"WebPage\",\"@id\":\"https:\/\/www.accorplus.com\/vn\/vi\/hotel-benefits\/stay-plus-benefit\/\",\"url\":\"https:\/\/www.accorplus.com\/vn\/vi\/hotel-benefits\/stay-plus-benefit\/\",\"name\":\"Quy\u1ec1n l\u1ee3i Stay Plus - ALL Accor+ Explorer Vietnam\",\"isPartOf\":{\"@id\":\"https:\/\/www.accorplus.com\/vn\/#website\"},\"primaryImageOfPage\":{\"@id\":\"https:\/\/www.accorplus.com\/vn\/vi\/hotel-benefits\/stay-plus-benefit\/#primaryimage\"},\"image\":{\"@id\":\"https:\/\/www.accorplus.com\/vn\/vi\/hotel-benefits\/stay-plus-benefit\/#primaryimage\"},\"thumbnailUrl\":\"https:\/\/etqk82p44vf.exactdn.com\/wp-content\/uploads\/sites\/15\/2025\/07\/25172610\/benefits-transition.jpg?strip=all&sharp=1\",\"datePublished\":\"2025-09-29T23:25:53+00:00\",\"dateModified\":\"2025-10-06T07:06:51+00:00\",\"description\":\"H\u1ed9i vi\u00ean ALL Accor+ Explorer nh\u1eadn hai \u0111\u00eam Stay Plus mi\u1ec5n ph\u00ed m\u1ed7i n\u0103m. L\u00ean k\u1ebf ho\u1ea1ch s\u1edbm, ch\u1ecdn t\u1eeb h\u01a1n 1.300 kh\u00e1ch s\u1ea1n v\u00e0 nh\u1eadn ngay \u01b0u \u0111\u00e3i t\u1ed1t nh\u1ea5t kh\u1eafp Ch\u00e2u \u00c1 \u2013 Th\u00e1i B\u00ecnh D\u01b0\u01a1ng.\",\"breadcrumb\":{\"@id\":\"https:\/\/www.accorplus.com\/vn\/vi\/hotel-benefits\/stay-plus-benefit\/#breadcrumb\"},\"inLanguage\":\"vi-VN\",\"potentialAction\":[{\"@type\":\"ReadAction\",\"target\":[\"https:\/\/www.accorplus.com\/vn\/vi\/hotel-benefits\/stay-plus-benefit\/\"]}]},{\"@type\":\"ImageObject\",\"inLanguage\":\"vi-VN\",\"@id\":\"https:\/\/www.accorplus.com\/vn\/vi\/hotel-benefits\/stay-plus-benefit\/#primaryimage\",\"url\":\"https:\/\/etqk82p44vf.exactdn.com\/wp-content\/uploads\/sites\/15\/2025\/07\/25172610\/benefits-transition.jpg?strip=all&sharp=1\",\"contentUrl\":\"https:\/\/etqk82p44vf.exactdn.com\/wp-content\/uploads\/sites\/15\/2025\/07\/25172610\/benefits-transition.jpg?strip=all&sharp=1\",\"width\":2048,\"height\":1366},{\"@type\":\"BreadcrumbList\",\"@id\":\"https:\/\/www.accorplus.com\/vn\/vi\/hotel-benefits\/stay-plus-benefit\/#breadcrumb\",\"itemListElement\":[{\"@type\":\"ListItem\",\"position\":1,\"name\":\"ALL Accor+ Explorer\",\"item\":\"https:\/\/www.accorplus.com\/vn\/vi\/home-launch\/\"},{\"@type\":\"ListItem\",\"position\":2,\"name\":\"Quy\u1ec1n l\u1ee3i Kh\u00e1ch s\u1ea1n\",\"item\":\"https:\/\/www.accorplus.com\/vn\/vi\/hotel-benefits\/\"},{\"@type\":\"ListItem\",\"position\":3,\"name\":\"Quy\u1ec1n l\u1ee3i Stay Plus\"}]},{\"@type\":\"WebSite\",\"@id\":\"https:\/\/www.accorplus.com\/vn\/#website\",\"url\":\"https:\/\/www.accorplus.com\/vn\/\",\"name\":\"ALL Accor+ Explorer Vietnam\",\"description\":\"Experience More\",\"potentialAction\":[{\"@type\":\"SearchAction\",\"target\":{\"@type\":\"EntryPoint\",\"urlTemplate\":\"https:\/\/www.accorplus.com\/vn\/?s={search_term_string}\"},\"query-input\":{\"@type\":\"PropertyValueSpecification\",\"valueRequired\":true,\"valueName\":\"search_term_string\"}}],\"inLanguage\":\"vi-VN\"}]}<\/script>\n<!-- \/ Yoast SEO Premium plugin. -->","yoast_head_json":{"title":"Quy\u1ec1n l\u1ee3i Stay Plus - ALL Accor+ Explorer Vietnam","description":"H\u1ed9i vi\u00ean ALL Accor+ Explorer nh\u1eadn hai \u0111\u00eam Stay Plus mi\u1ec5n ph\u00ed m\u1ed7i n\u0103m. L\u00ean k\u1ebf ho\u1ea1ch s\u1edbm, ch\u1ecdn t\u1eeb h\u01a1n 1.300 kh\u00e1ch s\u1ea1n v\u00e0 nh\u1eadn ngay \u01b0u \u0111\u00e3i t\u1ed1t nh\u1ea5t kh\u1eafp Ch\u00e2u \u00c1 \u2013 Th\u00e1i B\u00ecnh D\u01b0\u01a1ng.","robots":{"index":"index","follow":"follow","max-snippet":"max-snippet:-1","max-image-preview":"max-image-preview:large","max-video-preview":"max-video-preview:-1"},"canonical":"https:\/\/www.accorplus.com\/vn\/vi\/hotel-benefits\/stay-plus-benefit\/","og_locale":"vi_VN","og_type":"article","og_title":"Quy\u1ec1n l\u1ee3i Stay Plus","og_description":"H\u1ed9i vi\u00ean ALL Accor+ Explorer nh\u1eadn hai \u0111\u00eam Stay Plus mi\u1ec5n ph\u00ed m\u1ed7i n\u0103m. L\u00ean k\u1ebf ho\u1ea1ch s\u1edbm, ch\u1ecdn t\u1eeb h\u01a1n 1.300 kh\u00e1ch s\u1ea1n v\u00e0 nh\u1eadn ngay \u01b0u \u0111\u00e3i t\u1ed1t nh\u1ea5t kh\u1eafp Ch\u00e2u \u00c1 \u2013 Th\u00e1i B\u00ecnh D\u01b0\u01a1ng.","og_url":"https:\/\/www.accorplus.com\/vn\/vi\/hotel-benefits\/stay-plus-benefit\/","og_site_name":"ALL Accor+ Explorer Vietnam","article_modified_time":"2025-10-06T07:06:51+00:00","og_image":[{"width":2048,"height":1366,"url":"https:\/\/accorcdn.com\/wp-content\/uploads\/sites\/15\/2025\/07\/25172610\/benefits-transition.jpg","type":"image\/jpeg"}],"twitter_card":"summary_large_image","twitter_misc":{"Est. reading time":"3 minutes"},"schema":{"@context":"https:\/\/schema.org","@graph":[{"@type":"WebPage","@id":"https:\/\/www.accorplus.com\/vn\/vi\/hotel-benefits\/stay-plus-benefit\/","url":"https:\/\/www.accorplus.com\/vn\/vi\/hotel-benefits\/stay-plus-benefit\/","name":"Quy\u1ec1n l\u1ee3i Stay Plus - ALL Accor+ Explorer Vietnam","isPartOf":{"@id":"https:\/\/www.accorplus.com\/vn\/#website"},"primaryImageOfPage":{"@id":"https:\/\/www.accorplus.com\/vn\/vi\/hotel-benefits\/stay-plus-benefit\/#primaryimage"},"image":{"@id":"https:\/\/www.accorplus.com\/vn\/vi\/hotel-benefits\/stay-plus-benefit\/#primaryimage"},"thumbnailUrl":"https:\/\/etqk82p44vf.exactdn.com\/wp-content\/uploads\/sites\/15\/2025\/07\/25172610\/benefits-transition.jpg?strip=all&sharp=1","datePublished":"2025-09-29T23:25:53+00:00","dateModified":"2025-10-06T07:06:51+00:00","description":"H\u1ed9i vi\u00ean ALL Accor+ Explorer nh\u1eadn hai \u0111\u00eam Stay Plus mi\u1ec5n ph\u00ed m\u1ed7i n\u0103m. L\u00ean k\u1ebf ho\u1ea1ch s\u1edbm, ch\u1ecdn t\u1eeb h\u01a1n 1.300 kh\u00e1ch s\u1ea1n v\u00e0 nh\u1eadn ngay \u01b0u \u0111\u00e3i t\u1ed1t nh\u1ea5t kh\u1eafp Ch\u00e2u \u00c1 \u2013 Th\u00e1i B\u00ecnh D\u01b0\u01a1ng.","breadcrumb":{"@id":"https:\/\/www.accorplus.com\/vn\/vi\/hotel-benefits\/stay-plus-benefit\/#breadcrumb"},"inLanguage":"vi-VN","potentialAction":[{"@type":"ReadAction","target":["https:\/\/www.accorplus.com\/vn\/vi\/hotel-benefits\/stay-plus-benefit\/"]}]},{"@type":"ImageObject","inLanguage":"vi-VN","@id":"https:\/\/www.accorplus.com\/vn\/vi\/hotel-benefits\/stay-plus-benefit\/#primaryimage","url":"https:\/\/etqk82p44vf.exactdn.com\/wp-content\/uploads\/sites\/15\/2025\/07\/25172610\/benefits-transition.jpg?strip=all&sharp=1","contentUrl":"https:\/\/etqk82p44vf.exactdn.com\/wp-content\/uploads\/sites\/15\/2025\/07\/25172610\/benefits-transition.jpg?strip=all&sharp=1","width":2048,"height":1366},{"@type":"BreadcrumbList","@id":"https:\/\/www.accorplus.com\/vn\/vi\/hotel-benefits\/stay-plus-benefit\/#breadcrumb","itemListElement":[{"@type":"ListItem","position":1,"name":"ALL Accor+ Explorer","item":"https:\/\/www.accorplus.com\/vn\/vi\/home-launch\/"},{"@type":"ListItem","position":2,"name":"Quy\u1ec1n l\u1ee3i Kh\u00e1ch s\u1ea1n","item":"https:\/\/www.accorplus.com\/vn\/vi\/hotel-benefits\/"},{"@type":"ListItem","position":3,"name":"Quy\u1ec1n l\u1ee3i Stay Plus"}]},{"@type":"WebSite","@id":"https:\/\/www.accorplus.com\/vn\/#website","url":"https:\/\/www.accorplus.com\/vn\/","name":"ALL Accor+ Explorer Vietnam","description":"Experience More","potentialAction":[{"@type":"SearchAction","target":{"@type":"EntryPoint","urlTemplate":"https:\/\/www.accorplus.com\/vn\/?s={search_term_string}"},"query-input":{"@type":"PropertyValueSpecification","valueRequired":true,"valueName":"search_term_string"}}],"inLanguage":"vi-VN"}]}},"_links":{"self":[{"href":"https:\/\/www.accorplus.com\/vn\/vi\/wp-json\/wp\/v2\/pages\/92585","targetHints":{"allow":["GET"]}}],"collection":[{"href":"https:\/\/www.accorplus.com\/vn\/vi\/wp-json\/wp\/v2\/pages"}],"about":[{"href":"https:\/\/www.accorplus.com\/vn\/vi\/wp-json\/wp\/v2\/types\/page"}],"author":[{"embeddable":true,"href":"https:\/\/www.accorplus.com\/vn\/vi\/wp-json\/wp\/v2\/users\/37"}],"replies":[{"embeddable":true,"href":"https:\/\/www.accorplus.com\/vn\/vi\/wp-json\/wp\/v2\/comments?post=92585"}],"version-history":[{"count":4,"href":"https:\/\/www.accorplus.com\/vn\/vi\/wp-json\/wp\/v2\/pages\/92585\/revisions"}],"predecessor-version":[{"id":93110,"href":"https:\/\/www.accorplus.com\/vn\/vi\/wp-json\/wp\/v2\/pages\/92585\/revisions\/93110"}],"up":[{"embeddable":true,"href":"https:\/\/www.accorplus.com\/vn\/vi\/wp-json\/wp\/v2\/pages\/92670"}],"wp:featuredmedia":[{"embeddable":true,"href":"https:\/\/www.accorplus.com\/vn\/vi\/wp-json\/wp\/v2\/media\/89498"}],"wp:attachment":[{"href":"https:\/\/www.accorplus.com\/vn\/vi\/wp-json\/wp\/v2\/media?parent=92585"}],"curies":[{"name":"wp","href":"https:\/\/api.w.org\/{rel}","templated":true}]}}