{"id":92548,"date":"2025-09-24T18:19:07","date_gmt":"2025-09-24T10:19:07","guid":{"rendered":"https:\/\/www.accorplus.com\/vn\/?page_id=92548"},"modified":"2025-09-30T13:13:25","modified_gmt":"2025-09-30T05:13:25","slug":"about","status":"publish","type":"page","link":"https:\/\/www.accorplus.com\/vn\/vi\/about\/","title":{"rendered":"V\u1ec1 ch\u00fang t\u00f4i"},"content":{"rendered":"\n<div class=\"module mod-page-header theme-default theme-dark no-padding no-border\" data-autoload-module=\"page-header\" data-content-change=\"\">\n    <div class=\"logged-out\">\n                    \n    <div class=\"component-image\" data-autoload-component=\"image\">\n                    <div class=\"image lazy-image\"\n                 data-src=\"https:\/\/etqk82p44vf.exactdn.com\/wp-content\/uploads\/sites\/15\/2025\/07\/22152548\/transition-retail-hub-banner.jpg?strip=all&#038;sharp=1\"\n                 data-src-mobile=\"https:\/\/etqk82p44vf.exactdn.com\/wp-content\/uploads\/sites\/15\/2025\/07\/22152548\/transition-retail-hub-banner-900x600.jpg?strip=all&#038;sharp=1\">\n                    <div class=\"overlay\"><\/div>\n                    <\/div>\n            <\/div>\n        \n        <div class=\"grid-container\">\n            <div class=\"page-header-inner grid-x align-center align-middle\">\n                <div class=\"cell medium-10 text-center\">\n                    <h1 class=\"page-header-title large-hero-title\">V\u1ec1 ch\u00fang t\u00f4i<\/h1>\n                    <p class=\"page-header-content lead\"><\/p>\n\n                    \n                <\/div>\n            <\/div>\n        <\/div>\n    <\/div>\n\n    <div class=\"logged-in hide\">\n                    \n    <div class=\"component-image\" data-autoload-component=\"image\">\n                    <div class=\"image lazy-image\"\n                 data-src=\"https:\/\/etqk82p44vf.exactdn.com\/wp-content\/uploads\/sites\/15\/2025\/07\/22152548\/transition-retail-hub-banner.jpg?strip=all&#038;sharp=1\"\n                 data-src-mobile=\"https:\/\/etqk82p44vf.exactdn.com\/wp-content\/uploads\/sites\/15\/2025\/07\/22152548\/transition-retail-hub-banner-900x600.jpg?strip=all&#038;sharp=1\">\n                    <div class=\"overlay\"><\/div>\n                    <\/div>\n            <\/div>\n        \n        <div class=\"grid-container\">\n            <div class=\"page-header-inner grid-x align-center align-middle\">\n                <div class=\"cell text-center\">\n                                            <h1 class=\"page-header-title large-hero-title\"><\/h1>\n                    \n                                            <p class=\"page-header-content lead\"><\/p>\n                    \n                    \n                <\/div>\n            <\/div>\n        <\/div>\n    <\/div>\n\n    \n    <div class=\"logged-in-all hide\">\n                    \n    <div class=\"component-image\" data-autoload-component=\"image\">\n                    <div class=\"image lazy-image\"\n                 data-src=\"https:\/\/etqk82p44vf.exactdn.com\/wp-content\/uploads\/sites\/15\/2025\/07\/22152548\/transition-retail-hub-banner.jpg?strip=all&#038;sharp=1\"\n                 data-src-mobile=\"https:\/\/etqk82p44vf.exactdn.com\/wp-content\/uploads\/sites\/15\/2025\/07\/22152548\/transition-retail-hub-banner-900x600.jpg?strip=all&#038;sharp=1\">\n                    <div class=\"overlay\"><\/div>\n                    <\/div>\n            <\/div>\n        \n        <div class=\"grid-container\">\n            <div class=\"page-header-inner grid-x align-center align-middle\">\n                <div class=\"cell text-center\">\n                    <h1 class=\"page-header-title large-hero-title\"><\/h1>\n                    <p class=\"page-header-content lead\"><\/p>\n\n                    <div class=\"banner-buttons button-group button-group-margin-top-small align-center\">\n\n                    <a href=\" https:\/\/checkout.accorplus.com\/product\/vn-explorer\" class=\"button theme-primary\" target=\"\" data-autoload-component=\"button\">\n                        <span><svg width=\"20\" height=\"20\" viewBox=\"0 0 20 20\" xmlns=\"http:\/\/www.w3.org\/2000\/svg\" class=\"icon\"><path d=\"M17.42 10l-6.951-6.95-1.326 1.325 4.687 4.688H2.97v1.874H13.83l-4.687 4.688 1.326 1.326L17.419 10z\"><\/path><\/svg><\/span>\n                    <\/a>\n                    <\/div>\n                <\/div>\n            <\/div>\n        <\/div>\n    <\/div>\n<\/div>\n<div class=\"grid-container\">\n    <div class=\"grid-x align-middle\">\n        <div class=\"small-12 medium-8\">\n        <p id=\"breadcrumbs\" class=\"page-header-breadcrumbs small-label\"><span><span><a href=\"https:\/\/www.accorplus.com\/vn\/vi\/home-launch\/\">ALL Accor+ Explorer<\/a><\/span><\/span><\/p>        <\/div>\n        <div class=\"small-12 medium-4\">\n        \n    <div data-autoload-component=\"social-share\" class=\"component component-social-share flex-container align-middle\">\n        <div class=\"shares\">\n                            <a\n                    class='share-button-wrapper'\n                    id=\"facebook\"\n                    href=\"https:\/\/facebook.com\/sharer\/sharer.php?u=https%3A%2F%2Fwww.accorplus.com%2Fvn%2Fvi%2Fabout%2F\"\n                    target='_blank'\n                    rel='nofollow noopener'\n                    aria-label='Share on Facebook'\n                  >\n            \t    <svg class=\"icon\"><\/svg>                  <\/a>\n                          <\/div>\n    <\/div>\n        <\/div>\n    <\/div>\n<\/div>\n\n\n\n<div class=\"module mod-text theme-default\" data-autoload-module=\"text\">\n  <div class=\"grid-container\">\n    <div class=\"grid-x grid-margin-x\">\n      <div class=\"cell large-12\">\n        <div class=\"rte\">\n          <h2>Accor Plus: Ti\u00ean Phong Thi\u1ebft L\u1eadp Chu\u1ea9n M\u1ef1c Ch\u01b0\u01a1ng Tr\u00ecnh H\u1ed9i Vi\u00ean Du L\u1ecbch<\/h2>\n<p>Accor Plus l\u00e0 ch\u01b0\u01a1ng tr\u00ecnh h\u1ed9i vi\u00ean tr\u1ea3 ph\u00ed c\u1ee7a t\u1eadp \u0111o\u00e0n Accor, \u0111\u01b0\u1ee3c th\u00e0nh l\u1eadp t\u1ea1i Sydney v\u00e0o n\u0103m 1994, v\u00e0 \u0111\u00e3 d\u1eabn \u0111\u1ea7u l\u0129nh v\u1ef1c n\u00e0y t\u1ea1i khu v\u1ef1c Ch\u00e2u \u00c1 \u2013 Th\u00e1i B\u00ecnh D\u01b0\u01a1ng h\u01a1n 30 n\u0103m qua, mang \u0111\u1ebfn nh\u1eefng gi\u00e1 tr\u1ecb v\u00e0 tr\u1ea3i nghi\u1ec7m \u0111\u1ed9c quy\u1ec1n cho h\u01a1n 450,000 h\u1ed9i vi\u00ean t\u1ea1i 20 qu\u1ed1c gia. L\u00e0 c\u00f4ng ty con s\u1edf h\u1eefu 100% b\u1edfi Accor, Accor Plus ph\u00e1t tri\u1ec3n, kinh doanh v\u00e0 qu\u1ea3n l\u00fd c\u00e1c g\u00f3i \u0111\u0103ng k\u00fd h\u1ed9i vi\u00ean, bao g\u1ed3m s\u1ea3n ph\u1ea9m cao c\u1ea5p ALL Accor+ Explorer. H\u1ed9i vi\u00ean \u0111\u01b0\u1ee3c h\u01b0\u1edfng \u01b0u \u0111\u00e3i ti\u1ebft ki\u1ec7m tr\u00ean to\u00e0n c\u1ea7u v\u1edbi danh m\u1ee5c th\u01b0\u01a1ng hi\u1ec7u kh\u00e1ch s\u1ea1n c\u1ee7a Accor, nh\u1eadn h\u1ea1ng Gold tr\u1edf l\u00ean trong ALL Accor c\u00f9ng nhi\u1ec1u \u0111\u1eb7c quy\u1ec1n nh\u01b0 \u0111\u00eam ngh\u1ec9 mi\u1ec5n ph\u00ed, \u01b0u \u0111\u00e3i \u1ea9m th\u1ef1c v\u00e0 nhi\u1ec1u quy\u1ec1n l\u1ee3i kh\u00e1c gi\u00fap m\u1ed7i k\u1ef3 ngh\u1ec9 tr\u1edf n\u00ean \u0111\u1eb7c bi\u1ec7t h\u01a1n bao gi\u1edd h\u1ebft.<\/p>\n<p>S\u1ee9 m\u1ec7nh c\u1ee7a ch\u00fang t\u00f4i: Tr\u1edf th\u00e0nh ch\u01b0\u01a1ng tr\u00ecnh \u0111\u01b0\u1ee3c h\u1ed9i vi\u00ean v\u00e0 \u0111\u1ed1i t\u00e1c y\u00eau th\u00edch nh\u1ea5t, \u0111\u1ed3ng th\u1eddi truy\u1ec1n c\u1ea3m h\u1ee9ng cho \u0111\u1ed9i ng\u0169 nh\u00e2n vi\u00ean l\u00e0m vi\u1ec7c b\u1eb1ng c\u1ea3 tr\u00e1i tim (Heartist) c\u1ee7a ch\u00fang t\u00f4i tr\u00ean t\u1eebng ch\u1eb7ng \u0111\u01b0\u1eddng. V\u1edbi c\u00e1c kh\u00e1ch s\u1ea1n v\u00e0 \u0111\u1ed1i t\u00e1c kinh doanh, ALL Accor+ l\u00e0 n\u1ec1n t\u1ea3ng cao c\u1ea5p gi\u00fap ti\u1ebfp c\u1eadn v\u1edbi kh\u00e1ch h\u00e0ng ti\u1ec1m n\u0103ng, gia t\u0103ng doanh thu v\u00e0 c\u1ee7ng c\u1ed1 l\u00f2ng trung th\u00e0nh.<br \/>\n&nbsp;<br \/>\n<a class=\"cta\" href=\"https:\/\/www.accorplus.com\/vn\/vi\/news\">Kh\u00e1m ph\u00e1 nh\u1eefng \u0111i\u1ec1u m\u1edbi nh\u1ea5t t\u1eeb ALL Accor+<\/a><\/p>\n<p>&nbsp;<\/p>\n<h2>ALL Accor+ Explorer: M\u1edf Ra Nh\u1eefng Ch\u00e2n Tr\u1eddi M\u1edbi<\/h2>\n<p>ALL Accor+ Explorer l\u00e0 ch\u01b0\u01a1ng tr\u00ecnh h\u1ed9i vi\u00ean cao c\u1ea5p trong d\u00f2ng s\u1ea3n ph\u1ea9m h\u1ed9i vi\u00ean th\u00e2n thi\u1ebft to\u00e0n c\u1ea7u c\u1ee7a Accor, \u0111\u01b0\u1ee3c t\u00edch h\u1ee3p ho\u00e0n to\u00e0n trong h\u1ec7 sinh th\u00e1i ALL. \u0110\u01b0\u1ee3c thi\u1ebft k\u1ebf cho nh\u1eefng du kh\u00e1ch am hi\u1ec3u v\u00e0 \u01b0a kh\u00e1m ph\u00e1, ALL Accor+ Explorer m\u1edf ra c\u00e1nh c\u1eeda ti\u1ebfp c\u1eadn c\u00e1c \u0111i\u1ec3m \u0111\u1ebfn ch\u1ecdn l\u1ecdc, \u0111\u1eb7c quy\u1ec1n n\u1ed9i b\u1ed9, v\u00e0 tr\u1ea3i nghi\u1ec7m t\u1ea1i c\u00e1c b\u1ed9 s\u01b0u t\u1eadp kh\u00e1ch s\u1ea1n mang t\u00ednh bi\u1ec3u t\u01b0\u1ee3ng nh\u01b0 Raffles, Fairmont, Sofitel, M\u00f6venpick, Novotel, Pullman, ibis v\u00e0 nhi\u1ec1u h\u01a1n n\u1eefa. H\u1ed9i vi\u00ean \u0111\u01b0\u1ee3c t\u1eadn h\u01b0\u1edfng \u0111\u00eam ngh\u1ec9 mi\u1ec5n ph\u00ed, \u01b0u \u0111\u00e3i \u1ea9m th\u1ef1c v\u01b0\u1ee3t tr\u1ed9i v\u00e0 c\u00e1c s\u1ef1 ki\u1ec7n h\u1ed9i vi\u00ean \u0111\u1eb7c bi\u1ec7t kh\u1eafp Ch\u00e2u \u00c1 \u2013 Th\u00e1i B\u00ecnh D\u01b0\u01a1ng. Ngo\u00e0i ra, c\u00f2n c\u00f3 \u0111\u1eb7c quy\u1ec1n h\u1ea1ng h\u1ed9i vi\u00ean ALL Accor cao c\u1ea5p v\u00e0 \u01b0u \u0111\u00e3i gi\u1ea3m gi\u00e1 ph\u00f2ng c\u00f4ng b\u1ed1 quanh n\u0103m t\u1ea1i h\u01a1n 4,500 kh\u00e1ch s\u1ea1n Accor tr\u00ean to\u00e0n c\u1ea7u.<br \/>\n&nbsp;<br \/>\n <a href=\"http:\/\/www.accorplus.com\/vn\/vi\" class=\"cta\" >B\u1eaft \u0111\u1ea7u h\u00e0nh tr\u00ecnh ti\u1ebfp theo c\u1ee7a b\u1ea1n v\u1edbi ALL Accor+<\/a><\/p>\n<p>&nbsp;<\/p>\n<h2>Accor: Ti\u00ean Phong Trong Ng\u00e0nh Kh\u00e1ch S\u1ea1n B\u1ec1n V\u1eefng To\u00e0n C\u1ea7u<\/h2>\n<p>Accor l\u00e0 t\u1eadp \u0111o\u00e0n kh\u00e1ch s\u1ea1n h\u00e0ng \u0111\u1ea7u th\u1ebf gi\u1edbi, hi\u1ec7n di\u1ec7n t\u1ea1i h\u01a1n 110 qu\u1ed1c gia v\u00e0 s\u1edf h\u1eefu h\u01a1n 45 th\u01b0\u01a1ng hi\u1ec7u kh\u00e1ch s\u1ea1n mang t\u00ednh bi\u1ec3u t\u01b0\u1ee3ng, t\u1eeb cao c\u1ea5p \u0111\u1ebfn b\u00ecnh d\u00e2n. Kh\u00f4ng ch\u1ec9 l\u00e0 n\u01a1i l\u01b0u tr\u00fa, Accor ki\u1ebfn t\u1ea1o nh\u1eefng tr\u1ea3i nghi\u1ec7m g\u1eafn li\u1ec1n v\u1edbi m\u1ee5c \u0111\u00edch, th\u00fac \u0111\u1ea9y du l\u1ecbch c\u00f3 tr\u00e1ch nhi\u1ec7m, \u0111a d\u1ea1ng v\u0103n h\u00f3a, ph\u00e1t tri\u1ec3n b\u1ec1n v\u1eefng v\u00e0 g\u1eafn k\u1ebft con ng\u01b0\u1eddi. K\u1ec3 t\u1eeb n\u0103m 1967, Accor \u0111\u00e3 t\u00e1i \u0111\u1ecbnh ngh\u0129a kh\u00e1i ni\u1ec7m kh\u00e1ch s\u1ea1n, thi\u1ebft l\u1eadp nh\u1eefng chu\u1ea9n m\u1ef1c m\u1edbi v\u00e0 t\u1ea1o t\u00e1c \u0111\u1ed9ng t\u00edch c\u1ef1c tr\u00ean to\u00e0n c\u1ea7u. Tr\u1ecdng t\u00e2m c\u1ee7a Accor l\u00e0 h\u1ec7 sinh th\u00e1i kh\u00e1ch h\u00e0ng th\u00e2n thi\u1ebft n\u0103ng \u0111\u1ed9ng, \u0111\u01b0\u1ee3c x\u00e2y d\u1ef1ng ph\u00f9 h\u1ee3p v\u1edbi du kh\u00e1ch th\u1eddi nay. T\u1eeb ph\u1ea7n th\u01b0\u1edfng truy\u1ec1n c\u1ea3m h\u1ee9ng v\u00e0 s\u1ef1 ghi nh\u1eadn c\u00e1 nh\u00e2n h\u00f3a v\u1edbi ALL Accor, \u0111\u1ebfn c\u00e1c \u0111\u1eb7c quy\u1ec1n h\u1ed9i vi\u00ean \u0111\u1ed9c quy\u1ec1n v\u1edbi ALL Accor+, Accor lu\u00f4n \u0111\u1ed3ng h\u00e0nh c\u00f9ng du kh\u00e1ch tr\u00ean m\u1ecdi ch\u1eb7ng \u0111\u01b0\u1eddng.<\/p>\n<p><a class=\"cta\" href=\"https:\/\/group.accor.com\/en\">Tr\u1ea3i nghi\u1ec7m l\u00f2ng hi\u1ebfu kh\u00e1ch t\u1eadn t\u00e2m<\/a><\/p>\n<p>&nbsp;<\/p>\n<h2>H\u1ee3p t\u00e1c c\u00f9ng Ch\u00fang t\u00f4i: N\u00e2ng T\u1ea7m Th\u01b0\u01a1ng Hi\u1ec7u, Chinh Ph\u1ee5c Kh\u00e1ch H\u00e0ng<\/h2>\n<p>Accor Plus h\u1ee3p t\u00e1c c\u00f9ng nh\u1eefng th\u01b0\u01a1ng hi\u1ec7u h\u00e0ng \u0111\u1ea7u, bao g\u1ed3m American Express v\u00e0 Qantas Airways, \u0111\u1ec3 mang \u0111\u1ebfn gi\u00e1 tr\u1ecb kh\u00e1c bi\u1ec7t v\u00e0 tr\u1ea3i nghi\u1ec7m \u0111\u1ed9c \u0111\u00e1o cho kh\u00e1ch h\u00e0ng th\u00f4ng qua vi\u1ec7c t\u00edch h\u1ee3p c\u00e1c \u0111\u1eb7c quy\u1ec1n du l\u1ecbch cao c\u1ea5p v\u00e0 l\u1ee3i \u00edch phong c\u00e1ch s\u1ed1ng v\u00e0o h\u1ec7 th\u1ed1ng quy\u1ec1n l\u1ee3i c\u1ee7a h\u1ecd. H\u1ee3p t\u00e1c c\u00f9ng Accor Plus gi\u00fap doanh nghi\u1ec7p c\u1ee7ng c\u1ed1 l\u00f2ng trung th\u00e0nh c\u1ee7a kh\u00e1ch h\u00e0ng, n\u00e2ng cao h\u00ecnh \u1ea3nh th\u01b0\u01a1ng hi\u1ec7u v\u00e0 th\u00fac \u0111\u1ea9y s\u1ef1 t\u0103ng tr\u01b0\u1edfng b\u1ec1n v\u1eefng v\u1ec1 m\u1ee9c \u0111\u1ed9 g\u1eafn k\u1ebft c\u0169ng nh\u01b0 gi\u00e1 tr\u1ecb tr\u1ecdn \u0111\u1eddi. V\u1edbi h\u01a1n 30 n\u0103m kinh nghi\u1ec7m trong l\u0129nh v\u1ef1c ch\u01b0\u01a1ng tr\u00ecnh h\u1ed9i vi\u00ean tr\u1ea3 ph\u00ed, Accor Plus l\u00e0 n\u1ec1n t\u1ea3ng \u0111\u00e3 \u0111\u01b0\u1ee3c ch\u1ee9ng minh \u0111\u1ec3 c\u00e1c th\u01b0\u01a1ng hi\u1ec7u g\u1eedi trao gi\u00e1 tr\u1ecb th\u1ef1c s\u1ef1.<\/p>\n<p><a class=\"cta\" href=\"https:\/\/www.accorplus.com\/vn\/vi\/partner-with-accor-plus\/\">Li\u00ean h\u1ec7 \u0111\u1ec3 h\u1ee3p t\u00e1c v\u1edbi ch\u00fang t\u00f4i<\/a><\/p>\n<p>&nbsp;<\/p>\n<h2>C\u01a1 h\u1ed9i ngh\u1ec1 nghi\u1ec7p t\u1ea1i Accor Plus: N\u01a1i \u0110am M\u00ea G\u1eb7p G\u1ee1 C\u01a1 H\u1ed9i<\/h2>\n<p>T\u1ea1i Accor Plus, ch\u00fang t\u00f4i kh\u00f4ng ch\u1ec9 l\u00e0 doanh nghi\u1ec7p v\u1ec1 ch\u01b0\u01a1ng tr\u00ecnh h\u1ed9i vi\u00ean th\u00e2n thi\u1ebft trong du l\u1ecbch, m\u00e0ch\u00fang t\u00f4i c\u00f2n l\u00e0 m\u1ed9t \u0111\u1ed9i ng\u0169 n\u0103ng \u0111\u1ed9ng, s\u00e1ng t\u1ea1o, \u0111\u01b0\u1ee3c th\u00fac \u0111\u1ea9y b\u1edfi ni\u1ec1m \u0111am m\u00ea v\u00e0 tinh th\u1ea7n kh\u00e1m ph\u00e1. V\u1edbi s\u1ef1 hi\u1ec7n di\u1ec7n t\u1ea1i 20 qu\u1ed1c gia thu\u1ed9c khu v\u1ef1c Ch\u00e2u \u00c1 \u2013 Th\u00e1i B\u00ecnh D\u01b0\u01a1ng, ch\u00fang t\u00f4i mang \u0111\u1ebfn nhi\u1ec1u c\u01a1 h\u1ed9i ngh\u1ec1 nghi\u1ec7p h\u1ea5p d\u1eabn trong l\u0129nh v\u1ef1c b\u00e1n h\u00e0ng, marketing, ch\u0103m s\u00f3c h\u1ed9i vi\u00ean, t\u00e0i ch\u00ednh, c\u00f4ng ngh\u1ec7 v\u00e0 v\u1eadn h\u00e0nh. N\u1ebfu b\u1ea1n \u0111\u01b0\u1ee3c truy\u1ec1n c\u1ea3m h\u1ee9ng b\u1edfi s\u1ef1 \u0111\u1ed5i m\u1edbi, l\u1ea7y kh\u00e1ch h\u00e0ng l\u00e0m trung t\u00e2m v\u00e0 s\u1eb5n s\u00e0ng ki\u1ebfn t\u1ea1o t\u01b0\u01a1ng lai c\u1ee7a l\u0129nh v\u1ef1c h\u1ed9i vi\u00ean th\u00e2n thi\u1ebft, h\u00e3y c\u00f9ng ch\u00fang t\u00f4i x\u00e2y d\u1ef1ng s\u1ef1 nghi\u1ec7p \u0111\u1ea7y h\u1ee9ng kh\u1edfi.<\/p>\n<p><a class=\"cta\" href=\"https:\/\/careers.accor.com\/global\/en\/\">Kh\u00e1m ph\u00e1 c\u01a1 h\u1ed9i ngh\u1ec1 nghi\u1ec7p<\/a><\/p>\n        <\/div>\n      <\/div>\n    <\/div>\n  <\/div>\n<\/div>\n","protected":false},"excerpt":{"rendered":"","protected":false},"author":37,"featured_media":89240,"parent":0,"menu_order":0,"comment_status":"closed","ping_status":"closed","template":"","meta":{"_acf_changed":false,"footnotes":""},"class_list":["post-92548","page","type-page","status-publish","has-post-thumbnail","hentry"],"acf":[],"yoast_head":"<!-- This site is optimized with the Yoast SEO Premium plugin v24.4 (Yoast SEO v27.1.1) - https:\/\/yoast.com\/product\/yoast-seo-premium-wordpress\/ -->\n<title>V\u1ec1 ch\u00fang t\u00f4i - ALL Accor+ Explorer Vietnam<\/title>\n<meta name=\"description\" content=\"Discover the benefits of the Accor Plus membership. Dine more with discounts on drinks and food, and enjoy a number of exclusive events.\" \/>\n<meta name=\"robots\" content=\"index, follow, max-snippet:-1, max-image-preview:large, max-video-preview:-1\" \/>\n<link rel=\"canonical\" href=\"https:\/\/www.accorplus.com\/vn\/vi\/about\/\" \/>\n<meta property=\"og:locale\" content=\"vi_VN\" \/>\n<meta property=\"og:type\" content=\"article\" \/>\n<meta property=\"og:title\" content=\"V\u1ec1 ch\u00fang t\u00f4i\" \/>\n<meta property=\"og:description\" content=\"Discover the benefits of the Accor Plus membership. Dine more with discounts on drinks and food, and enjoy a number of exclusive events.\" \/>\n<meta property=\"og:url\" content=\"https:\/\/www.accorplus.com\/vn\/vi\/about\/\" \/>\n<meta property=\"og:site_name\" content=\"ALL Accor+ Explorer Vietnam\" \/>\n<meta property=\"article:modified_time\" content=\"2025-09-30T05:13:25+00:00\" \/>\n<meta property=\"og:image\" content=\"https:\/\/accorcdn.com\/wp-content\/uploads\/sites\/15\/2025\/07\/22152548\/transition-retail-hub-banner.jpg\" \/>\n\t<meta property=\"og:image:width\" content=\"2048\" \/>\n\t<meta property=\"og:image:height\" content=\"1366\" \/>\n\t<meta property=\"og:image:type\" content=\"image\/jpeg\" \/>\n<meta name=\"twitter:card\" content=\"summary_large_image\" \/>\n<meta name=\"twitter:label1\" content=\"Est. reading time\" \/>\n\t<meta name=\"twitter:data1\" content=\"5 minutes\" \/>\n<script type=\"application\/ld+json\" class=\"yoast-schema-graph\">{\"@context\":\"https:\/\/schema.org\",\"@graph\":[{\"@type\":\"WebPage\",\"@id\":\"https:\/\/www.accorplus.com\/vn\/vi\/about\/\",\"url\":\"https:\/\/www.accorplus.com\/vn\/vi\/about\/\",\"name\":\"V\u1ec1 ch\u00fang t\u00f4i - ALL Accor+ Explorer Vietnam\",\"isPartOf\":{\"@id\":\"https:\/\/www.accorplus.com\/vn\/#website\"},\"primaryImageOfPage\":{\"@id\":\"https:\/\/www.accorplus.com\/vn\/vi\/about\/#primaryimage\"},\"image\":{\"@id\":\"https:\/\/www.accorplus.com\/vn\/vi\/about\/#primaryimage\"},\"thumbnailUrl\":\"https:\/\/etqk82p44vf.exactdn.com\/wp-content\/uploads\/sites\/15\/2025\/07\/22152548\/transition-retail-hub-banner.jpg?strip=all&sharp=1\",\"datePublished\":\"2025-09-24T10:19:07+00:00\",\"dateModified\":\"2025-09-30T05:13:25+00:00\",\"description\":\"Discover the benefits of the Accor Plus membership. Dine more with discounts on drinks and food, and enjoy a number of exclusive events.\",\"breadcrumb\":{\"@id\":\"https:\/\/www.accorplus.com\/vn\/vi\/about\/#breadcrumb\"},\"inLanguage\":\"vi-VN\",\"potentialAction\":[{\"@type\":\"ReadAction\",\"target\":[\"https:\/\/www.accorplus.com\/vn\/vi\/about\/\"]}]},{\"@type\":\"ImageObject\",\"inLanguage\":\"vi-VN\",\"@id\":\"https:\/\/www.accorplus.com\/vn\/vi\/about\/#primaryimage\",\"url\":\"https:\/\/etqk82p44vf.exactdn.com\/wp-content\/uploads\/sites\/15\/2025\/07\/22152548\/transition-retail-hub-banner.jpg?strip=all&sharp=1\",\"contentUrl\":\"https:\/\/etqk82p44vf.exactdn.com\/wp-content\/uploads\/sites\/15\/2025\/07\/22152548\/transition-retail-hub-banner.jpg?strip=all&sharp=1\",\"width\":2048,\"height\":1366},{\"@type\":\"BreadcrumbList\",\"@id\":\"https:\/\/www.accorplus.com\/vn\/vi\/about\/#breadcrumb\",\"itemListElement\":[{\"@type\":\"ListItem\",\"position\":1,\"name\":\"ALL Accor+ Explorer\",\"item\":\"https:\/\/www.accorplus.com\/vn\/vi\/home-launch\/\"},{\"@type\":\"ListItem\",\"position\":2,\"name\":\"V\u1ec1 ch\u00fang t\u00f4i\"}]},{\"@type\":\"WebSite\",\"@id\":\"https:\/\/www.accorplus.com\/vn\/#website\",\"url\":\"https:\/\/www.accorplus.com\/vn\/\",\"name\":\"ALL Accor+ Explorer Vietnam\",\"description\":\"Experience More\",\"potentialAction\":[{\"@type\":\"SearchAction\",\"target\":{\"@type\":\"EntryPoint\",\"urlTemplate\":\"https:\/\/www.accorplus.com\/vn\/?s={search_term_string}\"},\"query-input\":{\"@type\":\"PropertyValueSpecification\",\"valueRequired\":true,\"valueName\":\"search_term_string\"}}],\"inLanguage\":\"vi-VN\"}]}<\/script>\n<!-- \/ Yoast SEO Premium plugin. -->","yoast_head_json":{"title":"V\u1ec1 ch\u00fang t\u00f4i - ALL Accor+ Explorer Vietnam","description":"Discover the benefits of the Accor Plus membership. Dine more with discounts on drinks and food, and enjoy a number of exclusive events.","robots":{"index":"index","follow":"follow","max-snippet":"max-snippet:-1","max-image-preview":"max-image-preview:large","max-video-preview":"max-video-preview:-1"},"canonical":"https:\/\/www.accorplus.com\/vn\/vi\/about\/","og_locale":"vi_VN","og_type":"article","og_title":"V\u1ec1 ch\u00fang t\u00f4i","og_description":"Discover the benefits of the Accor Plus membership. Dine more with discounts on drinks and food, and enjoy a number of exclusive events.","og_url":"https:\/\/www.accorplus.com\/vn\/vi\/about\/","og_site_name":"ALL Accor+ Explorer Vietnam","article_modified_time":"2025-09-30T05:13:25+00:00","og_image":[{"width":2048,"height":1366,"url":"https:\/\/accorcdn.com\/wp-content\/uploads\/sites\/15\/2025\/07\/22152548\/transition-retail-hub-banner.jpg","type":"image\/jpeg"}],"twitter_card":"summary_large_image","twitter_misc":{"Est. reading time":"5 minutes"},"schema":{"@context":"https:\/\/schema.org","@graph":[{"@type":"WebPage","@id":"https:\/\/www.accorplus.com\/vn\/vi\/about\/","url":"https:\/\/www.accorplus.com\/vn\/vi\/about\/","name":"V\u1ec1 ch\u00fang t\u00f4i - ALL Accor+ Explorer Vietnam","isPartOf":{"@id":"https:\/\/www.accorplus.com\/vn\/#website"},"primaryImageOfPage":{"@id":"https:\/\/www.accorplus.com\/vn\/vi\/about\/#primaryimage"},"image":{"@id":"https:\/\/www.accorplus.com\/vn\/vi\/about\/#primaryimage"},"thumbnailUrl":"https:\/\/etqk82p44vf.exactdn.com\/wp-content\/uploads\/sites\/15\/2025\/07\/22152548\/transition-retail-hub-banner.jpg?strip=all&sharp=1","datePublished":"2025-09-24T10:19:07+00:00","dateModified":"2025-09-30T05:13:25+00:00","description":"Discover the benefits of the Accor Plus membership. Dine more with discounts on drinks and food, and enjoy a number of exclusive events.","breadcrumb":{"@id":"https:\/\/www.accorplus.com\/vn\/vi\/about\/#breadcrumb"},"inLanguage":"vi-VN","potentialAction":[{"@type":"ReadAction","target":["https:\/\/www.accorplus.com\/vn\/vi\/about\/"]}]},{"@type":"ImageObject","inLanguage":"vi-VN","@id":"https:\/\/www.accorplus.com\/vn\/vi\/about\/#primaryimage","url":"https:\/\/etqk82p44vf.exactdn.com\/wp-content\/uploads\/sites\/15\/2025\/07\/22152548\/transition-retail-hub-banner.jpg?strip=all&sharp=1","contentUrl":"https:\/\/etqk82p44vf.exactdn.com\/wp-content\/uploads\/sites\/15\/2025\/07\/22152548\/transition-retail-hub-banner.jpg?strip=all&sharp=1","width":2048,"height":1366},{"@type":"BreadcrumbList","@id":"https:\/\/www.accorplus.com\/vn\/vi\/about\/#breadcrumb","itemListElement":[{"@type":"ListItem","position":1,"name":"ALL Accor+ Explorer","item":"https:\/\/www.accorplus.com\/vn\/vi\/home-launch\/"},{"@type":"ListItem","position":2,"name":"V\u1ec1 ch\u00fang t\u00f4i"}]},{"@type":"WebSite","@id":"https:\/\/www.accorplus.com\/vn\/#website","url":"https:\/\/www.accorplus.com\/vn\/","name":"ALL Accor+ Explorer Vietnam","description":"Experience More","potentialAction":[{"@type":"SearchAction","target":{"@type":"EntryPoint","urlTemplate":"https:\/\/www.accorplus.com\/vn\/?s={search_term_string}"},"query-input":{"@type":"PropertyValueSpecification","valueRequired":true,"valueName":"search_term_string"}}],"inLanguage":"vi-VN"}]}},"_links":{"self":[{"href":"https:\/\/www.accorplus.com\/vn\/vi\/wp-json\/wp\/v2\/pages\/92548","targetHints":{"allow":["GET"]}}],"collection":[{"href":"https:\/\/www.accorplus.com\/vn\/vi\/wp-json\/wp\/v2\/pages"}],"about":[{"href":"https:\/\/www.accorplus.com\/vn\/vi\/wp-json\/wp\/v2\/types\/page"}],"author":[{"embeddable":true,"href":"https:\/\/www.accorplus.com\/vn\/vi\/wp-json\/wp\/v2\/users\/37"}],"replies":[{"embeddable":true,"href":"https:\/\/www.accorplus.com\/vn\/vi\/wp-json\/wp\/v2\/comments?post=92548"}],"version-history":[{"count":3,"href":"https:\/\/www.accorplus.com\/vn\/vi\/wp-json\/wp\/v2\/pages\/92548\/revisions"}],"predecessor-version":[{"id":93108,"href":"https:\/\/www.accorplus.com\/vn\/vi\/wp-json\/wp\/v2\/pages\/92548\/revisions\/93108"}],"wp:featuredmedia":[{"embeddable":true,"href":"https:\/\/www.accorplus.com\/vn\/vi\/wp-json\/wp\/v2\/media\/89240"}],"wp:attachment":[{"href":"https:\/\/www.accorplus.com\/vn\/vi\/wp-json\/wp\/v2\/media?parent=92548"}],"curies":[{"name":"wp","href":"https:\/\/api.w.org\/{rel}","templated":true}]}}