{"id":92540,"date":"2025-09-30T07:29:31","date_gmt":"2025-09-29T23:29:31","guid":{"rendered":"https:\/\/www.accorplus.com\/vn\/?page_id=92540"},"modified":"2025-09-30T13:47:48","modified_gmt":"2025-09-30T05:47:48","slug":"terms-and-conditions","status":"publish","type":"page","link":"https:\/\/www.accorplus.com\/vn\/vi\/about\/terms-and-conditions\/","title":{"rendered":"\u0110i\u1ec1u kho\u1ea3n v\u00e0 \u0110i\u1ec1u ki\u1ec7n"},"content":{"rendered":"\n<div class=\"module mod-text theme-default\" data-autoload-module=\"text\">\n  <div class=\"grid-container\">\n    <div class=\"grid-x grid-margin-x\">\n      <div class=\"cell large-12\">\n        <div class=\"rte\">\n          <h1 style=\"text-align: center;\">\u0110i\u1ec1u kho\u1ea3n &#038; \u0110i\u1ec1u ki\u1ec7n c\u1ee7a th\u1ebb h\u1ed9i vi\u00ean Accor Plus<\/h1>\n<p>&nbsp;<\/p>\n<p><strong>\u00c1p d\u1ee5ng t\u1eeb ng\u00e0y 1\/10\/2025<\/strong><\/p>\n<p><a href=\"https:\/\/accorcdn.com\/wp-content\/uploads\/2025\/08\/04194135\/all-accor-explorer-terms-and-conditions-effective-1-october-2025-vn.pdf\" target=\"_blank\" rel=\"noopener\">T\u1ea3i \u0110i\u1ec1u kho\u1ea3n &amp; \u0110i\u1ec1u ki\u1ec7n<\/a><\/p>\n<p>&nbsp;<\/p>\n<h2>C\u00e1c l\u1ef1a ch\u1ecdn<\/h2>\n<p><a class=\"cta\" href=\"https:\/\/www.accorplus.com\/vn\/vi\/stay-benefit-variations\/\">L\u1ef1a ch\u1ecdn L\u01b0u tr\u00fa<\/a><\/p>\n<p><a class=\"cta\" href=\"https:\/\/www.accorplus.com\/vn\/vi\/dining-benefit-variations\/\">L\u1ef1a ch\u1ecdn \u1ea8m th\u1ef1c v\u00e0 Ng\u00e0y kh\u00f4ng \u00e1p d\u1ee5ng<\/a><\/p>\n        <\/div>\n      <\/div>\n    <\/div>\n  <\/div>\n<\/div>\n","protected":false},"excerpt":{"rendered":"","protected":false},"author":32,"featured_media":0,"parent":92548,"menu_order":0,"comment_status":"closed","ping_status":"closed","template":"","meta":{"_acf_changed":false,"footnotes":""},"class_list":["post-92540","page","type-page","status-publish","hentry"],"acf":[],"yoast_head":"<!-- This site is optimized with the Yoast SEO Premium plugin v24.4 (Yoast SEO v27.1.1) - https:\/\/yoast.com\/product\/yoast-seo-premium-wordpress\/ -->\n<title>\u0110i\u1ec1u kho\u1ea3n v\u00e0 \u0110i\u1ec1u ki\u1ec7n - ALL Accor+ Explorer Vietnam<\/title>\n<meta name=\"description\" content=\"Explore ALL Accor+ Explorer Terms and Conditions for a seamless experience. Access stay and dining variations, including blackout dates.\" \/>\n<meta name=\"robots\" content=\"index, follow, max-snippet:-1, max-image-preview:large, max-video-preview:-1\" \/>\n<link rel=\"canonical\" href=\"https:\/\/www.accorplus.com\/vn\/vi\/about\/terms-and-conditions\/\" \/>\n<meta property=\"og:locale\" content=\"vi_VN\" \/>\n<meta property=\"og:type\" content=\"article\" \/>\n<meta property=\"og:title\" content=\"\u0110i\u1ec1u kho\u1ea3n v\u00e0 \u0110i\u1ec1u ki\u1ec7n\" \/>\n<meta property=\"og:description\" content=\"Explore ALL Accor+ Explorer Terms and Conditions for a seamless experience. Access stay and dining variations, including blackout dates.\" \/>\n<meta property=\"og:url\" content=\"https:\/\/www.accorplus.com\/vn\/vi\/about\/terms-and-conditions\/\" \/>\n<meta property=\"og:site_name\" content=\"ALL Accor+ Explorer Vietnam\" \/>\n<meta property=\"article:modified_time\" content=\"2025-09-30T05:47:48+00:00\" \/>\n<meta name=\"twitter:card\" content=\"summary_large_image\" \/>\n<meta name=\"twitter:label1\" content=\"Est. reading time\" \/>\n\t<meta name=\"twitter:data1\" content=\"1 minute\" \/>\n<script type=\"application\/ld+json\" class=\"yoast-schema-graph\">{\"@context\":\"https:\/\/schema.org\",\"@graph\":[{\"@type\":\"WebPage\",\"@id\":\"https:\/\/www.accorplus.com\/vn\/vi\/about\/terms-and-conditions\/\",\"url\":\"https:\/\/www.accorplus.com\/vn\/vi\/about\/terms-and-conditions\/\",\"name\":\"\u0110i\u1ec1u kho\u1ea3n v\u00e0 \u0110i\u1ec1u ki\u1ec7n - ALL Accor+ Explorer Vietnam\",\"isPartOf\":{\"@id\":\"https:\/\/www.accorplus.com\/vn\/#website\"},\"datePublished\":\"2025-09-29T23:29:31+00:00\",\"dateModified\":\"2025-09-30T05:47:48+00:00\",\"description\":\"Explore ALL Accor+ Explorer Terms and Conditions for a seamless experience. Access stay and dining variations, including blackout dates.\",\"breadcrumb\":{\"@id\":\"https:\/\/www.accorplus.com\/vn\/vi\/about\/terms-and-conditions\/#breadcrumb\"},\"inLanguage\":\"vi-VN\",\"potentialAction\":[{\"@type\":\"ReadAction\",\"target\":[\"https:\/\/www.accorplus.com\/vn\/vi\/about\/terms-and-conditions\/\"]}]},{\"@type\":\"BreadcrumbList\",\"@id\":\"https:\/\/www.accorplus.com\/vn\/vi\/about\/terms-and-conditions\/#breadcrumb\",\"itemListElement\":[{\"@type\":\"ListItem\",\"position\":1,\"name\":\"ALL Accor+ Explorer\",\"item\":\"https:\/\/www.accorplus.com\/vn\/vi\/home-launch\/\"},{\"@type\":\"ListItem\",\"position\":2,\"name\":\"V\u1ec1 ch\u00fang t\u00f4i\",\"item\":\"https:\/\/www.accorplus.com\/vn\/vi\/about\/\"},{\"@type\":\"ListItem\",\"position\":3,\"name\":\"\u0110i\u1ec1u kho\u1ea3n v\u00e0 \u0110i\u1ec1u ki\u1ec7n\"}]},{\"@type\":\"WebSite\",\"@id\":\"https:\/\/www.accorplus.com\/vn\/#website\",\"url\":\"https:\/\/www.accorplus.com\/vn\/\",\"name\":\"ALL Accor+ Explorer Vietnam\",\"description\":\"Experience More\",\"potentialAction\":[{\"@type\":\"SearchAction\",\"target\":{\"@type\":\"EntryPoint\",\"urlTemplate\":\"https:\/\/www.accorplus.com\/vn\/?s={search_term_string}\"},\"query-input\":{\"@type\":\"PropertyValueSpecification\",\"valueRequired\":true,\"valueName\":\"search_term_string\"}}],\"inLanguage\":\"vi-VN\"}]}<\/script>\n<!-- \/ Yoast SEO Premium plugin. -->","yoast_head_json":{"title":"\u0110i\u1ec1u kho\u1ea3n v\u00e0 \u0110i\u1ec1u ki\u1ec7n - ALL Accor+ Explorer Vietnam","description":"Explore ALL Accor+ Explorer Terms and Conditions for a seamless experience. Access stay and dining variations, including blackout dates.","robots":{"index":"index","follow":"follow","max-snippet":"max-snippet:-1","max-image-preview":"max-image-preview:large","max-video-preview":"max-video-preview:-1"},"canonical":"https:\/\/www.accorplus.com\/vn\/vi\/about\/terms-and-conditions\/","og_locale":"vi_VN","og_type":"article","og_title":"\u0110i\u1ec1u kho\u1ea3n v\u00e0 \u0110i\u1ec1u ki\u1ec7n","og_description":"Explore ALL Accor+ Explorer Terms and Conditions for a seamless experience. Access stay and dining variations, including blackout dates.","og_url":"https:\/\/www.accorplus.com\/vn\/vi\/about\/terms-and-conditions\/","og_site_name":"ALL Accor+ Explorer Vietnam","article_modified_time":"2025-09-30T05:47:48+00:00","twitter_card":"summary_large_image","twitter_misc":{"Est. reading time":"1 minute"},"schema":{"@context":"https:\/\/schema.org","@graph":[{"@type":"WebPage","@id":"https:\/\/www.accorplus.com\/vn\/vi\/about\/terms-and-conditions\/","url":"https:\/\/www.accorplus.com\/vn\/vi\/about\/terms-and-conditions\/","name":"\u0110i\u1ec1u kho\u1ea3n v\u00e0 \u0110i\u1ec1u ki\u1ec7n - ALL Accor+ Explorer Vietnam","isPartOf":{"@id":"https:\/\/www.accorplus.com\/vn\/#website"},"datePublished":"2025-09-29T23:29:31+00:00","dateModified":"2025-09-30T05:47:48+00:00","description":"Explore ALL Accor+ Explorer Terms and Conditions for a seamless experience. Access stay and dining variations, including blackout dates.","breadcrumb":{"@id":"https:\/\/www.accorplus.com\/vn\/vi\/about\/terms-and-conditions\/#breadcrumb"},"inLanguage":"vi-VN","potentialAction":[{"@type":"ReadAction","target":["https:\/\/www.accorplus.com\/vn\/vi\/about\/terms-and-conditions\/"]}]},{"@type":"BreadcrumbList","@id":"https:\/\/www.accorplus.com\/vn\/vi\/about\/terms-and-conditions\/#breadcrumb","itemListElement":[{"@type":"ListItem","position":1,"name":"ALL Accor+ Explorer","item":"https:\/\/www.accorplus.com\/vn\/vi\/home-launch\/"},{"@type":"ListItem","position":2,"name":"V\u1ec1 ch\u00fang t\u00f4i","item":"https:\/\/www.accorplus.com\/vn\/vi\/about\/"},{"@type":"ListItem","position":3,"name":"\u0110i\u1ec1u kho\u1ea3n v\u00e0 \u0110i\u1ec1u ki\u1ec7n"}]},{"@type":"WebSite","@id":"https:\/\/www.accorplus.com\/vn\/#website","url":"https:\/\/www.accorplus.com\/vn\/","name":"ALL Accor+ Explorer Vietnam","description":"Experience More","potentialAction":[{"@type":"SearchAction","target":{"@type":"EntryPoint","urlTemplate":"https:\/\/www.accorplus.com\/vn\/?s={search_term_string}"},"query-input":{"@type":"PropertyValueSpecification","valueRequired":true,"valueName":"search_term_string"}}],"inLanguage":"vi-VN"}]}},"_links":{"self":[{"href":"https:\/\/www.accorplus.com\/vn\/vi\/wp-json\/wp\/v2\/pages\/92540","targetHints":{"allow":["GET"]}}],"collection":[{"href":"https:\/\/www.accorplus.com\/vn\/vi\/wp-json\/wp\/v2\/pages"}],"about":[{"href":"https:\/\/www.accorplus.com\/vn\/vi\/wp-json\/wp\/v2\/types\/page"}],"author":[{"embeddable":true,"href":"https:\/\/www.accorplus.com\/vn\/vi\/wp-json\/wp\/v2\/users\/32"}],"replies":[{"embeddable":true,"href":"https:\/\/www.accorplus.com\/vn\/vi\/wp-json\/wp\/v2\/comments?post=92540"}],"version-history":[{"count":4,"href":"https:\/\/www.accorplus.com\/vn\/vi\/wp-json\/wp\/v2\/pages\/92540\/revisions"}],"predecessor-version":[{"id":92547,"href":"https:\/\/www.accorplus.com\/vn\/vi\/wp-json\/wp\/v2\/pages\/92540\/revisions\/92547"}],"up":[{"embeddable":true,"href":"https:\/\/www.accorplus.com\/vn\/vi\/wp-json\/wp\/v2\/pages\/92548"}],"wp:attachment":[{"href":"https:\/\/www.accorplus.com\/vn\/vi\/wp-json\/wp\/v2\/media?parent=92540"}],"curies":[{"name":"wp","href":"https:\/\/api.w.org\/{rel}","templated":true}]}}