{"id":92528,"date":"2025-09-30T07:10:16","date_gmt":"2025-09-29T23:10:16","guid":{"rendered":"https:\/\/www.accorplus.com\/vn\/?page_id=92528"},"modified":"2026-02-16T19:17:52","modified_gmt":"2026-02-16T11:17:52","slug":"offers","status":"publish","type":"page","link":"https:\/\/www.accorplus.com\/vn\/vi\/offers\/","title":{"rendered":"Offers"},"content":{"rendered":"\n<div class=\"module mod-page-header theme-default theme-dark no-padding no-border\" data-autoload-module=\"page-header\" data-content-change=\"\">\n    <div class=\"logged-out\">\n                    \n    <div class=\"component-image\" data-autoload-component=\"image\">\n                    <div class=\"image lazy-image\"\n                 data-src=\"https:\/\/etqk82p44vf.exactdn.com\/wp-content\/uploads\/sites\/15\/2026\/02\/16191719\/Explorer_Fairmont-Sao-Paulo-1.jpg?strip=all&#038;sharp=1\"\n                 data-src-mobile=\"https:\/\/etqk82p44vf.exactdn.com\/wp-content\/uploads\/sites\/15\/2026\/02\/16191719\/Explorer_Fairmont-Sao-Paulo-1-855x600.jpg?strip=all&#038;sharp=1\">\n                    <div class=\"overlay\"><\/div>\n                    <\/div>\n            <\/div>\n        \n        <div class=\"grid-container\">\n            <div class=\"page-header-inner grid-x align-center align-middle\">\n                <div class=\"cell medium-10 text-center\">\n                    <h1 class=\"page-header-title large-hero-title\">Kh\u00e1m Ph\u00e1 C\u00e1c \u01afu \u0110\u00e3i T\u1ed1t Nh\u1ea5t C\u1ee7a Ch\u00fang T\u00f4i<\/h1>\n                    <p class=\"page-header-content lead\"><\/p>\n\n                    \n                <\/div>\n            <\/div>\n        <\/div>\n    <\/div>\n\n    <div class=\"logged-in hide\">\n                    \n    <div class=\"component-image\" data-autoload-component=\"image\">\n                    <div class=\"image lazy-image\"\n                 data-src=\"https:\/\/etqk82p44vf.exactdn.com\/wp-content\/uploads\/sites\/15\/2026\/02\/16191719\/Explorer_Fairmont-Sao-Paulo-1.jpg?strip=all&#038;sharp=1\"\n                 data-src-mobile=\"https:\/\/etqk82p44vf.exactdn.com\/wp-content\/uploads\/sites\/15\/2026\/02\/16191719\/Explorer_Fairmont-Sao-Paulo-1-855x600.jpg?strip=all&#038;sharp=1\">\n                    <div class=\"overlay\"><\/div>\n                    <\/div>\n            <\/div>\n        \n        <div class=\"grid-container\">\n            <div class=\"page-header-inner grid-x align-center align-middle\">\n                <div class=\"cell text-center\">\n                                            <h1 class=\"page-header-title large-hero-title\"><\/h1>\n                    \n                                            <p class=\"page-header-content lead\"><\/p>\n                    \n                    \n                <\/div>\n            <\/div>\n        <\/div>\n    <\/div>\n\n    \n    <div class=\"logged-in-all hide\">\n                    \n    <div class=\"component-image\" data-autoload-component=\"image\">\n                    <div class=\"image lazy-image\"\n                 data-src=\"https:\/\/etqk82p44vf.exactdn.com\/wp-content\/uploads\/sites\/15\/2026\/02\/16191719\/Explorer_Fairmont-Sao-Paulo-1.jpg?strip=all&#038;sharp=1\"\n                 data-src-mobile=\"https:\/\/etqk82p44vf.exactdn.com\/wp-content\/uploads\/sites\/15\/2026\/02\/16191719\/Explorer_Fairmont-Sao-Paulo-1-855x600.jpg?strip=all&#038;sharp=1\">\n                    <div class=\"overlay\"><\/div>\n                    <\/div>\n            <\/div>\n        \n        <div class=\"grid-container\">\n            <div class=\"page-header-inner grid-x align-center align-middle\">\n                <div class=\"cell text-center\">\n                    <h1 class=\"page-header-title large-hero-title\"><\/h1>\n                    <p class=\"page-header-content lead\"><\/p>\n\n                    <div class=\"banner-buttons button-group button-group-margin-top-small align-center\">\n\n                    <a href=\" https:\/\/checkout.accorplus.com\/product\/vn-explorer\" class=\"button theme-primary\" target=\"\" data-autoload-component=\"button\">\n                        <span><svg width=\"20\" height=\"20\" viewBox=\"0 0 20 20\" xmlns=\"http:\/\/www.w3.org\/2000\/svg\" class=\"icon\"><path d=\"M17.42 10l-6.951-6.95-1.326 1.325 4.687 4.688H2.97v1.874H13.83l-4.687 4.688 1.326 1.326L17.419 10z\"><\/path><\/svg><\/span>\n                    <\/a>\n                    <\/div>\n                <\/div>\n            <\/div>\n        <\/div>\n    <\/div>\n<\/div>\n<div class=\"grid-container\">\n    <div class=\"grid-x align-middle\">\n        <div class=\"small-12 medium-8\">\n        <p id=\"breadcrumbs\" class=\"page-header-breadcrumbs small-label\"><span><span><a href=\"https:\/\/www.accorplus.com\/vn\/vi\/home-launch\/\">ALL Accor+ Explorer<\/a><\/span><\/span><\/p>        <\/div>\n        <div class=\"small-12 medium-4\">\n        \n    <div data-autoload-component=\"social-share\" class=\"component component-social-share flex-container align-middle\">\n        <div class=\"shares\">\n                            <a\n                    class='share-button-wrapper'\n                    id=\"facebook\"\n                    href=\"https:\/\/facebook.com\/sharer\/sharer.php?u=https%3A%2F%2Fwww.accorplus.com%2Fvn%2Fvi%2Foffers%2F\"\n                    target='_blank'\n                    rel='nofollow noopener'\n                    aria-label='Share on Facebook'\n                  >\n            \t    <svg class=\"icon\"><\/svg>                  <\/a>\n                          <\/div>\n    <\/div>\n        <\/div>\n    <\/div>\n<\/div>\n\n\n\n<div class=\"module mod-text theme-default\" data-autoload-module=\"text\">\n  <div class=\"grid-container\">\n    <div class=\"grid-x grid-margin-x\">\n      <div class=\"cell large-12\">\n        <div class=\"rte\">\n          <h2>\u01afu \u0110\u00e3i &amp; Khuy\u1ebfn M\u00e3i ALL Accor+ Explorer<\/h2>\n<p>L\u00e0 th\u00e0nh vi\u00ean ALL Accor+ Explorer, b\u1ea1n s\u1ebd \u0111\u01b0\u1ee3c t\u1eadn h\u01b0\u1edfng c\u00e1c \u01b0u \u0111\u00e3i kh\u00e1ch s\u1ea1n Accor m\u1edbi \u0111\u1ed9c quy\u1ec1n ra m\u1eaft h\u00e0ng tu\u1ea7n. S\u0103n ngay \u01b0u \u0111\u00e3i gi\u1ea3m gi\u00e1 t\u1edbi 50% v\u1edbi Red Hot Rooms, gi\u1eef ch\u1ed7 c\u00e1c g\u00f3i l\u01b0u tr\u00fa kh\u00e1ch s\u1ea1n sang tr\u1ecdng More Escapes ch\u1ecdn l\u1ecdc, tham gia s\u1ef1 ki\u1ec7n d\u00e0nh ri\u00eang cho h\u1ed9i vi\u00ean, v\u00e0 t\u1eadn h\u01b0\u1edfng \u0111\u1eb7c quy\u1ec1n t\u1eeb \u0111\u1ed1i t\u00e1c\u2014t\u1ea5t c\u1ea3 \u0111\u1ec1u nh\u1eb1m gi\u00fap b\u1ea1n khai th\u00e1c t\u1ed1i \u0111a ng\u00e2n s\u00e1ch du l\u1ecbch c\u1ee7a m\u00ecnh v\u00e0 n\u00e2ng t\u1ea7m m\u1ed7i k\u1ef3 ngh\u1ec9.<\/p>\n        <\/div>\n      <\/div>\n    <\/div>\n  <\/div>\n<\/div>\n\n\n\n<div class=\"module mod-offers theme-default large-padding\" data-autoload-module=\"offers\">\n        <div class=\"offers\"\n        data-offers=\"[]\"\n        data-offers-string=\"\u01afu \u0111\u00e3i\"\n        data-showing-string=\"\u0110ang hi\u1ec3n th\u1ecb\"\n        data-offers-single-string=\"\u01afu \u0111\u00e3i\"\n        data-showing-string=\"\u0110ang hi\u1ec3n th\u1ecb\"\n        data-days-string=\"Days left\"\n        data-search-desintations-string=\"T\u00ecm ki\u1ebfm \u0110i\u1ec3m \u0111\u1ebfn\"\n        data-red-hot-rooms-string=\"Red Hot Room\"\n        data-more-escapes-string=\"More Escapes\"\n        data-benefit-string=\"Quy\u1ec1n l\u1ee3i h\u1ed9i vi\u00ean\"\n        data-for-stays-string=\"Cho K\u1ef3 l\u01b0u tr\u00fa\"\n        data-offer-validity-string=\"Th\u1eddi gian \u01b0u \u0111\u00e3i\"\n        data-event-date-string=\"Ng\u00e0y s\u1ef1 ki\u1ec7n\"\n        data-show-more-string=\"Hi\u1ec7n Th\u00eam\"\n        data-price-from-string=\"T\u1eea\"\n        data-booking-period-string=\"Th\u1eddi gian \u0111\u1eb7t ph\u00f2ng\"\n        data-stay-period-string=\"Th\u1eddi gian l\u01b0u tr\u00fa\"\n        data-room-type-string=\"H\u1ea1ng ph\u00f2ng\"\n        data-time-string=\"Th\u1eddi gian\"\n        data-hide-filters=\"false\"\n        data-language=\"vi\"\n        data-site=\"15\"\n    >\n    <\/div>\n<\/div>\n","protected":false},"excerpt":{"rendered":"","protected":false},"author":37,"featured_media":89413,"parent":0,"menu_order":0,"comment_status":"closed","ping_status":"closed","template":"","meta":{"_acf_changed":false,"footnotes":""},"class_list":["post-92528","page","type-page","status-publish","has-post-thumbnail","hentry"],"acf":[],"yoast_head":"<!-- This site is optimized with the Yoast SEO Premium plugin v24.4 (Yoast SEO v27.1.1) - https:\/\/yoast.com\/product\/yoast-seo-premium-wordpress\/ -->\n<title>Nh\u00e0 H\u00e0ng Tham Gia ALL Accor+ Explorer<\/title>\n<meta name=\"description\" content=\"Kh\u00e1m ph\u00e1 h\u01a1n 1,600 nh\u00e0 h\u00e0ng kh\u00e1ch s\u1ea1n Accor v\u00e0 1,.200 qu\u00e1n bar kh\u1eafp Ch\u00e2u \u00c1 \u2013 Th\u00e1i B\u00ecnh D\u01b0\u01a1ng. L\u1ecdc theo \u0111\u1ecba \u0111i\u1ec3m v\u00e0 t\u1eadn h\u01b0\u1edfng \u01b0u \u0111\u00e3i gi\u1ea3m 30% b\u1eefa \u0103n v\u00e0 15% \u0111\u1ed3 u\u1ed1ng v\u1edbi ALL Accor+ Explorer.\" \/>\n<meta name=\"robots\" content=\"index, follow, max-snippet:-1, max-image-preview:large, max-video-preview:-1\" \/>\n<link rel=\"canonical\" href=\"https:\/\/www.accorplus.com\/vn\/vi\/offers\/\" \/>\n<meta property=\"og:locale\" content=\"vi_VN\" \/>\n<meta property=\"og:type\" content=\"article\" \/>\n<meta property=\"og:title\" content=\"Offers\" \/>\n<meta property=\"og:description\" content=\"Kh\u00e1m ph\u00e1 h\u01a1n 1,600 nh\u00e0 h\u00e0ng kh\u00e1ch s\u1ea1n Accor v\u00e0 1,.200 qu\u00e1n bar kh\u1eafp Ch\u00e2u \u00c1 \u2013 Th\u00e1i B\u00ecnh D\u01b0\u01a1ng. L\u1ecdc theo \u0111\u1ecba \u0111i\u1ec3m v\u00e0 t\u1eadn h\u01b0\u1edfng \u01b0u \u0111\u00e3i gi\u1ea3m 30% b\u1eefa \u0103n v\u00e0 15% \u0111\u1ed3 u\u1ed1ng v\u1edbi ALL Accor+ Explorer.\" \/>\n<meta property=\"og:url\" content=\"https:\/\/www.accorplus.com\/vn\/vi\/offers\/\" \/>\n<meta property=\"og:site_name\" content=\"ALL Accor+ Explorer Vietnam\" \/>\n<meta property=\"article:modified_time\" content=\"2026-02-16T11:17:52+00:00\" \/>\n<meta property=\"og:image\" content=\"https:\/\/accorcdn.com\/wp-content\/uploads\/sites\/15\/2025\/07\/24181534\/before-you-go-final.jpg\" \/>\n\t<meta property=\"og:image:width\" content=\"2048\" \/>\n\t<meta property=\"og:image:height\" content=\"1366\" \/>\n\t<meta property=\"og:image:type\" content=\"image\/jpeg\" \/>\n<meta name=\"twitter:card\" content=\"summary_large_image\" \/>\n<meta name=\"twitter:label1\" content=\"Est. reading time\" \/>\n\t<meta name=\"twitter:data1\" content=\"1 minute\" \/>\n<script type=\"application\/ld+json\" class=\"yoast-schema-graph\">{\"@context\":\"https:\/\/schema.org\",\"@graph\":[{\"@type\":\"WebPage\",\"@id\":\"https:\/\/www.accorplus.com\/vn\/vi\/offers\/\",\"url\":\"https:\/\/www.accorplus.com\/vn\/vi\/offers\/\",\"name\":\"Nh\u00e0 H\u00e0ng Tham Gia ALL Accor+ Explorer\",\"isPartOf\":{\"@id\":\"https:\/\/www.accorplus.com\/vn\/#website\"},\"primaryImageOfPage\":{\"@id\":\"https:\/\/www.accorplus.com\/vn\/vi\/offers\/#primaryimage\"},\"image\":{\"@id\":\"https:\/\/www.accorplus.com\/vn\/vi\/offers\/#primaryimage\"},\"thumbnailUrl\":\"https:\/\/etqk82p44vf.exactdn.com\/wp-content\/uploads\/sites\/15\/2025\/07\/24181534\/before-you-go-final.jpg?strip=all&sharp=1\",\"datePublished\":\"2025-09-29T23:10:16+00:00\",\"dateModified\":\"2026-02-16T11:17:52+00:00\",\"description\":\"Kh\u00e1m ph\u00e1 h\u01a1n 1,600 nh\u00e0 h\u00e0ng kh\u00e1ch s\u1ea1n Accor v\u00e0 1,.200 qu\u00e1n bar kh\u1eafp Ch\u00e2u \u00c1 \u2013 Th\u00e1i B\u00ecnh D\u01b0\u01a1ng. L\u1ecdc theo \u0111\u1ecba \u0111i\u1ec3m v\u00e0 t\u1eadn h\u01b0\u1edfng \u01b0u \u0111\u00e3i gi\u1ea3m 30% b\u1eefa \u0103n v\u00e0 15% \u0111\u1ed3 u\u1ed1ng v\u1edbi ALL Accor+ Explorer.\",\"breadcrumb\":{\"@id\":\"https:\/\/www.accorplus.com\/vn\/vi\/offers\/#breadcrumb\"},\"inLanguage\":\"vi-VN\",\"potentialAction\":[{\"@type\":\"ReadAction\",\"target\":[\"https:\/\/www.accorplus.com\/vn\/vi\/offers\/\"]}]},{\"@type\":\"ImageObject\",\"inLanguage\":\"vi-VN\",\"@id\":\"https:\/\/www.accorplus.com\/vn\/vi\/offers\/#primaryimage\",\"url\":\"https:\/\/etqk82p44vf.exactdn.com\/wp-content\/uploads\/sites\/15\/2025\/07\/24181534\/before-you-go-final.jpg?strip=all&sharp=1\",\"contentUrl\":\"https:\/\/etqk82p44vf.exactdn.com\/wp-content\/uploads\/sites\/15\/2025\/07\/24181534\/before-you-go-final.jpg?strip=all&sharp=1\",\"width\":2048,\"height\":1366},{\"@type\":\"BreadcrumbList\",\"@id\":\"https:\/\/www.accorplus.com\/vn\/vi\/offers\/#breadcrumb\",\"itemListElement\":[{\"@type\":\"ListItem\",\"position\":1,\"name\":\"ALL Accor+ Explorer\",\"item\":\"https:\/\/www.accorplus.com\/vn\/vi\/home-launch\/\"},{\"@type\":\"ListItem\",\"position\":2,\"name\":\"Offers\"}]},{\"@type\":\"WebSite\",\"@id\":\"https:\/\/www.accorplus.com\/vn\/#website\",\"url\":\"https:\/\/www.accorplus.com\/vn\/\",\"name\":\"ALL Accor+ Explorer Vietnam\",\"description\":\"Experience More\",\"potentialAction\":[{\"@type\":\"SearchAction\",\"target\":{\"@type\":\"EntryPoint\",\"urlTemplate\":\"https:\/\/www.accorplus.com\/vn\/?s={search_term_string}\"},\"query-input\":{\"@type\":\"PropertyValueSpecification\",\"valueRequired\":true,\"valueName\":\"search_term_string\"}}],\"inLanguage\":\"vi-VN\"}]}<\/script>\n<!-- \/ Yoast SEO Premium plugin. -->","yoast_head_json":{"title":"Nh\u00e0 H\u00e0ng Tham Gia ALL Accor+ Explorer","description":"Kh\u00e1m ph\u00e1 h\u01a1n 1,600 nh\u00e0 h\u00e0ng kh\u00e1ch s\u1ea1n Accor v\u00e0 1,.200 qu\u00e1n bar kh\u1eafp Ch\u00e2u \u00c1 \u2013 Th\u00e1i B\u00ecnh D\u01b0\u01a1ng. L\u1ecdc theo \u0111\u1ecba \u0111i\u1ec3m v\u00e0 t\u1eadn h\u01b0\u1edfng \u01b0u \u0111\u00e3i gi\u1ea3m 30% b\u1eefa \u0103n v\u00e0 15% \u0111\u1ed3 u\u1ed1ng v\u1edbi ALL Accor+ Explorer.","robots":{"index":"index","follow":"follow","max-snippet":"max-snippet:-1","max-image-preview":"max-image-preview:large","max-video-preview":"max-video-preview:-1"},"canonical":"https:\/\/www.accorplus.com\/vn\/vi\/offers\/","og_locale":"vi_VN","og_type":"article","og_title":"Offers","og_description":"Kh\u00e1m ph\u00e1 h\u01a1n 1,600 nh\u00e0 h\u00e0ng kh\u00e1ch s\u1ea1n Accor v\u00e0 1,.200 qu\u00e1n bar kh\u1eafp Ch\u00e2u \u00c1 \u2013 Th\u00e1i B\u00ecnh D\u01b0\u01a1ng. L\u1ecdc theo \u0111\u1ecba \u0111i\u1ec3m v\u00e0 t\u1eadn h\u01b0\u1edfng \u01b0u \u0111\u00e3i gi\u1ea3m 30% b\u1eefa \u0103n v\u00e0 15% \u0111\u1ed3 u\u1ed1ng v\u1edbi ALL Accor+ Explorer.","og_url":"https:\/\/www.accorplus.com\/vn\/vi\/offers\/","og_site_name":"ALL Accor+ Explorer Vietnam","article_modified_time":"2026-02-16T11:17:52+00:00","og_image":[{"width":2048,"height":1366,"url":"https:\/\/accorcdn.com\/wp-content\/uploads\/sites\/15\/2025\/07\/24181534\/before-you-go-final.jpg","type":"image\/jpeg"}],"twitter_card":"summary_large_image","twitter_misc":{"Est. reading time":"1 minute"},"schema":{"@context":"https:\/\/schema.org","@graph":[{"@type":"WebPage","@id":"https:\/\/www.accorplus.com\/vn\/vi\/offers\/","url":"https:\/\/www.accorplus.com\/vn\/vi\/offers\/","name":"Nh\u00e0 H\u00e0ng Tham Gia ALL Accor+ Explorer","isPartOf":{"@id":"https:\/\/www.accorplus.com\/vn\/#website"},"primaryImageOfPage":{"@id":"https:\/\/www.accorplus.com\/vn\/vi\/offers\/#primaryimage"},"image":{"@id":"https:\/\/www.accorplus.com\/vn\/vi\/offers\/#primaryimage"},"thumbnailUrl":"https:\/\/etqk82p44vf.exactdn.com\/wp-content\/uploads\/sites\/15\/2025\/07\/24181534\/before-you-go-final.jpg?strip=all&sharp=1","datePublished":"2025-09-29T23:10:16+00:00","dateModified":"2026-02-16T11:17:52+00:00","description":"Kh\u00e1m ph\u00e1 h\u01a1n 1,600 nh\u00e0 h\u00e0ng kh\u00e1ch s\u1ea1n Accor v\u00e0 1,.200 qu\u00e1n bar kh\u1eafp Ch\u00e2u \u00c1 \u2013 Th\u00e1i B\u00ecnh D\u01b0\u01a1ng. L\u1ecdc theo \u0111\u1ecba \u0111i\u1ec3m v\u00e0 t\u1eadn h\u01b0\u1edfng \u01b0u \u0111\u00e3i gi\u1ea3m 30% b\u1eefa \u0103n v\u00e0 15% \u0111\u1ed3 u\u1ed1ng v\u1edbi ALL Accor+ Explorer.","breadcrumb":{"@id":"https:\/\/www.accorplus.com\/vn\/vi\/offers\/#breadcrumb"},"inLanguage":"vi-VN","potentialAction":[{"@type":"ReadAction","target":["https:\/\/www.accorplus.com\/vn\/vi\/offers\/"]}]},{"@type":"ImageObject","inLanguage":"vi-VN","@id":"https:\/\/www.accorplus.com\/vn\/vi\/offers\/#primaryimage","url":"https:\/\/etqk82p44vf.exactdn.com\/wp-content\/uploads\/sites\/15\/2025\/07\/24181534\/before-you-go-final.jpg?strip=all&sharp=1","contentUrl":"https:\/\/etqk82p44vf.exactdn.com\/wp-content\/uploads\/sites\/15\/2025\/07\/24181534\/before-you-go-final.jpg?strip=all&sharp=1","width":2048,"height":1366},{"@type":"BreadcrumbList","@id":"https:\/\/www.accorplus.com\/vn\/vi\/offers\/#breadcrumb","itemListElement":[{"@type":"ListItem","position":1,"name":"ALL Accor+ Explorer","item":"https:\/\/www.accorplus.com\/vn\/vi\/home-launch\/"},{"@type":"ListItem","position":2,"name":"Offers"}]},{"@type":"WebSite","@id":"https:\/\/www.accorplus.com\/vn\/#website","url":"https:\/\/www.accorplus.com\/vn\/","name":"ALL Accor+ Explorer Vietnam","description":"Experience More","potentialAction":[{"@type":"SearchAction","target":{"@type":"EntryPoint","urlTemplate":"https:\/\/www.accorplus.com\/vn\/?s={search_term_string}"},"query-input":{"@type":"PropertyValueSpecification","valueRequired":true,"valueName":"search_term_string"}}],"inLanguage":"vi-VN"}]}},"_links":{"self":[{"href":"https:\/\/www.accorplus.com\/vn\/vi\/wp-json\/wp\/v2\/pages\/92528","targetHints":{"allow":["GET"]}}],"collection":[{"href":"https:\/\/www.accorplus.com\/vn\/vi\/wp-json\/wp\/v2\/pages"}],"about":[{"href":"https:\/\/www.accorplus.com\/vn\/vi\/wp-json\/wp\/v2\/types\/page"}],"author":[{"embeddable":true,"href":"https:\/\/www.accorplus.com\/vn\/vi\/wp-json\/wp\/v2\/users\/37"}],"replies":[{"embeddable":true,"href":"https:\/\/www.accorplus.com\/vn\/vi\/wp-json\/wp\/v2\/comments?post=92528"}],"version-history":[{"count":10,"href":"https:\/\/www.accorplus.com\/vn\/vi\/wp-json\/wp\/v2\/pages\/92528\/revisions"}],"predecessor-version":[{"id":97891,"href":"https:\/\/www.accorplus.com\/vn\/vi\/wp-json\/wp\/v2\/pages\/92528\/revisions\/97891"}],"wp:featuredmedia":[{"embeddable":true,"href":"https:\/\/www.accorplus.com\/vn\/vi\/wp-json\/wp\/v2\/media\/89413"}],"wp:attachment":[{"href":"https:\/\/www.accorplus.com\/vn\/vi\/wp-json\/wp\/v2\/media?parent=92528"}],"curies":[{"name":"wp","href":"https:\/\/api.w.org\/{rel}","templated":true}]}}