{"id":92526,"date":"2025-09-30T07:08:32","date_gmt":"2025-09-29T23:08:32","guid":{"rendered":"https:\/\/www.accorplus.com\/vn\/?page_id=92526"},"modified":"2026-01-28T14:22:22","modified_gmt":"2026-01-28T06:22:22","slug":"hotels","status":"publish","type":"page","link":"https:\/\/www.accorplus.com\/vn\/vi\/hotels\/","title":{"rendered":"Kh\u00e1ch s\u1ea1n"},"content":{"rendered":"\n<div class=\"module mod-page-header theme-default theme-dark no-padding no-border\" data-autoload-module=\"page-header\" data-content-change=\"\">\n    <div class=\"logged-out\">\n                    \n    <div class=\"component-image\" data-autoload-component=\"image\">\n                    <div class=\"image lazy-image\"\n                 data-src=\"https:\/\/etqk82p44vf.exactdn.com\/wp-content\/uploads\/sites\/15\/2025\/09\/26163759\/hotels-new-image-1.jpg?strip=all&#038;sharp=1\"\n                 data-src-mobile=\"https:\/\/etqk82p44vf.exactdn.com\/wp-content\/uploads\/sites\/15\/2025\/09\/26163759\/hotels-new-image-1-900x600.jpg?strip=all&#038;sharp=1\">\n                    <div class=\"overlay\"><\/div>\n                    <\/div>\n            <\/div>\n        \n        <div class=\"grid-container\">\n            <div class=\"page-header-inner grid-x align-center align-middle\">\n                <div class=\"cell medium-10 text-center\">\n                    <h1 class=\"page-header-title large-hero-title\">Kh\u00e1ch s\u1ea1n<\/h1>\n                    <p class=\"page-header-content lead\"><\/p>\n\n                    \n                <\/div>\n            <\/div>\n        <\/div>\n    <\/div>\n\n    <div class=\"logged-in hide\">\n                    \n    <div class=\"component-image\" data-autoload-component=\"image\">\n                    <div class=\"image lazy-image\"\n                 data-src=\"https:\/\/etqk82p44vf.exactdn.com\/wp-content\/uploads\/sites\/15\/2025\/09\/26163759\/hotels-new-image-1.jpg?strip=all&#038;sharp=1\"\n                 data-src-mobile=\"https:\/\/etqk82p44vf.exactdn.com\/wp-content\/uploads\/sites\/15\/2025\/09\/26163759\/hotels-new-image-1-900x600.jpg?strip=all&#038;sharp=1\">\n                    <div class=\"overlay\"><\/div>\n                    <\/div>\n            <\/div>\n        \n        <div class=\"grid-container\">\n            <div class=\"page-header-inner grid-x align-center align-middle\">\n                <div class=\"cell text-center\">\n                                            <h1 class=\"page-header-title large-hero-title\">Kh\u00e1ch s\u1ea1n<\/h1>\n                    \n                                            <p class=\"page-header-content lead\"><\/p>\n                    \n                    \n                <\/div>\n            <\/div>\n        <\/div>\n    <\/div>\n\n    \n    <div class=\"logged-in-all hide\">\n                    \n    <div class=\"component-image\" data-autoload-component=\"image\">\n                    <div class=\"image lazy-image\"\n                 data-src=\"https:\/\/etqk82p44vf.exactdn.com\/wp-content\/uploads\/sites\/15\/2025\/09\/26163759\/hotels-new-image-1.jpg?strip=all&#038;sharp=1\"\n                 data-src-mobile=\"https:\/\/etqk82p44vf.exactdn.com\/wp-content\/uploads\/sites\/15\/2025\/09\/26163759\/hotels-new-image-1-900x600.jpg?strip=all&#038;sharp=1\">\n                    <div class=\"overlay\"><\/div>\n                    <\/div>\n            <\/div>\n        \n        <div class=\"grid-container\">\n            <div class=\"page-header-inner grid-x align-center align-middle\">\n                <div class=\"cell text-center\">\n                    <h1 class=\"page-header-title large-hero-title\"><\/h1>\n                    <p class=\"page-header-content lead\"><\/p>\n\n                    <div class=\"banner-buttons button-group button-group-margin-top-small align-center\">\n\n                    <a href=\" https:\/\/checkout.accorplus.com\/product\/vn-explorer\" class=\"button theme-primary\" target=\"\" data-autoload-component=\"button\">\n                        <span><svg width=\"20\" height=\"20\" viewBox=\"0 0 20 20\" xmlns=\"http:\/\/www.w3.org\/2000\/svg\" class=\"icon\"><path d=\"M17.42 10l-6.951-6.95-1.326 1.325 4.687 4.688H2.97v1.874H13.83l-4.687 4.688 1.326 1.326L17.419 10z\"><\/path><\/svg><\/span>\n                    <\/a>\n                    <\/div>\n                <\/div>\n            <\/div>\n        <\/div>\n    <\/div>\n<\/div>\n<div class=\"grid-container\">\n    <div class=\"grid-x align-middle\">\n        <div class=\"small-12 medium-8\">\n        <p id=\"breadcrumbs\" class=\"page-header-breadcrumbs small-label\"><span><span><a href=\"https:\/\/www.accorplus.com\/vn\/vi\/home-launch\/\">ALL Accor+ Explorer<\/a><\/span><\/span><\/p>        <\/div>\n        <div class=\"small-12 medium-4\">\n                <\/div>\n    <\/div>\n<\/div>\n\n\n\n<div class=\"module mod-text theme-default\" data-autoload-module=\"text\">\n  <div class=\"grid-container\">\n    <div class=\"grid-x grid-margin-x\">\n      <div class=\"cell large-12\">\n        <div class=\"rte\">\n          <h2>Kh\u00e1ch S\u1ea1n Tham Gia ALL Accor+ Explorer<\/h2>\n<p>T\u1eeb nh\u1eefng c\u00f4ng tr\u00ecnh bi\u1ec3u t\u01b0\u1ee3ng gi\u1eefa l\u00f2ng th\u00e0nh ph\u1ed1 \u0111\u1ebfn c\u00e1c khu ngh\u1ec9 d\u01b0\u1ee1ng v\u1edbi b\u00e3i bi\u1ec3n, c\u1ea3 th\u1ebf gi\u1edbi \u0111ang ch\u1edd b\u1ea1n kh\u00e1m ph\u00e1 v\u1edbi ALL Accor+ Explorer. Kh\u00e1m ph\u00e1 h\u00e0ng ng\u00e0n \u0111i\u1ec3m \u0111\u1ebfn n\u01a1i m\u1ed7i \u0111\u00eam l\u01b0u tr\u00fa \u0111\u1ec1u gi\u00fap b\u1ea1n t\u00edch l\u0169y \u0111i\u1ec3m Th\u01b0\u1edfng ALL Accor, n\u01a1i b\u1ea1n c\u00f3 th\u1ec3 thanh to\u00e1n \u0111\u1eb7t ph\u00f2ng b\u1eb1ng \u0111i\u1ec3m, v\u00e0 m\u1ed7i l\u1ea7n nh\u1eadn ph\u00f2ng l\u1ea1i vi\u1ebft n\u00ean m\u1ed9t ch\u01b0\u01a1ng m\u1edbi trong h\u00e0nh tr\u00ecnh du l\u1ecbch c\u1ee7a b\u1ea1n\u2014gi\u00e1 tr\u1ecb ch\u1eb3ng kh\u00e1c g\u00ec m\u1ed9t g\u00f3i l\u01b0u tr\u00fa kh\u00e1ch s\u1ea1n sang tr\u1ecdng.<\/p>\n<p>C\u00e1c ngo\u1ea1i l\u1ec7 v\u00e0 thay \u0111\u1ed5i sau \u0111\u00e2y \u00e1p d\u1ee5ng cho Quy\u1ec1n l\u1ee3i L\u01b0u tr\u00fa c\u1ee7a H\u1ed9i vi\u00ean <a href=\"https:\/\/www.accorplus.com\/vn\/vi\/stay-benefit-variations\/\">ALL Accor+ Explorer<\/a>.<\/p>\n        <\/div>\n      <\/div>\n    <\/div>\n  <\/div>\n<\/div>\n\n\n\n<div class=\"module mod-hotel-list theme-default\" data-autoload-module=\"hotel-list\">\n  <div class=\"hotel-listing-container\"\n  data-loadingString=\"\u0110ang t\u1ea3i k\u1ebft qu\u1ea3 c\u1ee7a b\u1ea1n ...\n\"\n  data-loadedString=\"k\u1ebft qu\u1ea3 ph\u00f9 h\u1ee3p v\u1edbi t\u00ecm ki\u1ebfm c\u1ee7a b\u1ea1n\n\"\n  data-placeholderString=\"\u0110i\u1ec3m \u0111\u1ebfn ho\u1eb7c t\u00ean kh\u00e1ch s\u1ea1n\"\n  data-roomsString=\"S\u1ed1 l\u01b0\u1ee3ng ph\u00f2ng\"\n  data-datesString=\"Th\u1eddi gian \u1edf\"\n  data-dateFromString=\"T\u1eeb\"\n  data-dateToString=\"\u0110\u1ebfn\"\n  data-stayPlusYesString=\"\u0110\u00fang\"\n  data-stayPlusNoString=\"Kh\u00f4ng\"\n  data-stayPlusString=\"\u0110\u00eam ngh\u1ec9 mi\u1ec5n ph\u00ed Stay Plus\"\n  data-searchString=\"T\u00ecm ki\u1ebfm\"\n  data-room1GuestsString=\"S\u1ed1 kh\u00e1ch ph\u00f2ng 1\"\n  data-room2GuestsString=\"S\u1ed1 kh\u00e1ch ph\u00f2ng 2\"\n  data-adultString=\"ng\u01b0\u1eddi l\u1edbn\n\"\n  data-adultPluralString=\"ng\u01b0\u1eddi l\u1edbn\n\"\n  data-childString=\"\u0110\u1ee9a tr\u1ebb\n\"\n  data-childrenPluralString=\"B\u1ecdn tr\u1ebb\n\"\n  data-childAgeString=\"Tu\u1ed5i tr\u1ebb em\n\"\n  data-childrenPluralAgesString=\"L\u1ee9a tu\u1ed5i tr\u1ebb em\n\"\n  data-langCode=\"vi\"\n  data-hotelDetailsString=\"Xem chi ti\u1ebft\"\n  data-viewMapString=\"Xem b\u1ea3n \u0111\u1ed3\"\n  data-bookNowString=\"\u0110\u0103\u0323t ngay\"\n  data-siteUrl=\"http:\/\/www.accorplus.com\/vn\"\n  >\n  <\/div>\n<\/div>\n","protected":false},"excerpt":{"rendered":"","protected":false},"author":37,"featured_media":0,"parent":0,"menu_order":0,"comment_status":"closed","ping_status":"closed","template":"","meta":{"_acf_changed":false,"footnotes":""},"class_list":["post-92526","page","type-page","status-publish","hentry"],"acf":[],"yoast_head":"<!-- This site is optimized with the Yoast SEO Premium plugin v24.4 (Yoast SEO v27.1.1) - https:\/\/yoast.com\/product\/yoast-seo-premium-wordpress\/ -->\n<title>Kh\u00e1ch S\u1ea1n Tham Gia ALL Accor+ Explorer<\/title>\n<meta name=\"description\" content=\"T\u00ecm ki\u1ebfm h\u01a1n 4,.500 kh\u00e1ch s\u1ea1n Accor tr\u00ean to\u00e0n th\u1ebf gi\u1edbi. L\u1ecdc theo \u0111i\u1ec3m \u0111\u1ebfn ho\u1eb7c th\u01b0\u01a1ng hi\u1ec7u v\u00e0 ch\u1ecdn c\u00e1c kh\u00e1ch s\u1ea1n cung c\u1ea5p gi\u00e1 Explorer 15% c\u00f9ng \u0111i\u1ec3m Tth\u01b0\u1edfng ALL Accor.\" \/>\n<meta name=\"robots\" content=\"index, follow, max-snippet:-1, max-image-preview:large, max-video-preview:-1\" \/>\n<link rel=\"canonical\" href=\"https:\/\/www.accorplus.com\/vn\/vi\/hotels\/\" \/>\n<meta property=\"og:locale\" content=\"vi_VN\" \/>\n<meta property=\"og:type\" content=\"article\" \/>\n<meta property=\"og:title\" content=\"Kh\u00e1ch s\u1ea1n\" \/>\n<meta property=\"og:description\" content=\"T\u00ecm ki\u1ebfm h\u01a1n 4,.500 kh\u00e1ch s\u1ea1n Accor tr\u00ean to\u00e0n th\u1ebf gi\u1edbi. L\u1ecdc theo \u0111i\u1ec3m \u0111\u1ebfn ho\u1eb7c th\u01b0\u01a1ng hi\u1ec7u v\u00e0 ch\u1ecdn c\u00e1c kh\u00e1ch s\u1ea1n cung c\u1ea5p gi\u00e1 Explorer 15% c\u00f9ng \u0111i\u1ec3m Tth\u01b0\u1edfng ALL Accor.\" \/>\n<meta property=\"og:url\" content=\"https:\/\/www.accorplus.com\/vn\/vi\/hotels\/\" \/>\n<meta property=\"og:site_name\" content=\"ALL Accor+ Explorer Vietnam\" \/>\n<meta property=\"article:modified_time\" content=\"2026-01-28T06:22:22+00:00\" \/>\n<meta name=\"twitter:card\" content=\"summary_large_image\" \/>\n<meta name=\"twitter:label1\" content=\"Est. reading time\" \/>\n\t<meta name=\"twitter:data1\" content=\"1 minute\" \/>\n<script type=\"application\/ld+json\" class=\"yoast-schema-graph\">{\"@context\":\"https:\/\/schema.org\",\"@graph\":[{\"@type\":\"WebPage\",\"@id\":\"https:\/\/www.accorplus.com\/vn\/vi\/hotels\/\",\"url\":\"https:\/\/www.accorplus.com\/vn\/vi\/hotels\/\",\"name\":\"Kh\u00e1ch S\u1ea1n Tham Gia ALL Accor+ Explorer\",\"isPartOf\":{\"@id\":\"https:\/\/www.accorplus.com\/vn\/#website\"},\"datePublished\":\"2025-09-29T23:08:32+00:00\",\"dateModified\":\"2026-01-28T06:22:22+00:00\",\"description\":\"T\u00ecm ki\u1ebfm h\u01a1n 4,.500 kh\u00e1ch s\u1ea1n Accor tr\u00ean to\u00e0n th\u1ebf gi\u1edbi. L\u1ecdc theo \u0111i\u1ec3m \u0111\u1ebfn ho\u1eb7c th\u01b0\u01a1ng hi\u1ec7u v\u00e0 ch\u1ecdn c\u00e1c kh\u00e1ch s\u1ea1n cung c\u1ea5p gi\u00e1 Explorer 15% c\u00f9ng \u0111i\u1ec3m Tth\u01b0\u1edfng ALL Accor.\",\"breadcrumb\":{\"@id\":\"https:\/\/www.accorplus.com\/vn\/vi\/hotels\/#breadcrumb\"},\"inLanguage\":\"vi-VN\",\"potentialAction\":[{\"@type\":\"ReadAction\",\"target\":[\"https:\/\/www.accorplus.com\/vn\/vi\/hotels\/\"]}]},{\"@type\":\"BreadcrumbList\",\"@id\":\"https:\/\/www.accorplus.com\/vn\/vi\/hotels\/#breadcrumb\",\"itemListElement\":[{\"@type\":\"ListItem\",\"position\":1,\"name\":\"ALL Accor+ Explorer\",\"item\":\"https:\/\/www.accorplus.com\/vn\/vi\/home-launch\/\"},{\"@type\":\"ListItem\",\"position\":2,\"name\":\"Kh\u00e1ch s\u1ea1n\"}]},{\"@type\":\"WebSite\",\"@id\":\"https:\/\/www.accorplus.com\/vn\/#website\",\"url\":\"https:\/\/www.accorplus.com\/vn\/\",\"name\":\"ALL Accor+ Explorer Vietnam\",\"description\":\"Experience More\",\"potentialAction\":[{\"@type\":\"SearchAction\",\"target\":{\"@type\":\"EntryPoint\",\"urlTemplate\":\"https:\/\/www.accorplus.com\/vn\/?s={search_term_string}\"},\"query-input\":{\"@type\":\"PropertyValueSpecification\",\"valueRequired\":true,\"valueName\":\"search_term_string\"}}],\"inLanguage\":\"vi-VN\"}]}<\/script>\n<!-- \/ Yoast SEO Premium plugin. -->","yoast_head_json":{"title":"Kh\u00e1ch S\u1ea1n Tham Gia ALL Accor+ Explorer","description":"T\u00ecm ki\u1ebfm h\u01a1n 4,.500 kh\u00e1ch s\u1ea1n Accor tr\u00ean to\u00e0n th\u1ebf gi\u1edbi. L\u1ecdc theo \u0111i\u1ec3m \u0111\u1ebfn ho\u1eb7c th\u01b0\u01a1ng hi\u1ec7u v\u00e0 ch\u1ecdn c\u00e1c kh\u00e1ch s\u1ea1n cung c\u1ea5p gi\u00e1 Explorer 15% c\u00f9ng \u0111i\u1ec3m Tth\u01b0\u1edfng ALL Accor.","robots":{"index":"index","follow":"follow","max-snippet":"max-snippet:-1","max-image-preview":"max-image-preview:large","max-video-preview":"max-video-preview:-1"},"canonical":"https:\/\/www.accorplus.com\/vn\/vi\/hotels\/","og_locale":"vi_VN","og_type":"article","og_title":"Kh\u00e1ch s\u1ea1n","og_description":"T\u00ecm ki\u1ebfm h\u01a1n 4,.500 kh\u00e1ch s\u1ea1n Accor tr\u00ean to\u00e0n th\u1ebf gi\u1edbi. L\u1ecdc theo \u0111i\u1ec3m \u0111\u1ebfn ho\u1eb7c th\u01b0\u01a1ng hi\u1ec7u v\u00e0 ch\u1ecdn c\u00e1c kh\u00e1ch s\u1ea1n cung c\u1ea5p gi\u00e1 Explorer 15% c\u00f9ng \u0111i\u1ec3m Tth\u01b0\u1edfng ALL Accor.","og_url":"https:\/\/www.accorplus.com\/vn\/vi\/hotels\/","og_site_name":"ALL Accor+ Explorer Vietnam","article_modified_time":"2026-01-28T06:22:22+00:00","twitter_card":"summary_large_image","twitter_misc":{"Est. reading time":"1 minute"},"schema":{"@context":"https:\/\/schema.org","@graph":[{"@type":"WebPage","@id":"https:\/\/www.accorplus.com\/vn\/vi\/hotels\/","url":"https:\/\/www.accorplus.com\/vn\/vi\/hotels\/","name":"Kh\u00e1ch S\u1ea1n Tham Gia ALL Accor+ Explorer","isPartOf":{"@id":"https:\/\/www.accorplus.com\/vn\/#website"},"datePublished":"2025-09-29T23:08:32+00:00","dateModified":"2026-01-28T06:22:22+00:00","description":"T\u00ecm ki\u1ebfm h\u01a1n 4,.500 kh\u00e1ch s\u1ea1n Accor tr\u00ean to\u00e0n th\u1ebf gi\u1edbi. L\u1ecdc theo \u0111i\u1ec3m \u0111\u1ebfn ho\u1eb7c th\u01b0\u01a1ng hi\u1ec7u v\u00e0 ch\u1ecdn c\u00e1c kh\u00e1ch s\u1ea1n cung c\u1ea5p gi\u00e1 Explorer 15% c\u00f9ng \u0111i\u1ec3m Tth\u01b0\u1edfng ALL Accor.","breadcrumb":{"@id":"https:\/\/www.accorplus.com\/vn\/vi\/hotels\/#breadcrumb"},"inLanguage":"vi-VN","potentialAction":[{"@type":"ReadAction","target":["https:\/\/www.accorplus.com\/vn\/vi\/hotels\/"]}]},{"@type":"BreadcrumbList","@id":"https:\/\/www.accorplus.com\/vn\/vi\/hotels\/#breadcrumb","itemListElement":[{"@type":"ListItem","position":1,"name":"ALL Accor+ Explorer","item":"https:\/\/www.accorplus.com\/vn\/vi\/home-launch\/"},{"@type":"ListItem","position":2,"name":"Kh\u00e1ch s\u1ea1n"}]},{"@type":"WebSite","@id":"https:\/\/www.accorplus.com\/vn\/#website","url":"https:\/\/www.accorplus.com\/vn\/","name":"ALL Accor+ Explorer Vietnam","description":"Experience More","potentialAction":[{"@type":"SearchAction","target":{"@type":"EntryPoint","urlTemplate":"https:\/\/www.accorplus.com\/vn\/?s={search_term_string}"},"query-input":{"@type":"PropertyValueSpecification","valueRequired":true,"valueName":"search_term_string"}}],"inLanguage":"vi-VN"}]}},"_links":{"self":[{"href":"https:\/\/www.accorplus.com\/vn\/vi\/wp-json\/wp\/v2\/pages\/92526","targetHints":{"allow":["GET"]}}],"collection":[{"href":"https:\/\/www.accorplus.com\/vn\/vi\/wp-json\/wp\/v2\/pages"}],"about":[{"href":"https:\/\/www.accorplus.com\/vn\/vi\/wp-json\/wp\/v2\/types\/page"}],"author":[{"embeddable":true,"href":"https:\/\/www.accorplus.com\/vn\/vi\/wp-json\/wp\/v2\/users\/37"}],"replies":[{"embeddable":true,"href":"https:\/\/www.accorplus.com\/vn\/vi\/wp-json\/wp\/v2\/comments?post=92526"}],"version-history":[{"count":3,"href":"https:\/\/www.accorplus.com\/vn\/vi\/wp-json\/wp\/v2\/pages\/92526\/revisions"}],"predecessor-version":[{"id":97157,"href":"https:\/\/www.accorplus.com\/vn\/vi\/wp-json\/wp\/v2\/pages\/92526\/revisions\/97157"}],"wp:attachment":[{"href":"https:\/\/www.accorplus.com\/vn\/vi\/wp-json\/wp\/v2\/media?parent=92526"}],"curies":[{"name":"wp","href":"https:\/\/api.w.org\/{rel}","templated":true}]}}