{"id":90424,"date":"2021-05-13T03:26:09","date_gmt":"2021-05-12T19:26:09","guid":{"rendered":"https:\/\/www.accorplus.com\/vn\/profile-2\/"},"modified":"2025-11-19T16:33:02","modified_gmt":"2025-11-19T08:33:02","slug":"profile","status":"publish","type":"page","link":"https:\/\/www.accorplus.com\/vn\/vi\/profile\/","title":{"rendered":"Profile"},"content":{"rendered":"\n<div class=\"module mod-page-header theme-default theme-dark no-padding no-border\" data-autoload-module=\"page-header\" data-content-change=\"1\">\n    <div class=\"logged-out\">\n                    \n    <div class=\"component-image\" data-autoload-component=\"image\">\n                    <div class=\"image lazy-image\"\n                 data-src=\"https:\/\/etqk82p44vf.exactdn.com\/wp-content\/uploads\/sites\/15\/2025\/07\/23180557\/terms-conditions-transition.jpg?strip=all&#038;sharp=1\"\n                 data-src-mobile=\"https:\/\/etqk82p44vf.exactdn.com\/wp-content\/uploads\/sites\/15\/2025\/07\/23180557\/terms-conditions-transition-900x600.jpg?strip=all&#038;sharp=1\">\n                    <div class=\"overlay\"><\/div>\n                    <\/div>\n            <\/div>\n        \n        <div class=\"grid-container\">\n            <div class=\"page-header-inner grid-x align-center align-middle\">\n                <div class=\"cell medium-10 text-center\">\n                    <h1 class=\"page-header-title large-hero-title\">Vui l\u00f2ng \u0111\u0103ng nh\u1eadp \u0111\u1ec3 truy c\u1eadp v\u00e0o h\u1ed3 s\u01a1 c\u1ee7a b\u1ea1n<\/h1>\n                    <p class=\"page-header-content lead\"><\/p>\n\n                                            <div class=\"banner-buttons button-group button-group-margin-top-small align-center\">\n                            \n    <button class=\"button  theme-primary login-prompt\" \n            data-autoload-component=\"button\"\n            onclick=\"document.dispatchEvent(new CustomEvent('accor:login'))\">\n        \u0110\u0103ng nh\u1eadp<svg width=\"20\" height=\"20\" viewBox=\"0 0 20 20\" xmlns=\"http:\/\/www.w3.org\/2000\/svg\" class=\"icon\"><path d=\"M17.42 10l-6.951-6.95-1.326 1.325 4.687 4.688H2.97v1.874H13.83l-4.687 4.688 1.326 1.326L17.419 10z\" \/><\/svg>\n    <\/button>\n                        <\/div>\n                    \n                <\/div>\n            <\/div>\n        <\/div>\n    <\/div>\n\n    <div class=\"logged-in hide\">\n                    \n    <div class=\"component-image\" data-autoload-component=\"image\">\n                    <div class=\"image lazy-image\"\n                 data-src=\"https:\/\/etqk82p44vf.exactdn.com\/wp-content\/uploads\/sites\/15\/2025\/07\/10133358\/home-page-logged-in-banners-july-2025-1.jpg?strip=all&#038;sharp=1\"\n                 data-src-mobile=\"https:\/\/etqk82p44vf.exactdn.com\/wp-content\/uploads\/sites\/15\/2025\/07\/10133358\/home-page-logged-in-banners-july-2025-1-900x600.jpg?strip=all&#038;sharp=1\">\n                    <div class=\"overlay\"><\/div>\n                    <\/div>\n            <\/div>\n        \n        <div class=\"grid-container\">\n            <div class=\"page-header-inner grid-x align-center align-middle\">\n                <div class=\"cell text-center\">\n                                            <h1 class=\"page-header-title large-hero-title\">H\u1ed3 S\u01a1 C\u1ee7a T\u00f4i<\/h1>\n                    \n                                            <p class=\"page-header-content lead\"><\/p>\n                    \n                    \n                <\/div>\n            <\/div>\n        <\/div>\n    <\/div>\n\n    \n    <div class=\"logged-in-all hide\">\n                    \n    <div class=\"component-image\" data-autoload-component=\"image\">\n                    <div class=\"image lazy-image\"\n                 data-src=\"https:\/\/etqk82p44vf.exactdn.com\/wp-content\/uploads\/sites\/15\/2025\/07\/23180557\/terms-conditions-transition.jpg?strip=all&#038;sharp=1\"\n                 data-src-mobile=\"https:\/\/etqk82p44vf.exactdn.com\/wp-content\/uploads\/sites\/15\/2025\/07\/23180557\/terms-conditions-transition-900x600.jpg?strip=all&#038;sharp=1\">\n                    <div class=\"overlay\"><\/div>\n                    <\/div>\n            <\/div>\n        \n        <div class=\"grid-container\">\n            <div class=\"page-header-inner grid-x align-center align-middle\">\n                <div class=\"cell text-center\">\n                    <h1 class=\"page-header-title large-hero-title\"><\/h1>\n                    <p class=\"page-header-content lead\"><\/p>\n\n                    <div class=\"banner-buttons button-group button-group-margin-top-small align-center\">\n\n                    <a href=\" https:\/\/checkout.accorplus.com\/product\/vn-explorer\" class=\"button theme-primary\" target=\"\" data-autoload-component=\"button\">\n                        <span><svg width=\"20\" height=\"20\" viewBox=\"0 0 20 20\" xmlns=\"http:\/\/www.w3.org\/2000\/svg\" class=\"icon\"><path d=\"M17.42 10l-6.951-6.95-1.326 1.325 4.687 4.688H2.97v1.874H13.83l-4.687 4.688 1.326 1.326L17.419 10z\"><\/path><\/svg><\/span>\n                    <\/a>\n                    <\/div>\n                <\/div>\n            <\/div>\n        <\/div>\n    <\/div>\n<\/div>\n<div class=\"grid-container\">\n    <div class=\"grid-x align-middle\">\n        <div class=\"small-12 medium-8\">\n                <\/div>\n        <div class=\"small-12 medium-4\">\n                <\/div>\n    <\/div>\n<\/div>\n\n\n\n<div class=\"module mod-profile theme-default\" data-autoload-module=\"profile\">\n  <input type=\"hidden\" id=\"auto_renewal_url\" name=\"auto_renewal_url\" value=\"\">\n  <script src=\"https:\/\/unpkg.com\/react@17\/umd\/react.development.js\" crossorigin><\/script>\n  <script src=\"https:\/\/unpkg.com\/react-dom@17\/umd\/react-dom.development.js\" crossorigin><\/script>\n  <script src=\"https:\/\/unpkg.com\/babel-standalone@6\/babel.min.js\"><\/script>\n\n  <div class=\"profile-container\"\n  \tdata-payment-content=\"&lt;template id=&quot;my-account-integration-template&quot;&gt;\n    &lt;iframe\n        id=&quot;my-account-integration-frame&quot;\n        src=&quot;https:\/\/checkout.accorplus.com\/account?iframe=true&quot;\n        style=&#039;width: 100%;height: 100svh;padding: 0&#039;\n        class=&#039;user-profile-panel&#039;\n        sandbox=&quot;allow-same-origin allow-scripts allow-top-navigation allow-popups&quot;\n      &gt;\n    &lt;\/iframe&gt;\n&lt;\/template&gt;\n\"\n    data-benefits-link=\"https:\/\/checkout.accorplus.com\/product\/vn-explorer\"\n    data-profile-string=\"H\u1ed3 s\u01a1\"\n    data-personal-string=\"TH\u00d4NG TIN C\u00c1 NH\u00c2N\"\n    data-member-number-string=\"Nomor Keanggotaan\"\n    data-expiration-string=\"Ng\u00e0y h\u1ebft h\u1ea1n\"\n    data-stay-plus-string=\"\u0110\u00eam ngh\u1ec9 mi\u1ec5n ph\u00ed Stay Plus\"\n    data-expiring-string=\"Ng\u00e0y h\u1ebft h\u1ea1n\"\n    data-name-string=\"T\u00ean\"\n    data-address-string=\"\u0110\u1ecba ch\u1ec9\"\n    data-language-string=\"T\u00f9y ch\u1ecdn Ng\u00f4n ng\u1eef\"\n    data-email-string=\"E-mail\"\n    data-phone-string=\"S\u1ed1 \u0111i\u1ec7n tho\u1ea1i\"\n    data-membership-string=\"H\u1ed8I VI\u00caN\"\n    data-welcome-back-string=\"Ch\u00e0o m\u1eebng tr\u1edf l\u1ea1i\"\n    data-welcome-string=\"Ch\u00e0o m\u1eebng\"\n    data-rewards-string=\"\u0110i\u1ec3m th\u01b0\u1edfng\"\n    data-member-number-string=\"S\u1ed1 h\u1ed9i vi\u00ean\"\n    data-nights-stayed-string=\"S\u1ed1 \u0111\u00eam \u0111\u00e3 \u1edf\"\n    data-expiration-string=\"Ng\u00e0y h\u1ebft h\u1ea1n\"\n    data-status-string=\"See my profile\"\n    data-manage-string=\"Qu\u1ea3n l\u00fd k\u1ebf ho\u1ea1ch thanh to\u00e1n c\u1ee7a b\u1ea1n\"\n    data-become-string=\"become a member of the ALL Accor+ Explorer Community\"\n    data-member-community-string=\"Member of the ALL Accor+ Explorer Community\"\n    data-right-one-string=\"Top up your ALL - Accor Live Limitless benefits and enjoy MORE with ALL Accor+ Explorer\"\n    data-right-two-string=\"As a member of ALL Accor+ Explorer you enjoy additional exclusive benefits across 24 brands in 20 countries, 1,000 hotels and over 1,400 restaurants in Asia Pacific.\"\n    data-right-three-string=\"Quy\u1ec1n l\u1ee3i \u0111\u1eb7t ph\u00f2ng NHI\u1ec0U H\u01a0N\"\n    data-right-four-string=\"Gi\u1ea3m 10% gi\u00e1 ph\u00f2ng c\u00f4ng khai\"\n    data-right-five-string=\"Truy c\u1eadp v\u00e0o Red Hot Rooms v\u1edbi m\u1ee9c gi\u1ea3m gi\u00e1 l\u00ean t\u1edbi 50%\"\n    data-right-six-string=\"G\u00f3i More Escapes d\u00e0nh ri\u00eang cho th\u00e0nh vi\u00ean\"\n    data-right-seven-string=\"Ti\u1ebfp c\u1eadn s\u1edbm c\u00e1c ch\u01b0\u01a1ng tr\u00ecnh khuy\u1ebfn m\u00e3i c\u1ee7a kh\u00e1ch s\u1ea1n Accor\"\n    data-right-eight-string=\"Quy\u1ec1n l\u1ee3i \u1ea9m th\u1ef1c NHI\u1ec0U H\u01a0N\"\n    data-right-nine-string=\"Gi\u1ea3m t\u1edbi 50% \u0103n u\u1ed1ng t\u1ea1i Ch\u00e2u \u00c1 Th\u00e1i B\u00ecnh D\u01b0\u01a1ng\"\n    data-right-ten-string=\"Gi\u1ea3m gi\u00e1 15% cho h\u00f3a \u0111\u01a1n \u0111\u1ed3 u\u1ed1ng c\u1ee7a b\u1ea1n t\u1ea1i Ch\u00e2u \u00c1\"\n    data-right-eleven-string=\"Tr\u1ea3i nghi\u1ec7m NHI\u1ec0U H\u01a0N\"\n    data-right-twelve-string=\"Tham gia v\u00e0o c\u00e1c s\u1ef1 ki\u1ec7n \u0111\u1ed9c quy\u1ec1n ch\u1ec9 d\u00e0nh ri\u00eang cho h\u1ed9i vi\u00ean\"\n    data-right-thirteen-string=\"NHI\u1ec0U ph\u1ea7n th\u01b0\u1edfng h\u01a1n\"\n    data-right-fourteen-string=\"T\u1ef1 \u0111\u1ed9ng n\u00e2ng l\u00ean h\u1ea1ng th\u1ebb Silver trong h\u1ec7 th\u1ed1ng ALL \u2013 Accor Live Limitless\"\n    data-right-fifteen-string=\"Kh\u00e1m ph\u00e1 nhi\u1ec1u h\u01a1n\"\n    data-voucher-string=\"Phi\u1ebfu qu\u00e0 t\u1eb7ng\"\n    >\n  <\/div>\n<\/div>\n\n\n<div class=\"mod-core core-paragraph\" style=\"background-color:initial;\"><div class=\"grid-container\">\n<p><\/p>\n<\/div><\/div>","protected":false},"excerpt":{"rendered":"","protected":false},"author":1,"featured_media":0,"parent":0,"menu_order":0,"comment_status":"closed","ping_status":"closed","template":"","meta":{"_acf_changed":false,"footnotes":""},"class_list":["post-90424","page","type-page","status-publish","hentry"],"acf":[],"yoast_head":"<!-- This site is optimized with the Yoast SEO Premium plugin v24.4 (Yoast SEO v27.1.1) - https:\/\/yoast.com\/product\/yoast-seo-premium-wordpress\/ -->\n<title>Profile - ALL Accor+ Explorer Vietnam<\/title>\n<meta name=\"description\" content=\"At Accor Plus, your preferences matter. Explore your profile to unlock full potential of personalized service tailored just for you.\" \/>\n<meta name=\"robots\" content=\"index, follow, max-snippet:-1, max-image-preview:large, max-video-preview:-1\" \/>\n<link rel=\"canonical\" href=\"https:\/\/www.accorplus.com\/vn\/vi\/profile\/\" \/>\n<meta property=\"og:locale\" content=\"vi_VN\" \/>\n<meta property=\"og:type\" content=\"article\" \/>\n<meta property=\"og:title\" content=\"Profile\" \/>\n<meta property=\"og:description\" content=\"At Accor Plus, your preferences matter. Explore your profile to unlock full potential of personalized service tailored just for you.\" \/>\n<meta property=\"og:url\" content=\"https:\/\/www.accorplus.com\/vn\/vi\/profile\/\" \/>\n<meta property=\"og:site_name\" content=\"ALL Accor+ Explorer Vietnam\" \/>\n<meta property=\"article:modified_time\" content=\"2025-11-19T08:33:02+00:00\" \/>\n<meta property=\"og:image\" content=\"https:\/\/accorcdn.com\/wp-content\/uploads\/sites\/15\/2021\/05\/27075721\/shutterstock_619361858-scaled.jpg\" \/>\n\t<meta property=\"og:image:width\" content=\"2560\" \/>\n\t<meta property=\"og:image:height\" content=\"1707\" \/>\n\t<meta property=\"og:image:type\" content=\"image\/jpeg\" \/>\n<meta name=\"twitter:card\" content=\"summary_large_image\" \/>\n<meta name=\"twitter:label1\" content=\"Est. reading time\" \/>\n\t<meta name=\"twitter:data1\" content=\"1 minute\" \/>\n<script type=\"application\/ld+json\" class=\"yoast-schema-graph\">{\"@context\":\"https:\/\/schema.org\",\"@graph\":[{\"@type\":\"WebPage\",\"@id\":\"https:\/\/www.accorplus.com\/vn\/vi\/profile\/\",\"url\":\"https:\/\/www.accorplus.com\/vn\/vi\/profile\/\",\"name\":\"Profile - ALL Accor+ Explorer Vietnam\",\"isPartOf\":{\"@id\":\"https:\/\/www.accorplus.com\/vn\/#website\"},\"datePublished\":\"2021-05-12T19:26:09+00:00\",\"dateModified\":\"2025-11-19T08:33:02+00:00\",\"description\":\"At Accor Plus, your preferences matter. Explore your profile to unlock full potential of personalized service tailored just for you.\",\"breadcrumb\":{\"@id\":\"https:\/\/www.accorplus.com\/vn\/vi\/profile\/#breadcrumb\"},\"inLanguage\":\"vi-VN\",\"potentialAction\":[{\"@type\":\"ReadAction\",\"target\":[\"https:\/\/www.accorplus.com\/vn\/vi\/profile\/\"]}]},{\"@type\":\"BreadcrumbList\",\"@id\":\"https:\/\/www.accorplus.com\/vn\/vi\/profile\/#breadcrumb\",\"itemListElement\":[{\"@type\":\"ListItem\",\"position\":1,\"name\":\"ALL Accor+ Explorer\",\"item\":\"https:\/\/www.accorplus.com\/vn\/vi\/home-launch\/\"},{\"@type\":\"ListItem\",\"position\":2,\"name\":\"Profile\"}]},{\"@type\":\"WebSite\",\"@id\":\"https:\/\/www.accorplus.com\/vn\/#website\",\"url\":\"https:\/\/www.accorplus.com\/vn\/\",\"name\":\"ALL Accor+ Explorer Vietnam\",\"description\":\"Experience More\",\"potentialAction\":[{\"@type\":\"SearchAction\",\"target\":{\"@type\":\"EntryPoint\",\"urlTemplate\":\"https:\/\/www.accorplus.com\/vn\/?s={search_term_string}\"},\"query-input\":{\"@type\":\"PropertyValueSpecification\",\"valueRequired\":true,\"valueName\":\"search_term_string\"}}],\"inLanguage\":\"vi-VN\"}]}<\/script>\n<!-- \/ Yoast SEO Premium plugin. -->","yoast_head_json":{"title":"Profile - ALL Accor+ Explorer Vietnam","description":"At Accor Plus, your preferences matter. Explore your profile to unlock full potential of personalized service tailored just for you.","robots":{"index":"index","follow":"follow","max-snippet":"max-snippet:-1","max-image-preview":"max-image-preview:large","max-video-preview":"max-video-preview:-1"},"canonical":"https:\/\/www.accorplus.com\/vn\/vi\/profile\/","og_locale":"vi_VN","og_type":"article","og_title":"Profile","og_description":"At Accor Plus, your preferences matter. Explore your profile to unlock full potential of personalized service tailored just for you.","og_url":"https:\/\/www.accorplus.com\/vn\/vi\/profile\/","og_site_name":"ALL Accor+ Explorer Vietnam","article_modified_time":"2025-11-19T08:33:02+00:00","og_image":[{"width":2560,"height":1707,"url":"https:\/\/accorcdn.com\/wp-content\/uploads\/sites\/15\/2021\/05\/27075721\/shutterstock_619361858-scaled.jpg","type":"image\/jpeg"}],"twitter_card":"summary_large_image","twitter_misc":{"Est. reading time":"1 minute"},"schema":{"@context":"https:\/\/schema.org","@graph":[{"@type":"WebPage","@id":"https:\/\/www.accorplus.com\/vn\/vi\/profile\/","url":"https:\/\/www.accorplus.com\/vn\/vi\/profile\/","name":"Profile - ALL Accor+ Explorer Vietnam","isPartOf":{"@id":"https:\/\/www.accorplus.com\/vn\/#website"},"datePublished":"2021-05-12T19:26:09+00:00","dateModified":"2025-11-19T08:33:02+00:00","description":"At Accor Plus, your preferences matter. Explore your profile to unlock full potential of personalized service tailored just for you.","breadcrumb":{"@id":"https:\/\/www.accorplus.com\/vn\/vi\/profile\/#breadcrumb"},"inLanguage":"vi-VN","potentialAction":[{"@type":"ReadAction","target":["https:\/\/www.accorplus.com\/vn\/vi\/profile\/"]}]},{"@type":"BreadcrumbList","@id":"https:\/\/www.accorplus.com\/vn\/vi\/profile\/#breadcrumb","itemListElement":[{"@type":"ListItem","position":1,"name":"ALL Accor+ Explorer","item":"https:\/\/www.accorplus.com\/vn\/vi\/home-launch\/"},{"@type":"ListItem","position":2,"name":"Profile"}]},{"@type":"WebSite","@id":"https:\/\/www.accorplus.com\/vn\/#website","url":"https:\/\/www.accorplus.com\/vn\/","name":"ALL Accor+ Explorer Vietnam","description":"Experience More","potentialAction":[{"@type":"SearchAction","target":{"@type":"EntryPoint","urlTemplate":"https:\/\/www.accorplus.com\/vn\/?s={search_term_string}"},"query-input":{"@type":"PropertyValueSpecification","valueRequired":true,"valueName":"search_term_string"}}],"inLanguage":"vi-VN"}]}},"_links":{"self":[{"href":"https:\/\/www.accorplus.com\/vn\/vi\/wp-json\/wp\/v2\/pages\/90424","targetHints":{"allow":["GET"]}}],"collection":[{"href":"https:\/\/www.accorplus.com\/vn\/vi\/wp-json\/wp\/v2\/pages"}],"about":[{"href":"https:\/\/www.accorplus.com\/vn\/vi\/wp-json\/wp\/v2\/types\/page"}],"author":[{"embeddable":true,"href":"https:\/\/www.accorplus.com\/vn\/vi\/wp-json\/wp\/v2\/users\/1"}],"replies":[{"embeddable":true,"href":"https:\/\/www.accorplus.com\/vn\/vi\/wp-json\/wp\/v2\/comments?post=90424"}],"version-history":[{"count":9,"href":"https:\/\/www.accorplus.com\/vn\/vi\/wp-json\/wp\/v2\/pages\/90424\/revisions"}],"predecessor-version":[{"id":94500,"href":"https:\/\/www.accorplus.com\/vn\/vi\/wp-json\/wp\/v2\/pages\/90424\/revisions\/94500"}],"wp:attachment":[{"href":"https:\/\/www.accorplus.com\/vn\/vi\/wp-json\/wp\/v2\/media?parent=90424"}],"curies":[{"name":"wp","href":"https:\/\/api.w.org\/{rel}","templated":true}]}}