{"id":59797,"date":"2024-04-12T19:17:44","date_gmt":"2024-04-12T11:17:44","guid":{"rendered":"https:\/\/www.accorplus.com\/vn\/join-accorplus-with-vietjet\/"},"modified":"2025-10-24T12:01:04","modified_gmt":"2025-10-24T04:01:04","slug":"skyjoy","status":"publish","type":"page","link":"https:\/\/www.accorplus.com\/vn\/vi\/skyjoy\/","title":{"rendered":"T\u00edch \u0111i\u1ec3m Vietjet SkyJoy c\u00f9ng ALL Accor+ Explorer"},"content":{"rendered":"\n<div class=\"module mod-page-header theme-default theme-dark no-padding no-border\" data-autoload-module=\"page-header\" data-content-change=\"\">\n    <div class=\"logged-out\">\n                    \n    <div class=\"component-image\" data-autoload-component=\"image\">\n                    <div class=\"image lazy-image\"\n                 data-src=\"https:\/\/etqk82p44vf.exactdn.com\/wp-content\/uploads\/sites\/15\/2024\/05\/08112537\/skyjoy-banner-updated.jpg?strip=all&#038;sharp=1\"\n                 data-src-mobile=\"https:\/\/etqk82p44vf.exactdn.com\/wp-content\/uploads\/sites\/15\/2024\/05\/08112537\/skyjoy-banner-updated-900x600.jpg?strip=all&#038;sharp=1\">\n                    <div class=\"overlay\"><\/div>\n                    <\/div>\n            <\/div>\n        \n        <div class=\"grid-container\">\n            <div class=\"page-header-inner grid-x align-center align-middle\">\n                <div class=\"cell medium-10 text-center\">\n                    <h1 class=\"page-header-title large-hero-title\">T\u00edch \u0111i\u1ec3m Vietjet SkyJoy c\u00f9ng ALL Accor+ Explorer<\/h1>\n                    <p class=\"page-header-content lead\"><\/p>\n\n                    \n                <\/div>\n            <\/div>\n        <\/div>\n    <\/div>\n\n    <div class=\"logged-in hide\">\n                    \n    <div class=\"component-image\" data-autoload-component=\"image\">\n                    <div class=\"image lazy-image\"\n                 data-src=\"https:\/\/etqk82p44vf.exactdn.com\/wp-content\/uploads\/sites\/15\/2024\/05\/08112537\/skyjoy-banner-updated.jpg?strip=all&#038;sharp=1\"\n                 data-src-mobile=\"https:\/\/etqk82p44vf.exactdn.com\/wp-content\/uploads\/sites\/15\/2024\/05\/08112537\/skyjoy-banner-updated-900x600.jpg?strip=all&#038;sharp=1\">\n                    <div class=\"overlay\"><\/div>\n                    <\/div>\n            <\/div>\n        \n        <div class=\"grid-container\">\n            <div class=\"page-header-inner grid-x align-center align-middle\">\n                <div class=\"cell text-center\">\n                                            <h1 class=\"page-header-title large-hero-title\">T\u00edch \u0111i\u1ec3m Vietjet SkyJoy c\u00f9ng ALL Accor+ Explorer<\/h1>\n                    \n                                            <p class=\"page-header-content lead\"><\/p>\n                    \n                    \n                <\/div>\n            <\/div>\n        <\/div>\n    <\/div>\n\n    \n    <div class=\"logged-in-all hide\">\n                    \n    <div class=\"component-image\" data-autoload-component=\"image\">\n                    <div class=\"image lazy-image\"\n                 data-src=\"https:\/\/etqk82p44vf.exactdn.com\/wp-content\/uploads\/sites\/15\/2024\/05\/08112537\/skyjoy-banner-updated.jpg?strip=all&#038;sharp=1\"\n                 data-src-mobile=\"https:\/\/etqk82p44vf.exactdn.com\/wp-content\/uploads\/sites\/15\/2024\/05\/08112537\/skyjoy-banner-updated-900x600.jpg?strip=all&#038;sharp=1\">\n                    <div class=\"overlay\"><\/div>\n                    <\/div>\n            <\/div>\n        \n        <div class=\"grid-container\">\n            <div class=\"page-header-inner grid-x align-center align-middle\">\n                <div class=\"cell text-center\">\n                    <h1 class=\"page-header-title large-hero-title\"><\/h1>\n                    <p class=\"page-header-content lead\"><\/p>\n\n                    <div class=\"banner-buttons button-group button-group-margin-top-small align-center\">\n\n                    <a href=\" https:\/\/checkout.accorplus.com\/product\/vn-explorer\" class=\"button theme-primary\" target=\"\" data-autoload-component=\"button\">\n                        <span><svg width=\"20\" height=\"20\" viewBox=\"0 0 20 20\" xmlns=\"http:\/\/www.w3.org\/2000\/svg\" class=\"icon\"><path d=\"M17.42 10l-6.951-6.95-1.326 1.325 4.687 4.688H2.97v1.874H13.83l-4.687 4.688 1.326 1.326L17.419 10z\"><\/path><\/svg><\/span>\n                    <\/a>\n                    <\/div>\n                <\/div>\n            <\/div>\n        <\/div>\n    <\/div>\n<\/div>\n<div class=\"grid-container\">\n    <div class=\"grid-x align-middle\">\n        <div class=\"small-12 medium-8\">\n        <p id=\"breadcrumbs\" class=\"page-header-breadcrumbs small-label\"><span><span><a href=\"https:\/\/www.accorplus.com\/vn\/vi\/home-launch\/\">ALL Accor+ Explorer<\/a><\/span><\/span><\/p>        <\/div>\n        <div class=\"small-12 medium-4\">\n        \n    <div data-autoload-component=\"social-share\" class=\"component component-social-share flex-container align-middle\">\n        <div class=\"shares\">\n                            <a\n                    class='share-button-wrapper'\n                    id=\"facebook\"\n                    href=\"https:\/\/facebook.com\/sharer\/sharer.php?u=https%3A%2F%2Fwww.accorplus.com%2Fvn%2Fvi%2Fskyjoy%2F\"\n                    target='_blank'\n                    rel='nofollow noopener'\n                    aria-label='Share on Facebook'\n                  >\n            \t    <svg class=\"icon\"><\/svg>                  <\/a>\n                          <\/div>\n    <\/div>\n        <\/div>\n    <\/div>\n<\/div>\n\n\n<div class=\"mod-core core-columns\" style=\"background-color:;\"><div class=\"grid-container\"><div class=\"grid-x grid-margin-x grid-margin-y\">\n<div class=\"wp-block-column is-layout-flow wp-block-column-is-layout-flow\" style=\"flex-basis:68%\">\n<div class=\"module mod-text theme-default\" data-autoload-module=\"text\">\n  <div class=\"grid-container\">\n    <div class=\"grid-x grid-margin-x\">\n      <div class=\"cell large-12\">\n        <div class=\"rte\">\n          <h4>\u0110\u0102NG K\u00dd TH\u1eba H\u1ed8I VI\u00caN ALL ACCOR+ EXPLORER, T\u00cdCH NGAY \u0110I\u1ec2M VIETJET SKYJOY<\/h4>\n<p>T\u1eeb ng\u00e0y 01\/04\/2025, khi \u0111\u0103ng k\u00fd th\u1ebb ALL Accor+ Explorer t\u1ea1i trang n\u00e0y, b\u1ea1n s\u1ebd t\u1eadn h\u01b0\u1edfng \u01b0u \u0111\u00e3i h\u1ea5p d\u1eabn:<\/p>\n<p>&#8211; Nh\u1eadn 5.500 SkyPoint khi \u0111\u0103ng k\u00fd th\u1ebb ALL Accor+ Explorer<\/p>\n<p><strong>Quy\u1ec1n l\u1ee3i cho H\u1ed9i vi\u00ean Vietjet SkyJoy khi s\u1eed d\u1ee5ng \u0111i\u1ec3m SkyPoint:<\/strong><\/p>\n<p>&#8211; \u0110\u1ed5i th\u01b0\u1edfng v\u00e9 m\u00e1y bay Vietjet<br \/>\n&#8211; \u0110\u1ed5i th\u01b0\u1edfng voucher c\u1ee7a h\u01a1n 250 \u0111\u1ed1i t\u00e1c c\u1ee7a Vietjet SkyJoy trong c\u00e1c l\u0129nh v\u1ef1c du l\u1ecbch, mua s\u1eafm, \u1ea9m th\u1ef1c,\u2026<br \/>\n&#8211; H\u01b0\u1edfng c\u00e1c d\u1ecbch v\u1ee5 \u01b0u ti\u00ean t\u1ea1i s\u00e2n bay \u0111\u1ed1i v\u1edbi H\u1ed9i vi\u00ean Vietjet SkyJoy h\u1ea1ng Gold ho\u1eb7c Diamond<\/p>\n<p><strong>H\u01b0\u1edbng d\u1eabn c\u00e1ch nh\u1eadn \u01b0u \u0111\u00e3i:<\/strong><\/p>\n<p><strong>B\u01b0\u1edbc 1: <\/strong>B\u1ea5m v\u00e0o n\u00fat &#8220;\u0110\u0103ng k\u00fd&#8221; b\u00ean d\u01b0\u1edbi<\/p>\n<p><strong>B\u01b0\u1edbc 2: <\/strong>\u0110i\u1ec1n \u0111\u1ea7y \u0111\u1ee7 th\u00f4ng tin v\u00e0 \u0111i\u1ec1n \u0111\u00fang m\u00e3 H\u1ed9i vi\u00ean Vietjet SkyJoy c\u1ee7a b\u1ea1n<\/p>\n<p>N\u1ebfu ch\u01b0a c\u00f3 m\u00e3 H\u1ed9i vi\u00ean Vietjet SkyJoy, t\u1ea3i \u1ee9ng d\u1ee5ng SkyJoy v\u00e0 \u0111\u0103ng k\u00fd t\u1ea1i: <a href=\"https:\/\/apps.apple.com\/us\/app\/skyjoy\/id1658311716\" target=\"_blank\" rel=\"noopener\">https:\/\/onelink.to\/4845mn<\/a>. M\u00e3 H\u1ed9i vi\u00ean Vietjet SkyJoy hi\u1ec3n th\u1ecb t\u1ea1i trang ch\u1ee7 c\u1ee7a \u1ee9ng d\u1ee5ng SkyJoy, c\u00f3 \u0111\u1ecbnh d\u1ea1ng SJxxxxxxxxxx.<\/p>\n<p><strong>B\u01b0\u1edbc 3:<\/strong> \u0110\u0103ng k\u00fd g\u00f3i h\u1ed9i vi\u00ean ALL Accor+ Explorer theo nhu c\u1ea7u. \u0110i\u1ec3m SkyPoint s\u1ebd \u0111\u01b0\u1ee3c c\u1ed9ng v\u00e0o t\u00e0i kho\u1ea3n H\u1ed9i vi\u00ean Vietjet SkyJoy c\u1ee7a b\u1ea1n t\u1eeb 07 \u0111\u1ebfn 30 ng\u00e0y l\u00e0m vi\u1ec7c sau khi ho\u00e0n th\u00e0nh \u0111\u0103ng k\u00fd.<\/p>\n<p>\u0110i\u1ec1u ki\u1ec7n v\u00e0 \u0111i\u1ec1u kho\u1ea3n chi ti\u1ebft b\u00ean d\u01b0\u1edbi<\/p>\n        <\/div>\n      <\/div>\n    <\/div>\n  <\/div>\n<\/div>\n<\/div>\n\n<div class=\"wp-block-column is-layout-flow wp-block-column-is-layout-flow\" style=\"flex-basis:27%\">\n<div class=\"module mod-image theme-default\" data-autoload-module=\"image\">\n  <div class=\"grid-container\">\n        <div class=\"grid-x image-container \">\n                        <div class=\"cell image-single small-12 large-auto\">\n                        <img decoding=\"async\" src=\"https:\/\/etqk82p44vf.exactdn.com\/wp-content\/uploads\/sites\/15\/2024\/04\/10184634\/vietjet-logo.jpg?strip=all&#038;sharp=1\" alt=\"Skyjoy logo\">\n                      <\/div>\n                  <\/div>\n  <\/div>\n<\/div><\/div>\n<\/div><\/div><\/div>\n\n\n<div class=\"module mod-text theme-default\" data-autoload-module=\"text\">\n  <div class=\"grid-container\">\n    <div class=\"grid-x grid-margin-x\">\n      <div class=\"cell large-12\">\n        <div class=\"rte\">\n          <h4 style=\"text-align: center;\">TR\u1ea2I NGHI\u1ec6M C\u00d9NG ALL ACCOR+ EXPLORER<\/h4>\n        <\/div>\n      <\/div>\n    <\/div>\n  <\/div>\n<\/div>\n\n\n\n<div class=\"module mod-buttons theme-default\" data-autoload-module=\"buttons\" data-visibility=\"all\">\n  <div class=\"grid-container\">\n              <div class=\"grid-container\">\n                        <div class=\"button-group align-center\">\n                \n    <a href=\"https:\/\/www.accorplus.com\/vn\/vi\/vietjet-membership\/\"\n       class=\"button  theme-primary\"\n       target=\"\" data-autoload-component=\"button\">\n        <span>\u0110\u0102NG K\u00dd<svg width=\"20\" height=\"20\" viewBox=\"0 0 20 20\" xmlns=\"http:\/\/www.w3.org\/2000\/svg\" class=\"icon\"><path d=\"M17.42 10l-6.951-6.95-1.326 1.325 4.687 4.688H2.97v1.874H13.83l-4.687 4.688 1.326 1.326L17.419 10z\" \/><\/svg>\n<\/span>\n    <\/a>\n            <\/div>\n          <\/div>\n        <\/div>\n<\/div>\n\n\n\n<div class=\"module mod-text theme-default\" data-autoload-module=\"text\">\n  <div class=\"grid-container\">\n    <div class=\"grid-x grid-margin-x\">\n      <div class=\"cell large-12\">\n        <div class=\"rte\">\n          <p><strong>\u0110i\u1ec1u ki\u1ec7n v\u00e0 \u0111i\u1ec1u kho\u1ea3n<\/strong><\/p>\n<ul>\n<li>Ch\u01b0\u01a1ng tr\u00ecnh \u00e1p d\u1ee5ng cho t\u1ea5t c\u1ea3 c\u00e1c giao d\u1ecbch mua th\u1ebb h\u1ed9i vi\u00ean ALL Accor+ Explorer m\u1edbi t\u1eeb ng\u00e0y 23\/05\/2024. N\u1ebfu h\u1ed9i vi\u00ean \u0111\u00e3 t\u1eebng \u0111\u0103ng k\u00fd th\u1ebb ALL Accor+ Explorer th\u00ec th\u1ebb h\u1ed9i vi\u00ean \u0111\u00f3 ph\u1ea3i h\u1ebft h\u1ea1n tr\u00ean 60 ng\u00e0y \u0111\u1ec3 th\u1ecfa \u0111i\u1ec1u ki\u1ec7n tham gia ch\u01b0\u01a1ng tr\u00ecnh.<\/li>\n<li>\u0110i\u1ec3m SkyPoint ch\u1ec9 \u0111\u01b0\u1ee3c c\u1ed9ng khi H\u1ed9i vi\u00ean Vietjet SkyJoy cung c\u1ea5p \u0111\u00fang m\u00e3 H\u1ed9i vi\u00ean Vietjet SkyJoy trong qu\u00e1 tr\u00ecnh \u0111\u0103ng k\u00fd th\u1ebb h\u1ed9i vi\u00ean ALL Accor+ Explorer.<\/li>\n<li>H\u1ed9i vi\u00ean Vietjet SkyJoy qu\u00ean kh\u00f4ng nh\u1eadp m\u00e3 H\u1ed9i vi\u00ean Vietjet SkyJoy s\u1ebd kh\u00f4ng \u0111\u01b0\u1ee3c c\u1ed9ng \u0111i\u1ec3m trong m\u1ecdi tr\u01b0\u1eddng h\u1ee3p.<\/li>\n<li>Ch\u01b0\u01a1ng tr\u00ecnh kh\u00f4ng \u00e1p d\u1ee5ng c\u00f9ng l\u00fac v\u1edbi c\u00e1c \u01b0u \u0111\u00e3i hay ch\u01b0\u01a1ng tr\u00ecnh khuy\u1ebfn m\u1ea1i kh\u00e1c c\u1ee7a ALL Accor+ Explorer.\n<p>Vietjet SkyJoy l\u00e0 ch\u01b0\u01a1ng tr\u00ecnh Kh\u00e1ch h\u00e0ng th\u00e2n thi\u1ebft d\u1eabn d\u1eaft b\u1edfi H\u00e3ng h\u00e0ng kh\u00f4ng Vietjet, mang \u0111\u1ebfn ni\u1ec1m vui cho m\u1ed7i H\u1ed9i vi\u00ean th\u00f4ng qua c\u01a1 h\u1ed9i t\u00edch l\u0169y v\u00e0 \u0111\u1ed5i \u0111i\u1ec3m th\u01b0\u1edfng b\u1ea5t t\u1eadn t\u1ea1i Vi\u1ec7t Nam v\u00e0 tr\u00ean th\u1ebf gi\u1edbi. Kh\u00e1m ph\u00e1 th\u00eam v\u1ec1 Vietjet SkyJoy t\u1ea1i: <a href=\"https:\/\/skyjoy.vietjetair.com\/\" target=\"_blank\" rel=\"noopener\">https:\/\/skyjoy.vietjetair.com\/<\/a>.<\/li>\n<\/ul>\n        <\/div>\n      <\/div>\n    <\/div>\n  <\/div>\n<\/div>\n","protected":false},"excerpt":{"rendered":"","protected":false},"author":37,"featured_media":60835,"parent":0,"menu_order":0,"comment_status":"closed","ping_status":"closed","template":"","meta":{"_acf_changed":false,"footnotes":""},"class_list":["post-59797","page","type-page","status-publish","has-post-thumbnail","hentry"],"acf":[],"yoast_head":"<!-- This site is optimized with the Yoast SEO Premium plugin v24.4 (Yoast SEO v27.1.1) - https:\/\/yoast.com\/product\/yoast-seo-premium-wordpress\/ -->\n<title>T\u00edch \u0111i\u1ec3m Vietjet SkyJoy c\u00f9ng ALL Accor+ Explorer - ALL Accor+ Explorer Vietnam<\/title>\n<meta name=\"description\" content=\"Join ALL Accor+ Explorer from April 1, 2025, and earn 5,500 Vietjet SkyJoy points. Redeem points for Vietjet flights, vouchers, and priority airport services. Limited-time offer!\" \/>\n<meta name=\"robots\" content=\"index, follow, max-snippet:-1, max-image-preview:large, max-video-preview:-1\" \/>\n<link rel=\"canonical\" href=\"https:\/\/www.accorplus.com\/vn\/vi\/skyjoy\/\" \/>\n<meta property=\"og:locale\" content=\"vi_VN\" \/>\n<meta property=\"og:type\" content=\"article\" \/>\n<meta property=\"og:title\" content=\"T\u00edch \u0111i\u1ec3m Vietjet SkyJoy c\u00f9ng ALL Accor+ Explorer\" \/>\n<meta property=\"og:description\" content=\"Join ALL Accor+ Explorer from April 1, 2025, and earn 5,500 Vietjet SkyJoy points. Redeem points for Vietjet flights, vouchers, and priority airport services. Limited-time offer!\" \/>\n<meta property=\"og:url\" content=\"https:\/\/www.accorplus.com\/vn\/vi\/skyjoy\/\" \/>\n<meta property=\"og:site_name\" content=\"ALL Accor+ Explorer Vietnam\" \/>\n<meta property=\"article:modified_time\" content=\"2025-10-24T04:01:04+00:00\" \/>\n<meta property=\"og:image\" content=\"https:\/\/accorcdn.com\/wp-content\/uploads\/sites\/15\/2024\/05\/08112537\/skyjoy-banner-updated.jpg\" \/>\n\t<meta property=\"og:image:width\" content=\"2048\" \/>\n\t<meta property=\"og:image:height\" content=\"1366\" \/>\n\t<meta property=\"og:image:type\" content=\"image\/jpeg\" \/>\n<meta name=\"twitter:card\" content=\"summary_large_image\" \/>\n<meta name=\"twitter:label1\" content=\"Est. reading time\" \/>\n\t<meta name=\"twitter:data1\" content=\"3 minutes\" \/>\n<script type=\"application\/ld+json\" class=\"yoast-schema-graph\">{\"@context\":\"https:\/\/schema.org\",\"@graph\":[{\"@type\":\"WebPage\",\"@id\":\"https:\/\/www.accorplus.com\/vn\/vi\/skyjoy\/\",\"url\":\"https:\/\/www.accorplus.com\/vn\/vi\/skyjoy\/\",\"name\":\"T\u00edch \u0111i\u1ec3m Vietjet SkyJoy c\u00f9ng ALL Accor+ Explorer - ALL Accor+ Explorer Vietnam\",\"isPartOf\":{\"@id\":\"https:\/\/www.accorplus.com\/vn\/#website\"},\"primaryImageOfPage\":{\"@id\":\"https:\/\/www.accorplus.com\/vn\/vi\/skyjoy\/#primaryimage\"},\"image\":{\"@id\":\"https:\/\/www.accorplus.com\/vn\/vi\/skyjoy\/#primaryimage\"},\"thumbnailUrl\":\"https:\/\/etqk82p44vf.exactdn.com\/wp-content\/uploads\/sites\/15\/2024\/05\/08112537\/skyjoy-banner-updated.jpg?strip=all&sharp=1\",\"datePublished\":\"2024-04-12T11:17:44+00:00\",\"dateModified\":\"2025-10-24T04:01:04+00:00\",\"description\":\"Join ALL Accor+ Explorer from April 1, 2025, and earn 5,500 Vietjet SkyJoy points. Redeem points for Vietjet flights, vouchers, and priority airport services. Limited-time offer!\",\"breadcrumb\":{\"@id\":\"https:\/\/www.accorplus.com\/vn\/vi\/skyjoy\/#breadcrumb\"},\"inLanguage\":\"vi-VN\",\"potentialAction\":[{\"@type\":\"ReadAction\",\"target\":[\"https:\/\/www.accorplus.com\/vn\/vi\/skyjoy\/\"]}]},{\"@type\":\"ImageObject\",\"inLanguage\":\"vi-VN\",\"@id\":\"https:\/\/www.accorplus.com\/vn\/vi\/skyjoy\/#primaryimage\",\"url\":\"https:\/\/etqk82p44vf.exactdn.com\/wp-content\/uploads\/sites\/15\/2024\/05\/08112537\/skyjoy-banner-updated.jpg?strip=all&sharp=1\",\"contentUrl\":\"https:\/\/etqk82p44vf.exactdn.com\/wp-content\/uploads\/sites\/15\/2024\/05\/08112537\/skyjoy-banner-updated.jpg?strip=all&sharp=1\",\"width\":2048,\"height\":1366,\"caption\":\"Earn Vietjet SkyJoy points with Accor Plus\"},{\"@type\":\"BreadcrumbList\",\"@id\":\"https:\/\/www.accorplus.com\/vn\/vi\/skyjoy\/#breadcrumb\",\"itemListElement\":[{\"@type\":\"ListItem\",\"position\":1,\"name\":\"ALL Accor+ Explorer\",\"item\":\"https:\/\/www.accorplus.com\/vn\/vi\/home-launch\/\"},{\"@type\":\"ListItem\",\"position\":2,\"name\":\"T\u00edch \u0111i\u1ec3m Vietjet SkyJoy c\u00f9ng ALL Accor+ Explorer\"}]},{\"@type\":\"WebSite\",\"@id\":\"https:\/\/www.accorplus.com\/vn\/#website\",\"url\":\"https:\/\/www.accorplus.com\/vn\/\",\"name\":\"ALL Accor+ Explorer Vietnam\",\"description\":\"Experience More\",\"potentialAction\":[{\"@type\":\"SearchAction\",\"target\":{\"@type\":\"EntryPoint\",\"urlTemplate\":\"https:\/\/www.accorplus.com\/vn\/?s={search_term_string}\"},\"query-input\":{\"@type\":\"PropertyValueSpecification\",\"valueRequired\":true,\"valueName\":\"search_term_string\"}}],\"inLanguage\":\"vi-VN\"}]}<\/script>\n<!-- \/ Yoast SEO Premium plugin. -->","yoast_head_json":{"title":"T\u00edch \u0111i\u1ec3m Vietjet SkyJoy c\u00f9ng ALL Accor+ Explorer - ALL Accor+ Explorer Vietnam","description":"Join ALL Accor+ Explorer from April 1, 2025, and earn 5,500 Vietjet SkyJoy points. Redeem points for Vietjet flights, vouchers, and priority airport services. Limited-time offer!","robots":{"index":"index","follow":"follow","max-snippet":"max-snippet:-1","max-image-preview":"max-image-preview:large","max-video-preview":"max-video-preview:-1"},"canonical":"https:\/\/www.accorplus.com\/vn\/vi\/skyjoy\/","og_locale":"vi_VN","og_type":"article","og_title":"T\u00edch \u0111i\u1ec3m Vietjet SkyJoy c\u00f9ng ALL Accor+ Explorer","og_description":"Join ALL Accor+ Explorer from April 1, 2025, and earn 5,500 Vietjet SkyJoy points. Redeem points for Vietjet flights, vouchers, and priority airport services. Limited-time offer!","og_url":"https:\/\/www.accorplus.com\/vn\/vi\/skyjoy\/","og_site_name":"ALL Accor+ Explorer Vietnam","article_modified_time":"2025-10-24T04:01:04+00:00","og_image":[{"width":2048,"height":1366,"url":"https:\/\/accorcdn.com\/wp-content\/uploads\/sites\/15\/2024\/05\/08112537\/skyjoy-banner-updated.jpg","type":"image\/jpeg"}],"twitter_card":"summary_large_image","twitter_misc":{"Est. reading time":"3 minutes"},"schema":{"@context":"https:\/\/schema.org","@graph":[{"@type":"WebPage","@id":"https:\/\/www.accorplus.com\/vn\/vi\/skyjoy\/","url":"https:\/\/www.accorplus.com\/vn\/vi\/skyjoy\/","name":"T\u00edch \u0111i\u1ec3m Vietjet SkyJoy c\u00f9ng ALL Accor+ Explorer - ALL Accor+ Explorer Vietnam","isPartOf":{"@id":"https:\/\/www.accorplus.com\/vn\/#website"},"primaryImageOfPage":{"@id":"https:\/\/www.accorplus.com\/vn\/vi\/skyjoy\/#primaryimage"},"image":{"@id":"https:\/\/www.accorplus.com\/vn\/vi\/skyjoy\/#primaryimage"},"thumbnailUrl":"https:\/\/etqk82p44vf.exactdn.com\/wp-content\/uploads\/sites\/15\/2024\/05\/08112537\/skyjoy-banner-updated.jpg?strip=all&sharp=1","datePublished":"2024-04-12T11:17:44+00:00","dateModified":"2025-10-24T04:01:04+00:00","description":"Join ALL Accor+ Explorer from April 1, 2025, and earn 5,500 Vietjet SkyJoy points. Redeem points for Vietjet flights, vouchers, and priority airport services. Limited-time offer!","breadcrumb":{"@id":"https:\/\/www.accorplus.com\/vn\/vi\/skyjoy\/#breadcrumb"},"inLanguage":"vi-VN","potentialAction":[{"@type":"ReadAction","target":["https:\/\/www.accorplus.com\/vn\/vi\/skyjoy\/"]}]},{"@type":"ImageObject","inLanguage":"vi-VN","@id":"https:\/\/www.accorplus.com\/vn\/vi\/skyjoy\/#primaryimage","url":"https:\/\/etqk82p44vf.exactdn.com\/wp-content\/uploads\/sites\/15\/2024\/05\/08112537\/skyjoy-banner-updated.jpg?strip=all&sharp=1","contentUrl":"https:\/\/etqk82p44vf.exactdn.com\/wp-content\/uploads\/sites\/15\/2024\/05\/08112537\/skyjoy-banner-updated.jpg?strip=all&sharp=1","width":2048,"height":1366,"caption":"Earn Vietjet SkyJoy points with Accor Plus"},{"@type":"BreadcrumbList","@id":"https:\/\/www.accorplus.com\/vn\/vi\/skyjoy\/#breadcrumb","itemListElement":[{"@type":"ListItem","position":1,"name":"ALL Accor+ Explorer","item":"https:\/\/www.accorplus.com\/vn\/vi\/home-launch\/"},{"@type":"ListItem","position":2,"name":"T\u00edch \u0111i\u1ec3m Vietjet SkyJoy c\u00f9ng ALL Accor+ Explorer"}]},{"@type":"WebSite","@id":"https:\/\/www.accorplus.com\/vn\/#website","url":"https:\/\/www.accorplus.com\/vn\/","name":"ALL Accor+ Explorer Vietnam","description":"Experience More","potentialAction":[{"@type":"SearchAction","target":{"@type":"EntryPoint","urlTemplate":"https:\/\/www.accorplus.com\/vn\/?s={search_term_string}"},"query-input":{"@type":"PropertyValueSpecification","valueRequired":true,"valueName":"search_term_string"}}],"inLanguage":"vi-VN"}]}},"_links":{"self":[{"href":"https:\/\/www.accorplus.com\/vn\/vi\/wp-json\/wp\/v2\/pages\/59797","targetHints":{"allow":["GET"]}}],"collection":[{"href":"https:\/\/www.accorplus.com\/vn\/vi\/wp-json\/wp\/v2\/pages"}],"about":[{"href":"https:\/\/www.accorplus.com\/vn\/vi\/wp-json\/wp\/v2\/types\/page"}],"author":[{"embeddable":true,"href":"https:\/\/www.accorplus.com\/vn\/vi\/wp-json\/wp\/v2\/users\/37"}],"replies":[{"embeddable":true,"href":"https:\/\/www.accorplus.com\/vn\/vi\/wp-json\/wp\/v2\/comments?post=59797"}],"version-history":[{"count":10,"href":"https:\/\/www.accorplus.com\/vn\/vi\/wp-json\/wp\/v2\/pages\/59797\/revisions"}],"predecessor-version":[{"id":94061,"href":"https:\/\/www.accorplus.com\/vn\/vi\/wp-json\/wp\/v2\/pages\/59797\/revisions\/94061"}],"wp:featuredmedia":[{"embeddable":true,"href":"https:\/\/www.accorplus.com\/vn\/vi\/wp-json\/wp\/v2\/media\/60835"}],"wp:attachment":[{"href":"https:\/\/www.accorplus.com\/vn\/vi\/wp-json\/wp\/v2\/media?parent=59797"}],"curies":[{"name":"wp","href":"https:\/\/api.w.org\/{rel}","templated":true}]}}