{"id":57768,"date":"2024-03-15T13:55:27","date_gmt":"2024-03-15T05:55:27","guid":{"rendered":"https:\/\/www.accorplus.com\/vn\/?page_id=57768"},"modified":"2024-03-18T12:39:06","modified_gmt":"2024-03-18T04:39:06","slug":"todays-the-day-take-25-off-memberships","status":"publish","type":"page","link":"https:\/\/www.accorplus.com\/vn\/vi\/todays-the-day-take-25-off-memberships\/","title":{"rendered":"Ng\u00e0y n\u00e0y \u0111\u00e3 \u0111\u1ebfn &#8211; gi\u1ea3m 25% ph\u00ed th\u1ebb h\u1ed9i vi\u00ean"},"content":{"rendered":"\n<div class=\"module mod-page-header theme-default theme-dark no-padding no-border\" data-autoload-module=\"page-header\" data-content-change=\"\">\n    <div class=\"logged-out\">\n                    \n    <div class=\"component-image\" data-autoload-component=\"image\">\n                    <div class=\"image lazy-image\"\n                 data-src=\"https:\/\/etqk82p44vf.exactdn.com\/wp-content\/uploads\/sites\/15\/2024\/03\/18105947\/25-percent-off-banner-new.jpg?strip=all&#038;sharp=1\"\n                 data-src-mobile=\"https:\/\/etqk82p44vf.exactdn.com\/wp-content\/uploads\/sites\/15\/2024\/03\/18105947\/25-percent-off-banner-new-900x600.jpg?strip=all&#038;sharp=1\">\n                    <div class=\"overlay\"><\/div>\n                    <\/div>\n            <\/div>\n        \n        <div class=\"grid-container\">\n            <div class=\"page-header-inner grid-x align-center align-middle\">\n                <div class=\"cell medium-10 text-center\">\n                    <h1 class=\"page-header-title large-hero-title\">Ng\u00e0y n\u00e0y \u0111\u00e3 \u0111\u1ebfn &#8211; gi\u1ea3m 25% ph\u00ed th\u1ebb h\u1ed9i vi\u00ean<\/h1>\n                    <p class=\"page-header-content lead\"><\/p>\n\n                    \n                <\/div>\n            <\/div>\n        <\/div>\n    <\/div>\n\n    <div class=\"logged-in hide\">\n                    \n    <div class=\"component-image\" data-autoload-component=\"image\">\n                    <div class=\"image lazy-image\"\n                 data-src=\"https:\/\/etqk82p44vf.exactdn.com\/wp-content\/uploads\/sites\/15\/2024\/03\/18105947\/25-percent-off-banner-new.jpg?strip=all&#038;sharp=1\"\n                 data-src-mobile=\"https:\/\/etqk82p44vf.exactdn.com\/wp-content\/uploads\/sites\/15\/2024\/03\/18105947\/25-percent-off-banner-new-900x600.jpg?strip=all&#038;sharp=1\">\n                    <div class=\"overlay\"><\/div>\n                    <\/div>\n            <\/div>\n        \n        <div class=\"grid-container\">\n            <div class=\"page-header-inner grid-x align-center align-middle\">\n                <div class=\"cell text-center\">\n                                            <h1 class=\"page-header-title large-hero-title\"><\/h1>\n                    \n                                            <p class=\"page-header-content lead\"><\/p>\n                    \n                    \n                <\/div>\n            <\/div>\n        <\/div>\n    <\/div>\n\n    \n    <div class=\"logged-in-all hide\">\n                    \n    <div class=\"component-image\" data-autoload-component=\"image\">\n                    <div class=\"image lazy-image\"\n                 data-src=\"https:\/\/etqk82p44vf.exactdn.com\/wp-content\/uploads\/sites\/15\/2024\/03\/18105947\/25-percent-off-banner-new.jpg?strip=all&#038;sharp=1\"\n                 data-src-mobile=\"https:\/\/etqk82p44vf.exactdn.com\/wp-content\/uploads\/sites\/15\/2024\/03\/18105947\/25-percent-off-banner-new-900x600.jpg?strip=all&#038;sharp=1\">\n                    <div class=\"overlay\"><\/div>\n                    <\/div>\n            <\/div>\n        \n        <div class=\"grid-container\">\n            <div class=\"page-header-inner grid-x align-center align-middle\">\n                <div class=\"cell text-center\">\n                    <h1 class=\"page-header-title large-hero-title\"><\/h1>\n                    <p class=\"page-header-content lead\"><\/p>\n\n                    <div class=\"banner-buttons button-group button-group-margin-top-small align-center\">\n\n                    <a href=\" https:\/\/checkout.accorplus.com\/product\/vn-explorer\" class=\"button theme-primary\" target=\"\" data-autoload-component=\"button\">\n                        <span><svg width=\"20\" height=\"20\" viewBox=\"0 0 20 20\" xmlns=\"http:\/\/www.w3.org\/2000\/svg\" class=\"icon\"><path d=\"M17.42 10l-6.951-6.95-1.326 1.325 4.687 4.688H2.97v1.874H13.83l-4.687 4.688 1.326 1.326L17.419 10z\"><\/path><\/svg><\/span>\n                    <\/a>\n                    <\/div>\n                <\/div>\n            <\/div>\n        <\/div>\n    <\/div>\n<\/div>\n<div class=\"grid-container\">\n    <div class=\"grid-x align-middle\">\n        <div class=\"small-12 medium-8\">\n        <p id=\"breadcrumbs\" class=\"page-header-breadcrumbs small-label\"><span><span><a href=\"https:\/\/www.accorplus.com\/vn\/vi\/home-launch\/\">ALL Accor+ Explorer<\/a><\/span><\/span><\/p>        <\/div>\n        <div class=\"small-12 medium-4\">\n        \n    <div data-autoload-component=\"social-share\" class=\"component component-social-share flex-container align-middle\">\n        <div class=\"shares\">\n                            <a\n                    class='share-button-wrapper'\n                    id=\"facebook\"\n                    href=\"https:\/\/facebook.com\/sharer\/sharer.php?u=https%3A%2F%2Fwww.accorplus.com%2Fvn%2Fvi%2Ftodays-the-day-take-25-off-memberships%2F\"\n                    target='_blank'\n                    rel='nofollow noopener'\n                    aria-label='Share on Facebook'\n                  >\n            \t    <svg class=\"icon\"><\/svg>                  <\/a>\n                          <\/div>\n    <\/div>\n        <\/div>\n    <\/div>\n<\/div>\n\n\n\n<div class=\"module mod-text theme-default\" data-autoload-module=\"text\">\n  <div class=\"grid-container\">\n    <div class=\"grid-x grid-margin-x\">\n      <div class=\"cell large-12\">\n        <div class=\"rte\">\n          <h2>\u200b\u0110i\u1ec1u kho\u1ea3n &amp; \u0110i\u1ec1u ki\u1ec7n c\u1ee7a khuy\u1ebfn m\u00e3i gi\u1ea3m gi\u00e1 25%<\/h2>\n<ul>\n<li>\u01afu \u0111\u00e3i gi\u1ea3m 25% cho t\u01b0 c\u00e1ch th\u00e0nh vi\u00ean Accor Plus n\u00e0y c\u00f3 hi\u1ec7u l\u1ef1c t\u1eeb ng\u00e0y <strong>18 \u0111\u1ebfn ng\u00e0y 31 th\u00e1ng 3 n\u0103m 2024, 23:59 AEDT<\/strong>.<\/li>\n<li>\u01afu \u0111\u00e3i ch\u1ec9 \u00e1p d\u1ee5ng cho h\u1ed9i vi\u00ean m\u1edbi tham gia Accor Plus trong th\u1eddi gian khuy\u1ebfn m\u00e3i quy \u0111\u1ecbnh n\u00eau tr\u00ean.<\/li>\n<li>Th\u1ebb Explorer Plus v\u00e0 th\u1ebb ph\u1ee5 <strong>kh\u00f4ng<\/strong> \u00e1p d\u1ee5ng \u01b0u \u0111\u00e3i n\u00e0y.<\/li>\n<li>\u01afu \u0111\u00e3i <strong>kh\u00f4ng<\/strong> \u00e1p d\u1ee5ng \u0111\u1ed3ng th\u1eddi v\u1edbi c\u00e1c \u01b0u \u0111\u00e3i, khuy\u1ebfn m\u00e3i kh\u00e1c.<\/li>\n<li>Quy\u1ec1n l\u1ee3i c\u1ee7a m\u1ed9t \u0111\u00eam kh\u00e1ch s\u1ea1n mi\u1ec5n ph\u00ed <strong>kh\u00f4ng bao g\u1ed3m<\/strong> cho lo\u1ea1i th\u1ebb Traveller<\/li>\n<li>C\u00e1c \u0110i\u1ec1u kho\u1ea3n v\u00e0 \u0110i\u1ec1u ki\u1ec7n Khuy\u1ebfn m\u1ea1i n\u00eau tr\u00ean d\u00e0nh ri\u00eang cho ch\u01b0\u01a1ng tr\u00ecnh khuy\u1ebfn m\u00e3i n\u00e0y, ch\u00fang kh\u00f4ng ph\u1ea3i l\u00e0 \u0110i\u1ec1u kho\u1ea3n v\u00e0 \u0110i\u1ec1u ki\u1ec7n \u0111\u1ea7y \u0111\u1ee7 c\u1ee7a ch\u01b0\u01a1ng tr\u00ecnh th\u00e0nh vi\u00ean Accor Plus. Tr\u01b0\u1edbc khi tham gia ch\u01b0\u01a1ng tr\u00ecnh th\u00e0nh vi\u00ean Accor Plus, b\u1ea1n ph\u1ea3i \u0111\u1ecdc v\u00e0 \u0111\u1ed3ng \u00fd \u0111\u1ea7y \u0111\u1ee7 v\u1edbi <a href=\"https:\/\/www.accorplus.com\/vn\/vi\/about\/terms-and-conditions\/\">\u0110i\u1ec1u kho\u1ea3n v\u00e0 \u0110i\u1ec1u ki\u1ec7n c\u1ee7a Ch\u01b0\u01a1ng tr\u00ecnh Accor Plus<\/a>.<\/li>\n<li>Trong tr\u01b0\u1eddng h\u1ee3p c\u00f3 b\u1ea5t k\u1ef3 xung \u0111\u1ed9t n\u00e0o gi\u1eefa c\u00e1c \u0110i\u1ec1u kho\u1ea3n v\u00e0 \u0110i\u1ec1u ki\u1ec7n Khuy\u1ebfn m\u1ea1i n\u00e0y v\u00e0 c\u00e1c \u0110i\u1ec1u kho\u1ea3n v\u00e0 \u0110i\u1ec1u ki\u1ec7n \u0111\u1ea7y \u0111\u1ee7 c\u1ee7a ch\u01b0\u01a1ng tr\u00ecnh th\u00e0nh vi\u00ean Accor Plus, th\u00ec <a href=\"https:\/\/www.accorplus.com\/vn\/vi\/about\/terms-and-conditions\/\">\u0110i\u1ec1u kho\u1ea3n v\u00e0 \u0110i\u1ec1u ki\u1ec7n \u0111\u1ea7y \u0111\u1ee7 c\u1ee7a ch\u01b0\u01a1ng tr\u00ecnh th\u00e0nh vi\u00ean Accor Plus<\/a> s\u1ebd \u0111\u01b0\u1ee3c \u01b0u ti\u00ean \u00e1p d\u1ee5ng.<\/li>\n<\/ul>\n        <\/div>\n      <\/div>\n    <\/div>\n  <\/div>\n<\/div>\n","protected":false},"excerpt":{"rendered":"","protected":false},"author":37,"featured_media":57769,"parent":0,"menu_order":0,"comment_status":"closed","ping_status":"closed","template":"","meta":{"_acf_changed":false,"footnotes":""},"class_list":["post-57768","page","type-page","status-publish","has-post-thumbnail","hentry"],"acf":[],"yoast_head":"<!-- This site is optimized with the Yoast SEO Premium plugin v24.4 (Yoast SEO v27.1.1) - https:\/\/yoast.com\/product\/yoast-seo-premium-wordpress\/ -->\n<title>Ng\u00e0y n\u00e0y \u0111\u00e3 \u0111\u1ebfn - gi\u1ea3m 25% ph\u00ed th\u1ebb h\u1ed9i vi\u00ean - ALL Accor+ Explorer Vietnam<\/title>\n<meta name=\"robots\" content=\"index, follow, max-snippet:-1, max-image-preview:large, max-video-preview:-1\" \/>\n<link rel=\"canonical\" href=\"https:\/\/www.accorplus.com\/vn\/vi\/todays-the-day-take-25-off-memberships\/\" \/>\n<meta property=\"og:locale\" content=\"vi_VN\" \/>\n<meta property=\"og:type\" content=\"article\" \/>\n<meta property=\"og:title\" content=\"Ng\u00e0y n\u00e0y \u0111\u00e3 \u0111\u1ebfn - gi\u1ea3m 25% ph\u00ed th\u1ebb h\u1ed9i vi\u00ean\" \/>\n<meta property=\"og:url\" content=\"https:\/\/www.accorplus.com\/vn\/vi\/todays-the-day-take-25-off-memberships\/\" \/>\n<meta property=\"og:site_name\" content=\"ALL Accor+ Explorer Vietnam\" \/>\n<meta property=\"article:modified_time\" content=\"2024-03-18T04:39:06+00:00\" \/>\n<meta property=\"og:image\" content=\"https:\/\/accorcdn.com\/wp-content\/uploads\/sites\/15\/2024\/03\/15134217\/25-percent-off-tile.jpg\" \/>\n\t<meta property=\"og:image:width\" content=\"400\" \/>\n\t<meta property=\"og:image:height\" content=\"250\" \/>\n\t<meta property=\"og:image:type\" content=\"image\/jpeg\" \/>\n<meta name=\"twitter:card\" content=\"summary_large_image\" \/>\n<meta name=\"twitter:label1\" content=\"Est. reading time\" \/>\n\t<meta name=\"twitter:data1\" content=\"2 minutes\" \/>\n<script type=\"application\/ld+json\" class=\"yoast-schema-graph\">{\"@context\":\"https:\/\/schema.org\",\"@graph\":[{\"@type\":\"WebPage\",\"@id\":\"https:\/\/www.accorplus.com\/vn\/vi\/todays-the-day-take-25-off-memberships\/\",\"url\":\"https:\/\/www.accorplus.com\/vn\/vi\/todays-the-day-take-25-off-memberships\/\",\"name\":\"Ng\u00e0y n\u00e0y \u0111\u00e3 \u0111\u1ebfn - gi\u1ea3m 25% ph\u00ed th\u1ebb h\u1ed9i vi\u00ean - ALL Accor+ Explorer Vietnam\",\"isPartOf\":{\"@id\":\"https:\/\/www.accorplus.com\/vn\/#website\"},\"primaryImageOfPage\":{\"@id\":\"https:\/\/www.accorplus.com\/vn\/vi\/todays-the-day-take-25-off-memberships\/#primaryimage\"},\"image\":{\"@id\":\"https:\/\/www.accorplus.com\/vn\/vi\/todays-the-day-take-25-off-memberships\/#primaryimage\"},\"thumbnailUrl\":\"https:\/\/etqk82p44vf.exactdn.com\/wp-content\/uploads\/sites\/15\/2024\/03\/15134217\/25-percent-off-tile.jpg?strip=all&sharp=1\",\"datePublished\":\"2024-03-15T05:55:27+00:00\",\"dateModified\":\"2024-03-18T04:39:06+00:00\",\"breadcrumb\":{\"@id\":\"https:\/\/www.accorplus.com\/vn\/vi\/todays-the-day-take-25-off-memberships\/#breadcrumb\"},\"inLanguage\":\"vi-VN\",\"potentialAction\":[{\"@type\":\"ReadAction\",\"target\":[\"https:\/\/www.accorplus.com\/vn\/vi\/todays-the-day-take-25-off-memberships\/\"]}]},{\"@type\":\"ImageObject\",\"inLanguage\":\"vi-VN\",\"@id\":\"https:\/\/www.accorplus.com\/vn\/vi\/todays-the-day-take-25-off-memberships\/#primaryimage\",\"url\":\"https:\/\/etqk82p44vf.exactdn.com\/wp-content\/uploads\/sites\/15\/2024\/03\/15134217\/25-percent-off-tile.jpg?strip=all&sharp=1\",\"contentUrl\":\"https:\/\/etqk82p44vf.exactdn.com\/wp-content\/uploads\/sites\/15\/2024\/03\/15134217\/25-percent-off-tile.jpg?strip=all&sharp=1\",\"width\":400,\"height\":250},{\"@type\":\"BreadcrumbList\",\"@id\":\"https:\/\/www.accorplus.com\/vn\/vi\/todays-the-day-take-25-off-memberships\/#breadcrumb\",\"itemListElement\":[{\"@type\":\"ListItem\",\"position\":1,\"name\":\"ALL Accor+ Explorer\",\"item\":\"https:\/\/www.accorplus.com\/vn\/vi\/home-launch\/\"},{\"@type\":\"ListItem\",\"position\":2,\"name\":\"Ng\u00e0y n\u00e0y \u0111\u00e3 \u0111\u1ebfn &#8211; gi\u1ea3m 25% ph\u00ed th\u1ebb h\u1ed9i vi\u00ean\"}]},{\"@type\":\"WebSite\",\"@id\":\"https:\/\/www.accorplus.com\/vn\/#website\",\"url\":\"https:\/\/www.accorplus.com\/vn\/\",\"name\":\"ALL Accor+ Explorer Vietnam\",\"description\":\"Experience More\",\"potentialAction\":[{\"@type\":\"SearchAction\",\"target\":{\"@type\":\"EntryPoint\",\"urlTemplate\":\"https:\/\/www.accorplus.com\/vn\/?s={search_term_string}\"},\"query-input\":{\"@type\":\"PropertyValueSpecification\",\"valueRequired\":true,\"valueName\":\"search_term_string\"}}],\"inLanguage\":\"vi-VN\"}]}<\/script>\n<!-- \/ Yoast SEO Premium plugin. -->","yoast_head_json":{"title":"Ng\u00e0y n\u00e0y \u0111\u00e3 \u0111\u1ebfn - gi\u1ea3m 25% ph\u00ed th\u1ebb h\u1ed9i vi\u00ean - ALL Accor+ Explorer Vietnam","robots":{"index":"index","follow":"follow","max-snippet":"max-snippet:-1","max-image-preview":"max-image-preview:large","max-video-preview":"max-video-preview:-1"},"canonical":"https:\/\/www.accorplus.com\/vn\/vi\/todays-the-day-take-25-off-memberships\/","og_locale":"vi_VN","og_type":"article","og_title":"Ng\u00e0y n\u00e0y \u0111\u00e3 \u0111\u1ebfn - gi\u1ea3m 25% ph\u00ed th\u1ebb h\u1ed9i vi\u00ean","og_url":"https:\/\/www.accorplus.com\/vn\/vi\/todays-the-day-take-25-off-memberships\/","og_site_name":"ALL Accor+ Explorer Vietnam","article_modified_time":"2024-03-18T04:39:06+00:00","og_image":[{"width":400,"height":250,"url":"https:\/\/accorcdn.com\/wp-content\/uploads\/sites\/15\/2024\/03\/15134217\/25-percent-off-tile.jpg","type":"image\/jpeg"}],"twitter_card":"summary_large_image","twitter_misc":{"Est. reading time":"2 minutes"},"schema":{"@context":"https:\/\/schema.org","@graph":[{"@type":"WebPage","@id":"https:\/\/www.accorplus.com\/vn\/vi\/todays-the-day-take-25-off-memberships\/","url":"https:\/\/www.accorplus.com\/vn\/vi\/todays-the-day-take-25-off-memberships\/","name":"Ng\u00e0y n\u00e0y \u0111\u00e3 \u0111\u1ebfn - gi\u1ea3m 25% ph\u00ed th\u1ebb h\u1ed9i vi\u00ean - ALL Accor+ Explorer Vietnam","isPartOf":{"@id":"https:\/\/www.accorplus.com\/vn\/#website"},"primaryImageOfPage":{"@id":"https:\/\/www.accorplus.com\/vn\/vi\/todays-the-day-take-25-off-memberships\/#primaryimage"},"image":{"@id":"https:\/\/www.accorplus.com\/vn\/vi\/todays-the-day-take-25-off-memberships\/#primaryimage"},"thumbnailUrl":"https:\/\/etqk82p44vf.exactdn.com\/wp-content\/uploads\/sites\/15\/2024\/03\/15134217\/25-percent-off-tile.jpg?strip=all&sharp=1","datePublished":"2024-03-15T05:55:27+00:00","dateModified":"2024-03-18T04:39:06+00:00","breadcrumb":{"@id":"https:\/\/www.accorplus.com\/vn\/vi\/todays-the-day-take-25-off-memberships\/#breadcrumb"},"inLanguage":"vi-VN","potentialAction":[{"@type":"ReadAction","target":["https:\/\/www.accorplus.com\/vn\/vi\/todays-the-day-take-25-off-memberships\/"]}]},{"@type":"ImageObject","inLanguage":"vi-VN","@id":"https:\/\/www.accorplus.com\/vn\/vi\/todays-the-day-take-25-off-memberships\/#primaryimage","url":"https:\/\/etqk82p44vf.exactdn.com\/wp-content\/uploads\/sites\/15\/2024\/03\/15134217\/25-percent-off-tile.jpg?strip=all&sharp=1","contentUrl":"https:\/\/etqk82p44vf.exactdn.com\/wp-content\/uploads\/sites\/15\/2024\/03\/15134217\/25-percent-off-tile.jpg?strip=all&sharp=1","width":400,"height":250},{"@type":"BreadcrumbList","@id":"https:\/\/www.accorplus.com\/vn\/vi\/todays-the-day-take-25-off-memberships\/#breadcrumb","itemListElement":[{"@type":"ListItem","position":1,"name":"ALL Accor+ Explorer","item":"https:\/\/www.accorplus.com\/vn\/vi\/home-launch\/"},{"@type":"ListItem","position":2,"name":"Ng\u00e0y n\u00e0y \u0111\u00e3 \u0111\u1ebfn &#8211; gi\u1ea3m 25% ph\u00ed th\u1ebb h\u1ed9i vi\u00ean"}]},{"@type":"WebSite","@id":"https:\/\/www.accorplus.com\/vn\/#website","url":"https:\/\/www.accorplus.com\/vn\/","name":"ALL Accor+ Explorer Vietnam","description":"Experience More","potentialAction":[{"@type":"SearchAction","target":{"@type":"EntryPoint","urlTemplate":"https:\/\/www.accorplus.com\/vn\/?s={search_term_string}"},"query-input":{"@type":"PropertyValueSpecification","valueRequired":true,"valueName":"search_term_string"}}],"inLanguage":"vi-VN"}]}},"_links":{"self":[{"href":"https:\/\/www.accorplus.com\/vn\/vi\/wp-json\/wp\/v2\/pages\/57768","targetHints":{"allow":["GET"]}}],"collection":[{"href":"https:\/\/www.accorplus.com\/vn\/vi\/wp-json\/wp\/v2\/pages"}],"about":[{"href":"https:\/\/www.accorplus.com\/vn\/vi\/wp-json\/wp\/v2\/types\/page"}],"author":[{"embeddable":true,"href":"https:\/\/www.accorplus.com\/vn\/vi\/wp-json\/wp\/v2\/users\/37"}],"replies":[{"embeddable":true,"href":"https:\/\/www.accorplus.com\/vn\/vi\/wp-json\/wp\/v2\/comments?post=57768"}],"version-history":[{"count":8,"href":"https:\/\/www.accorplus.com\/vn\/vi\/wp-json\/wp\/v2\/pages\/57768\/revisions"}],"predecessor-version":[{"id":57845,"href":"https:\/\/www.accorplus.com\/vn\/vi\/wp-json\/wp\/v2\/pages\/57768\/revisions\/57845"}],"wp:featuredmedia":[{"embeddable":true,"href":"https:\/\/www.accorplus.com\/vn\/vi\/wp-json\/wp\/v2\/media\/57769"}],"wp:attachment":[{"href":"https:\/\/www.accorplus.com\/vn\/vi\/wp-json\/wp\/v2\/media?parent=57768"}],"curies":[{"name":"wp","href":"https:\/\/api.w.org\/{rel}","templated":true}]}}