{"id":4167,"date":"2021-05-10T09:26:17","date_gmt":"2021-05-10T01:26:17","guid":{"rendered":"https:\/\/accorplus.com\/vn\/benefits\/more-nights\/quyen-loi-stay-plus\/"},"modified":"2025-08-05T10:18:21","modified_gmt":"2025-08-05T02:18:21","slug":"quyen-loi-stay-plus","status":"publish","type":"page","link":"https:\/\/www.accorplus.com\/vn\/vi\/benefits\/more-nights\/quyen-loi-stay-plus\/","title":{"rendered":"Quy\u1ec1n l\u1ee3i Stay Plus"},"content":{"rendered":"\n<div class=\"module mod-page-header theme-default theme-dark no-padding no-border\" data-autoload-module=\"page-header\" data-content-change=\"\">\n    <div class=\"logged-out\">\n                    \n    <div class=\"component-image\" data-autoload-component=\"image\">\n                    <div class=\"image lazy-image\"\n                 data-src=\"https:\/\/etqk82p44vf.exactdn.com\/wp-content\/uploads\/sites\/15\/2025\/07\/25172610\/benefits-transition.jpg?strip=all&#038;sharp=1\"\n                 data-src-mobile=\"https:\/\/etqk82p44vf.exactdn.com\/wp-content\/uploads\/sites\/15\/2025\/07\/25172610\/benefits-transition-900x600.jpg?strip=all&#038;sharp=1\">\n                    <div class=\"overlay\"><\/div>\n                    <\/div>\n            <\/div>\n        \n        <div class=\"grid-container\">\n            <div class=\"page-header-inner grid-x align-center align-middle\">\n                <div class=\"cell medium-10 text-center\">\n                    <h1 class=\"page-header-title large-hero-title\">Quy\u1ec1n l\u1ee3i Stay Plus<\/h1>\n                    <p class=\"page-header-content lead\"><\/p>\n\n                    \n                <\/div>\n            <\/div>\n        <\/div>\n    <\/div>\n\n    <div class=\"logged-in hide\">\n                    \n    <div class=\"component-image\" data-autoload-component=\"image\">\n                    <div class=\"image lazy-image\"\n                 data-src=\"https:\/\/etqk82p44vf.exactdn.com\/wp-content\/uploads\/sites\/15\/2025\/07\/25172610\/benefits-transition.jpg?strip=all&#038;sharp=1\"\n                 data-src-mobile=\"https:\/\/etqk82p44vf.exactdn.com\/wp-content\/uploads\/sites\/15\/2025\/07\/25172610\/benefits-transition-900x600.jpg?strip=all&#038;sharp=1\">\n                    <div class=\"overlay\"><\/div>\n                    <\/div>\n            <\/div>\n        \n        <div class=\"grid-container\">\n            <div class=\"page-header-inner grid-x align-center align-middle\">\n                <div class=\"cell text-center\">\n                                            <h1 class=\"page-header-title large-hero-title\">Quy\u1ec1n l\u1ee3i Stay Plus<\/h1>\n                    \n                                            <p class=\"page-header-content lead\"><\/p>\n                    \n                    \n                <\/div>\n            <\/div>\n        <\/div>\n    <\/div>\n\n    \n    <div class=\"logged-in-all hide\">\n                    \n    <div class=\"component-image\" data-autoload-component=\"image\">\n                    <div class=\"image lazy-image\"\n                 data-src=\"https:\/\/etqk82p44vf.exactdn.com\/wp-content\/uploads\/sites\/15\/2025\/07\/25172610\/benefits-transition.jpg?strip=all&#038;sharp=1\"\n                 data-src-mobile=\"https:\/\/etqk82p44vf.exactdn.com\/wp-content\/uploads\/sites\/15\/2025\/07\/25172610\/benefits-transition-900x600.jpg?strip=all&#038;sharp=1\">\n                    <div class=\"overlay\"><\/div>\n                    <\/div>\n            <\/div>\n        \n        <div class=\"grid-container\">\n            <div class=\"page-header-inner grid-x align-center align-middle\">\n                <div class=\"cell text-center\">\n                    <h1 class=\"page-header-title large-hero-title\"><\/h1>\n                    <p class=\"page-header-content lead\"><\/p>\n\n                    <div class=\"banner-buttons button-group button-group-margin-top-small align-center\">\n\n                    <a href=\" https:\/\/checkout.accorplus.com\/product\/vn-explorer\" class=\"button theme-primary\" target=\"\" data-autoload-component=\"button\">\n                        <span><svg width=\"20\" height=\"20\" viewBox=\"0 0 20 20\" xmlns=\"http:\/\/www.w3.org\/2000\/svg\" class=\"icon\"><path d=\"M17.42 10l-6.951-6.95-1.326 1.325 4.687 4.688H2.97v1.874H13.83l-4.687 4.688 1.326 1.326L17.419 10z\"><\/path><\/svg><\/span>\n                    <\/a>\n                    <\/div>\n                <\/div>\n            <\/div>\n        <\/div>\n    <\/div>\n<\/div>\n<div class=\"grid-container\">\n    <div class=\"grid-x align-middle\">\n        <div class=\"small-12 medium-8\">\n        <p id=\"breadcrumbs\" class=\"page-header-breadcrumbs small-label\"><span><span><a href=\"https:\/\/www.accorplus.com\/vn\/vi\/home-launch\/\">ALL Accor+ Explorer<\/a><\/span><\/span><\/p>        <\/div>\n        <div class=\"small-12 medium-4\">\n        \n    <div data-autoload-component=\"social-share\" class=\"component component-social-share flex-container align-middle\">\n        <div class=\"shares\">\n                            <a\n                    class='share-button-wrapper'\n                    id=\"facebook\"\n                    href=\"https:\/\/facebook.com\/sharer\/sharer.php?u=https%3A%2F%2Fwww.accorplus.com%2Fvn%2Fvi%2Fbenefits%2Fmore-nights%2Fquyen-loi-stay-plus%2F\"\n                    target='_blank'\n                    rel='nofollow noopener'\n                    aria-label='Share on Facebook'\n                  >\n            \t    <svg class=\"icon\"><\/svg>                  <\/a>\n                          <\/div>\n    <\/div>\n        <\/div>\n    <\/div>\n<\/div>\n\n\n\n<div class=\"module mod-text theme-default\" data-autoload-module=\"text\">\n  <div class=\"grid-container\">\n    <div class=\"grid-x grid-margin-x\">\n      <div class=\"cell large-12\">\n        <div class=\"rte\">\n          <div class=\"container switch-container--medium-padding\">\n<div class=\"row\">\n<div class=\"col-12\">\n<div class=\"ww\">\n<h4>L\u00e0m c\u00e1ch n\u00e0o \u0111\u1ec3 t\u00f4i h\u01b0\u1edfng quy\u1ec1n l\u1ee3i Stay Plus c\u1ee7a m\u00ecnh?<\/h4>\n<p>H\u00e0ng n\u0103m, h\u1ed9i vi\u00ean ch\u00ednh s\u1ebd c\u00f3 m\u1ed9t \u0111\u00eam ngh\u1ec9 mi\u1ec5n ph\u00ed Stay Plus t\u1ea1i m\u1ed9t trong nh\u1eefng kh\u00e1ch s\u1ea1n c\u1ee7a Accor.<\/p>\n<p>H\u1ed9i vi\u00ean c\u00f3 th\u1ec3 ch\u1ecdn trong s\u1ed1 r\u1ea5t nhi\u1ec1u kh\u00e1ch s\u1ea1n, khu ngh\u1ec9 d\u01b0\u1ee1ng v\u00e0 c\u0103n h\u1ed9 tr\u00ean kh\u1eafp Ch\u00e2u \u00c1 Th\u00e1i B\u00ecnh D\u01b0\u01a1ng.<\/p>\n<p>&nbsp;<\/p>\n<h4>B\u01b0\u1edbc 1: L\u00ean k\u1ebf ho\u1ea1ch<\/h4>\n<p>\u0110\u00eam ngh\u1ec9 mi\u1ec5n ph\u00ed Stay Plus t\u00f9y thu\u1ed9c v\u00e0o s\u1ef1 ph\u00e2n b\u1ed5 ph\u00f2ng c\u1ee7a kh\u00e1ch s\u1ea1n, c\u00f3 ngh\u0129a l\u00e0 kh\u00f4ng ph\u1ea3i ph\u00f2ng tr\u1ed1ng n\u00e0o c\u0169ng d\u00e0nh cho \u0111\u00eam mi\u1ec5n ph\u00ed. N\u1ebfu b\u1ea1n mu\u1ed1n \u0111\u1eb7t \u0111\u00eam mi\u1ec5n ph\u00ed v\u00e0o cu\u1ed1i tu\u1ea7n ho\u1eb7c c\u00e1c s\u1ef1 ki\u1ec7n \u0111\u1eb7c bi\u1ec7t, h\u00e3y nh\u1edb \u0111\u1eb7t ph\u00f2ng tr\u01b0\u1edbc. B\u1ea1n c\u00f3 th\u1ec3 \u0111\u1eb7t tr\u01b0\u1edbc t\u1ed1i \u0111a 12 th\u00e1ng. \u0110\u1ec3 ki\u1ec3m tra t\u00ecnh tr\u1ea1ng ph\u00f2ng tr\u1ed1ng, ch\u1ec9 c\u1ea7n \u0111\u0103ng nh\u1eadp v\u00e0o website Accor Plus ho\u1eb7c \u1ee9ng d\u1ee5ng Accor All.<\/p>\n<p>Trong m\u1ee5c Kh\u00e1ch s\u1ea1n, t\u1ea1i ph\u1ea7n th\u00f4ng tin chi ti\u1ebft c\u1ee7a t\u1eebng kh\u00e1ch s\u1ea1n, b\u1ea1n s\u1ebd t\u00ecm th\u1ea5y c\u00e1c \u0111i\u1ec1u ki\u1ec7n c\u1ee7a \u0111\u00eam ngh\u1ec9 mi\u1ec5n ph\u00ed (n\u1ebfu c\u00f3). V\u00ed d\u1ee5 s\u1ebd c\u00f3 kh\u00e1ch s\u1ea1n y\u00eau c\u1ea7u th\u1eddi gian l\u01b0u tr\u00fa t\u1ed1i thi\u1ec3u \u0111\u1ec3 \u0111\u1eb7t \u0111\u00eam mi\u1ec5n ph\u00ed ho\u1eb7c m\u1ed9t s\u1ed1 kh\u00e1ch s\u1ea1n kh\u00f4ng \u00e1p d\u1ee5ng quy\u1ec1n l\u1ee3i n\u00e0y.<\/p>\n<p>N\u1ebfu \u0111\u01b0\u1ee3c, b\u1ea1n c\u00f3 th\u1ec3 d\u1ef1 t\u00ednh m\u1ed9t s\u1ed1 ng\u00e0y kh\u00e1c nhau tr\u01b0\u1edbc khi t\u00ecm hi\u1ec3u v\u1ec1 \u0111\u1ecba \u0111i\u1ec3m m\u00ecnh s\u1ebd \u0111\u1ebfn. Quy\u1ec1n l\u1ee3i Stay Plus ch\u1ec9 d\u00e0nh cho h\u1ed9i vi\u00ean ch\u00ednh v\u00e0 kh\u00f4ng \u0111\u01b0\u1ee3c chuy\u1ec3n nh\u01b0\u1ee3ng.<\/p>\n<p>N\u1ebfu th\u1ebb h\u1ed9i vi\u00ean c\u1ee7a b\u1ea1n c\u00f3 nhi\u1ec1u h\u01a1n m\u1ed9t \u0111\u00eam Stay Plus, xin l\u01b0u \u00fd r\u1eb1ng b\u1ea1n ch\u1ec9 c\u00f3 th\u1ec3 s\u1eed d\u1ee5ng m\u1ed9t \u0111\u00eam mi\u1ec5n ph\u00ed Stay Plus cho m\u1ed7i l\u1ea7n l\u01b0u tr\u00fa. Kh\u00f4ng th\u1ec3 s\u1eed d\u1ee5ng nhi\u1ec1u \u0111\u00eam mi\u1ec5n ph\u00ed Stay Plus trong c\u00f9ng th\u1eddi gian l\u01b0u tr\u00fa.<\/p>\n<p>&nbsp;<\/p>\n<\/div>\n<\/div>\n<\/div>\n<\/div>\n<div class=\"container switch-container--medium-padding\">\n<div class=\"row\">\n<div class=\"col-12\">\n<div class=\"ww\">\n<h4>B\u01b0\u1edbc 2: \u0110\u1eb7t ph\u00f2ng<\/h4>\n<p>\u0110\u00e2y l\u00e0 h\u01b0\u1edbng d\u1eabn c\u1ee5 th\u1ec3 \u0111\u1ec3 gi\u00fap b\u1ea1n \u0111\u1eb7t ph\u00f2ng tr\u1ef1c tuy\u1ebfn<\/p>\n<p><strong>\u0110\u1eb7t ph\u00f2ng qua website www.accorplus.com<\/strong><\/p>\n<p>1. \u0110\u0103ng nh\u1eadp v\u00e0o website Accor Plus b\u1eb1ng \u0111\u1ecba ch\u1ec9 email v\u00e0 m\u1eadt kh\u1ea9u c\u1ee7a b\u1ea1n<\/p>\n<p>2. Ch\u1ecdn kh\u00e1ch s\u1ea1n v\u00e0 th\u1eddi gian l\u01b0u tr\u00fa t\u1ea1i trang kh\u00e1ch s\u1ea1n ho\u1eb7c ph\u1ea7n t\u00ecm ki\u1ebfm tr\u00ean trang ch\u1ee7. B\u1ea5m n\u00fat chuy\u1ec3n \u0111\u1ed5i \u0111\u1ec3 b\u1eadt \u0111\u00eam ngh\u1ec9 mi\u1ec5n ph\u00ed Stay Plus<\/p>\n<p>3. Website s\u1ebd t\u00ecm ki\u1ebfm kh\u00e1ch s\u1ea1n d\u1ef1a tr\u00ean c\u00e1c ti\u00eau ch\u00ed c\u1ee7a b\u1ea1n v\u00e0 sau \u0111\u00f3 hi\u1ec3n th\u1ecb t\u1ea5t c\u1ea3 c\u00e1c kh\u00e1ch s\u1ea1n c\u00f3 \u0111\u00eam mi\u1ec5n ph\u00ed Stay Plus trong th\u1eddi gian b\u1ea1n ch\u1ecdn<\/p>\n<p>4. C\u0169ng c\u00f3 tr\u01b0\u1eddng h\u1ee3p c\u00e1c kh\u00e1ch s\u1ea1n kh\u00f4ng c\u00f3 \u0111\u00eam ngh\u1ec9 mi\u1ec5n ph\u00ed Stay Plus theo c\u00e1c ti\u00eau ch\u00ed c\u1ee7a b\u1ea1n. Trong tr\u01b0\u1eddng h\u1ee3p n\u00e0y, k\u1ebft qu\u1ea3 t\u00ecm ki\u1ebfm c\u00f3 th\u1ec3 s\u1ebd y\u00eau c\u1ea7u b\u1ea1n n\u00e2ng c\u1ea5p ph\u00f2ng l\u00ean h\u1ea1ng ph\u00f2ng ti\u1ebfp theo \u0111\u1ec3 \u0111\u1eb7t \u0111\u00eam ngh\u1ec9 mi\u1ec5n ph\u00ed.<\/p>\n<\/div>\n<\/div>\n<\/div>\n<\/div>\n        <\/div>\n      <\/div>\n    <\/div>\n  <\/div>\n<\/div>\n\n\n<div class=\"mod-core core-columns\" style=\"background-color:;\"><div class=\"grid-container\"><div class=\"grid-x grid-margin-x grid-margin-y\">\n<div class=\"wp-block-column is-layout-flow wp-block-column-is-layout-flow\">\n<div class=\"module mod-text theme-default\" data-autoload-module=\"text\">\n  <div class=\"grid-container\">\n    <div class=\"grid-x grid-margin-x\">\n      <div class=\"cell large-12\">\n        <div class=\"rte\">\n          <h4>\u0110\u1eb7t ph\u00f2ng qua \u1ee9ng d\u1ee5ng Accor All<\/h4>\n<p>T\u1ea3i \u1ee9ng d\u1ee5ng Accor All t\u1ea1i \u0111\u00e2y:<br \/>\n<a href=\"https:\/\/apps.apple.com\/app\/accorhotels-reservation-dhotels\/id489472613?mat_click_id=0dcf23794e85436c8bbe48698908416e-20190912-14012&amp;referrer=mat_click_id%3D0dcf23794e85436c8bbe48698908416e-20190912-14012%26link_click_id%3D700704272287037297\">iOS<\/a> | <a href=\"https:\/\/play.google.com\/store\/apps\/details?id=com.accor.appli.hybrid&amp;hl=en&amp;referrer=mat_click_id%3D9e2d03a5fedc4b74b5ec9665efe00520-20190912-14012%26link_click_id%3D700704197947045594&amp;mat_click_id=9e2d03a5fedc4b74b5ec9665efe00520-20190912-14012\">Android<\/a><\/p>\n<ol>\n<li>\u0110\u0103ng nh\u1eadp v\u00e0o \u1ee9ng d\u1ee5ng Accor All b\u1eb1ng \u0111\u1ecba ch\u1ec9 email v\u00e0 m\u1eadt kh\u1ea9u c\u1ee7a b\u1ea1n<\/li>\n<li>N\u1ebfu th\u1ebb c\u1ee7a b\u1ea1n c\u00f3 \u0111\u00eam mi\u1ec5n ph\u00ed Stay Plus, n\u00f3 s\u1ebd hi\u1ec3n th\u1ecb \u1edf ph\u00eda tr\u00ean c\u1ee7a m\u00e0n h\u00ecnh ch\u00ednh<\/li>\n<li>\u0110\u1ea7u ti\u00ean b\u1ea1n s\u1ebd ch\u1ecdn \u0111i\u1ec3m \u0111\u1ebfn, ng\u00e0y th\u00e1ng v\u00e0 th\u00f4ng tin ph\u00f2ng<\/li>\n<li>B\u1ea5m n\u00fat chuy\u1ec3n \u0111\u1ed5i \u1edf m\u00e0n h\u00ecnh ph\u00eda tr\u00ean \u0111\u1ec3 xem gi\u00e1 ph\u00f2ng v\u1edbi \u0111\u00eam mi\u1ec5n ph\u00ed Stay Plus. B\u1ea1n s\u1ebd th\u1ea5y gi\u00e1 ph\u00f2ng thay \u0111\u1ed5i b\u00ean d\u01b0\u1edbi.<\/li>\n<li>K\u00e9o xu\u1ed1ng d\u01b0\u1edbi \u0111\u1ec3 ch\u1ecdn kh\u00e1ch s\u1ea1n b\u1ea1n mu\u1ed1n.<\/li>\n<li>B\u1ea5m v\u00e0o &#8220;Xem m\u1ee9c gi\u00e1 c\u1ee7a ph\u00f2ng&#8221; v\u00e0 ch\u1ecdn ph\u00f2ng b\u1ea1n mu\u1ed1n.<\/li>\n<li>N\u1ebfu mu\u1ed1n, b\u1ea1n c\u00f3 th\u1ec3 so s\u00e1nh gi\u00e1 c\u00f3 ho\u1eb7c kh\u00f4ng c\u00f3 \u0111\u00eam mi\u1ec5n ph\u00ed Stay Plus b\u1eb1ng c\u00e1ch b\u1ea5m n\u00fat chuy\u1ec3n \u0111\u1ed5i.<\/li>\n<li>B\u1ea5m v\u00e0o &#8220;Xem m\u1ee9c gi\u00e1&#8221; \u0111\u1ec3 \u0111\u1eb7t ph\u00f2ng.<\/li>\n<\/ol>\n<div class=\"row\">\n<div class=\"col-12\">\n<div class=\"ww\">\n<p><strong>L\u01b0u \u00fd<\/strong>: T\u1ed5ng \u0111\u00e0i \u0111\u1eb7t ph\u00f2ng Accor s\u1ebd t\u00ednh ph\u00ed 10USD khi h\u1ed7 tr\u1ee3 h\u1ed9i vi\u00ean \u0111\u1eb7t ph\u00f2ng \u0111\u00eam ngh\u1ec9 mi\u1ec5n ph\u00ed Stay Plus.<\/p>\n<\/div>\n<\/div>\n<\/div>\n        <\/div>\n      <\/div>\n    <\/div>\n  <\/div>\n<\/div>\n<\/div>\n\n<div class=\"wp-block-column is-layout-flow wp-block-column-is-layout-flow\">\n<div class=\"module mod-video theme-default\" data-autoload-module=\"video\">\n      <div class=\"grid-container\">\n\n        <div class=\"video-container\">\n              <div data-autoload-component=\"video\" data-autoload-priority=\"1\" class=\"component-video\" data-attributes='{&quot;width&quot;:null,&quot;height&quot;:null}'>\n\n            \n                                <!-- Conditional eager\/lazy loading based on browser -->\n            <div class=\"embed-container relative w-full overflow-hidden vimeo-loading\" data-vimeo-id=\"949843703\" data-vimeo-behaviour=\"1\" style=\"padding-bottom: 56.25%; background-image: url(https:\/\/i.vimeocdn.com\/video\/1857988385-841b99bd90a1bb6dc5d3d0073ed138f47b0a6b092e14c73d4b0e31ad6480b69c-d_200x150?region=us); background-size: cover; background-position: center;\">\n                                    <!-- Chrome\/Firefox: Lazy load via JavaScript -->\n                    <div class=\"vimeo-placeholder\"><\/div>\n                \n                <!-- Fallback for Vimeo iframe videos -->\n                <div class=\"vimeo-fallback\" style=\"display: none;\">\n                                            <div style=\"background: #f8f7f9; color: #666; display: flex; align-items: center; justify-content: center; height: 65svh;\">\n                        <\/div>\n                                    <\/div>\n            <\/div>\n        \n        <\/div>\n        <\/div>\n\n  <\/div>\n<\/div>\n<\/div>\n<\/div><\/div><\/div>\n\n\n<div class=\"module mod-text theme-default\" data-autoload-module=\"text\">\n  <div class=\"grid-container\">\n    <div class=\"grid-x grid-margin-x\">\n      <div class=\"cell large-12\">\n        <div class=\"rte\">\n          <h4>B\u01b0\u1edbc 3: T\u1eadn h\u01b0\u1edfng<\/h4>\n<p>Tr\u01b0\u1edbc khi \u0111\u1ebfn kh\u00e1ch s\u1ea1n, h\u00e3y nh\u1edb mang theo th\u1ebb h\u1ed9i vi\u00ean \u0111\u1ec3 xu\u1ea5t tr\u00ecnh khi nh\u1eadn.<\/p>\n<p><a class=\"cta\" href=\"https:\/\/www.accorplus.com\/vn\/vi\/hotels\/?q=Hanoi,%20Ho%C3%A0n%20Ki%E1%BA%BFm,%20Hanoi,%20Vietnam&#038;rooms=1&#038;freenight=NO&#038;room1Adults=1\" data-cssclass=\"cta\" data-itemid=\"96743718-ae67-4eb6-954a-3eeec2003b26\" data-title=\"Click here to book your Stay Plus\">Nh\u1ea5p v\u00e0o \u0111\u00e2y \u0111\u1ec3 \u0111\u1eb7t ph\u00f2ng Stay Plus<\/a><\/p>\n        <\/div>\n      <\/div>\n    <\/div>\n  <\/div>\n<\/div>\n","protected":false},"excerpt":{"rendered":"","protected":false},"author":5,"featured_media":4168,"parent":1749,"menu_order":0,"comment_status":"closed","ping_status":"closed","template":"","meta":{"_acf_changed":false,"footnotes":""},"class_list":["post-4167","page","type-page","status-publish","has-post-thumbnail","hentry"],"acf":[],"yoast_head":"<!-- This site is optimized with the Yoast SEO Premium plugin v24.4 (Yoast SEO v27.1.1) - https:\/\/yoast.com\/product\/yoast-seo-premium-wordpress\/ -->\n<title>Quy\u1ec1n l\u1ee3i Stay Plus - ALL Accor+ Explorer Vietnam<\/title>\n<meta name=\"description\" content=\"Accor Plus members, enjoy your Stay Plus Benefit. Accor Plus members get a complimentary night\u2019s accommodation in an Accor Hotel each year.\" \/>\n<meta name=\"robots\" content=\"index, follow, max-snippet:-1, max-image-preview:large, max-video-preview:-1\" \/>\n<link rel=\"canonical\" href=\"https:\/\/www.accorplus.com\/vn\/vi\/benefits\/more-nights\/quyen-loi-stay-plus\/\" \/>\n<meta property=\"og:locale\" content=\"vi_VN\" \/>\n<meta property=\"og:type\" content=\"article\" \/>\n<meta property=\"og:title\" content=\"Quy\u1ec1n l\u1ee3i Stay Plus\" \/>\n<meta property=\"og:description\" content=\"Accor Plus members, enjoy your Stay Plus Benefit. Accor Plus members get a complimentary night\u2019s accommodation in an Accor Hotel each year.\" \/>\n<meta property=\"og:url\" content=\"https:\/\/www.accorplus.com\/vn\/vi\/benefits\/more-nights\/quyen-loi-stay-plus\/\" \/>\n<meta property=\"og:site_name\" content=\"ALL Accor+ Explorer Vietnam\" \/>\n<meta property=\"article:modified_time\" content=\"2025-08-05T02:18:21+00:00\" \/>\n<meta property=\"og:image\" content=\"https:\/\/accorcdn.com\/wp-content\/uploads\/sites\/15\/2021\/05\/14074333\/4852-69-scaled.jpg\" \/>\n\t<meta property=\"og:image:width\" content=\"2560\" \/>\n\t<meta property=\"og:image:height\" content=\"1724\" \/>\n\t<meta property=\"og:image:type\" content=\"image\/jpeg\" \/>\n<meta name=\"twitter:card\" content=\"summary_large_image\" \/>\n<meta name=\"twitter:label1\" content=\"Est. reading time\" \/>\n\t<meta name=\"twitter:data1\" content=\"4 minutes\" \/>\n<script type=\"application\/ld+json\" class=\"yoast-schema-graph\">{\"@context\":\"https:\/\/schema.org\",\"@graph\":[{\"@type\":\"WebPage\",\"@id\":\"https:\/\/www.accorplus.com\/vn\/vi\/benefits\/more-nights\/quyen-loi-stay-plus\/\",\"url\":\"https:\/\/www.accorplus.com\/vn\/vi\/benefits\/more-nights\/quyen-loi-stay-plus\/\",\"name\":\"Quy\u1ec1n l\u1ee3i Stay Plus - ALL Accor+ Explorer Vietnam\",\"isPartOf\":{\"@id\":\"https:\/\/www.accorplus.com\/vn\/#website\"},\"primaryImageOfPage\":{\"@id\":\"https:\/\/www.accorplus.com\/vn\/vi\/benefits\/more-nights\/quyen-loi-stay-plus\/#primaryimage\"},\"image\":{\"@id\":\"https:\/\/www.accorplus.com\/vn\/vi\/benefits\/more-nights\/quyen-loi-stay-plus\/#primaryimage\"},\"thumbnailUrl\":\"https:\/\/etqk82p44vf.exactdn.com\/wp-content\/uploads\/sites\/15\/2021\/05\/14074333\/4852-69-scaled.jpg?strip=all&sharp=1\",\"datePublished\":\"2021-05-10T01:26:17+00:00\",\"dateModified\":\"2025-08-05T02:18:21+00:00\",\"description\":\"Accor Plus members, enjoy your Stay Plus Benefit. Accor Plus members get a complimentary night\u2019s accommodation in an Accor Hotel each year.\",\"breadcrumb\":{\"@id\":\"https:\/\/www.accorplus.com\/vn\/vi\/benefits\/more-nights\/quyen-loi-stay-plus\/#breadcrumb\"},\"inLanguage\":\"vi-VN\",\"potentialAction\":[{\"@type\":\"ReadAction\",\"target\":[\"https:\/\/www.accorplus.com\/vn\/vi\/benefits\/more-nights\/quyen-loi-stay-plus\/\"]}]},{\"@type\":\"ImageObject\",\"inLanguage\":\"vi-VN\",\"@id\":\"https:\/\/www.accorplus.com\/vn\/vi\/benefits\/more-nights\/quyen-loi-stay-plus\/#primaryimage\",\"url\":\"https:\/\/etqk82p44vf.exactdn.com\/wp-content\/uploads\/sites\/15\/2021\/05\/14074333\/4852-69-scaled.jpg?strip=all&sharp=1\",\"contentUrl\":\"https:\/\/etqk82p44vf.exactdn.com\/wp-content\/uploads\/sites\/15\/2021\/05\/14074333\/4852-69-scaled.jpg?strip=all&sharp=1\",\"width\":2560,\"height\":1724,\"caption\":\"Quy\u1ec1n l\u1ee3i Stay Plus\"},{\"@type\":\"BreadcrumbList\",\"@id\":\"https:\/\/www.accorplus.com\/vn\/vi\/benefits\/more-nights\/quyen-loi-stay-plus\/#breadcrumb\",\"itemListElement\":[{\"@type\":\"ListItem\",\"position\":1,\"name\":\"ALL Accor+ Explorer\",\"item\":\"https:\/\/www.accorplus.com\/vn\/vi\/home-launch\/\"},{\"@type\":\"ListItem\",\"position\":2,\"name\":\"Benefits\",\"item\":\"https:\/\/www.accorplus.com\/vn\/vi\/benefits\/\"},{\"@type\":\"ListItem\",\"position\":3,\"name\":\"More Nights\",\"item\":\"https:\/\/www.accorplus.com\/vn\/vi\/benefits\/more-nights\/\"},{\"@type\":\"ListItem\",\"position\":4,\"name\":\"Quy\u1ec1n l\u1ee3i Stay Plus\"}]},{\"@type\":\"WebSite\",\"@id\":\"https:\/\/www.accorplus.com\/vn\/#website\",\"url\":\"https:\/\/www.accorplus.com\/vn\/\",\"name\":\"ALL Accor+ Explorer Vietnam\",\"description\":\"Experience More\",\"potentialAction\":[{\"@type\":\"SearchAction\",\"target\":{\"@type\":\"EntryPoint\",\"urlTemplate\":\"https:\/\/www.accorplus.com\/vn\/?s={search_term_string}\"},\"query-input\":{\"@type\":\"PropertyValueSpecification\",\"valueRequired\":true,\"valueName\":\"search_term_string\"}}],\"inLanguage\":\"vi-VN\"}]}<\/script>\n<!-- \/ Yoast SEO Premium plugin. -->","yoast_head_json":{"title":"Quy\u1ec1n l\u1ee3i Stay Plus - ALL Accor+ Explorer Vietnam","description":"Accor Plus members, enjoy your Stay Plus Benefit. Accor Plus members get a complimentary night\u2019s accommodation in an Accor Hotel each year.","robots":{"index":"index","follow":"follow","max-snippet":"max-snippet:-1","max-image-preview":"max-image-preview:large","max-video-preview":"max-video-preview:-1"},"canonical":"https:\/\/www.accorplus.com\/vn\/vi\/benefits\/more-nights\/quyen-loi-stay-plus\/","og_locale":"vi_VN","og_type":"article","og_title":"Quy\u1ec1n l\u1ee3i Stay Plus","og_description":"Accor Plus members, enjoy your Stay Plus Benefit. Accor Plus members get a complimentary night\u2019s accommodation in an Accor Hotel each year.","og_url":"https:\/\/www.accorplus.com\/vn\/vi\/benefits\/more-nights\/quyen-loi-stay-plus\/","og_site_name":"ALL Accor+ Explorer Vietnam","article_modified_time":"2025-08-05T02:18:21+00:00","og_image":[{"width":2560,"height":1724,"url":"https:\/\/accorcdn.com\/wp-content\/uploads\/sites\/15\/2021\/05\/14074333\/4852-69-scaled.jpg","type":"image\/jpeg"}],"twitter_card":"summary_large_image","twitter_misc":{"Est. reading time":"4 minutes"},"schema":{"@context":"https:\/\/schema.org","@graph":[{"@type":"WebPage","@id":"https:\/\/www.accorplus.com\/vn\/vi\/benefits\/more-nights\/quyen-loi-stay-plus\/","url":"https:\/\/www.accorplus.com\/vn\/vi\/benefits\/more-nights\/quyen-loi-stay-plus\/","name":"Quy\u1ec1n l\u1ee3i Stay Plus - ALL Accor+ Explorer Vietnam","isPartOf":{"@id":"https:\/\/www.accorplus.com\/vn\/#website"},"primaryImageOfPage":{"@id":"https:\/\/www.accorplus.com\/vn\/vi\/benefits\/more-nights\/quyen-loi-stay-plus\/#primaryimage"},"image":{"@id":"https:\/\/www.accorplus.com\/vn\/vi\/benefits\/more-nights\/quyen-loi-stay-plus\/#primaryimage"},"thumbnailUrl":"https:\/\/etqk82p44vf.exactdn.com\/wp-content\/uploads\/sites\/15\/2021\/05\/14074333\/4852-69-scaled.jpg?strip=all&sharp=1","datePublished":"2021-05-10T01:26:17+00:00","dateModified":"2025-08-05T02:18:21+00:00","description":"Accor Plus members, enjoy your Stay Plus Benefit. Accor Plus members get a complimentary night\u2019s accommodation in an Accor Hotel each year.","breadcrumb":{"@id":"https:\/\/www.accorplus.com\/vn\/vi\/benefits\/more-nights\/quyen-loi-stay-plus\/#breadcrumb"},"inLanguage":"vi-VN","potentialAction":[{"@type":"ReadAction","target":["https:\/\/www.accorplus.com\/vn\/vi\/benefits\/more-nights\/quyen-loi-stay-plus\/"]}]},{"@type":"ImageObject","inLanguage":"vi-VN","@id":"https:\/\/www.accorplus.com\/vn\/vi\/benefits\/more-nights\/quyen-loi-stay-plus\/#primaryimage","url":"https:\/\/etqk82p44vf.exactdn.com\/wp-content\/uploads\/sites\/15\/2021\/05\/14074333\/4852-69-scaled.jpg?strip=all&sharp=1","contentUrl":"https:\/\/etqk82p44vf.exactdn.com\/wp-content\/uploads\/sites\/15\/2021\/05\/14074333\/4852-69-scaled.jpg?strip=all&sharp=1","width":2560,"height":1724,"caption":"Quy\u1ec1n l\u1ee3i Stay Plus"},{"@type":"BreadcrumbList","@id":"https:\/\/www.accorplus.com\/vn\/vi\/benefits\/more-nights\/quyen-loi-stay-plus\/#breadcrumb","itemListElement":[{"@type":"ListItem","position":1,"name":"ALL Accor+ Explorer","item":"https:\/\/www.accorplus.com\/vn\/vi\/home-launch\/"},{"@type":"ListItem","position":2,"name":"Benefits","item":"https:\/\/www.accorplus.com\/vn\/vi\/benefits\/"},{"@type":"ListItem","position":3,"name":"More Nights","item":"https:\/\/www.accorplus.com\/vn\/vi\/benefits\/more-nights\/"},{"@type":"ListItem","position":4,"name":"Quy\u1ec1n l\u1ee3i Stay Plus"}]},{"@type":"WebSite","@id":"https:\/\/www.accorplus.com\/vn\/#website","url":"https:\/\/www.accorplus.com\/vn\/","name":"ALL Accor+ Explorer Vietnam","description":"Experience More","potentialAction":[{"@type":"SearchAction","target":{"@type":"EntryPoint","urlTemplate":"https:\/\/www.accorplus.com\/vn\/?s={search_term_string}"},"query-input":{"@type":"PropertyValueSpecification","valueRequired":true,"valueName":"search_term_string"}}],"inLanguage":"vi-VN"}]}},"_links":{"self":[{"href":"https:\/\/www.accorplus.com\/vn\/vi\/wp-json\/wp\/v2\/pages\/4167","targetHints":{"allow":["GET"]}}],"collection":[{"href":"https:\/\/www.accorplus.com\/vn\/vi\/wp-json\/wp\/v2\/pages"}],"about":[{"href":"https:\/\/www.accorplus.com\/vn\/vi\/wp-json\/wp\/v2\/types\/page"}],"author":[{"embeddable":true,"href":"https:\/\/www.accorplus.com\/vn\/vi\/wp-json\/wp\/v2\/users\/5"}],"replies":[{"embeddable":true,"href":"https:\/\/www.accorplus.com\/vn\/vi\/wp-json\/wp\/v2\/comments?post=4167"}],"version-history":[{"count":10,"href":"https:\/\/www.accorplus.com\/vn\/vi\/wp-json\/wp\/v2\/pages\/4167\/revisions"}],"predecessor-version":[{"id":90383,"href":"https:\/\/www.accorplus.com\/vn\/vi\/wp-json\/wp\/v2\/pages\/4167\/revisions\/90383"}],"up":[{"embeddable":true,"href":"https:\/\/www.accorplus.com\/vn\/vi\/wp-json\/wp\/v2\/pages\/1749"}],"wp:featuredmedia":[{"embeddable":true,"href":"https:\/\/www.accorplus.com\/vn\/vi\/wp-json\/wp\/v2\/media\/4168"}],"wp:attachment":[{"href":"https:\/\/www.accorplus.com\/vn\/vi\/wp-json\/wp\/v2\/media?parent=4167"}],"curies":[{"name":"wp","href":"https:\/\/api.w.org\/{rel}","templated":true}]}}