{"id":40775,"date":"2023-06-28T18:58:09","date_gmt":"2023-06-28T10:58:09","guid":{"rendered":"https:\/\/www.accorplus.com\/vn\/?page_id=40775"},"modified":"2023-07-03T18:18:10","modified_gmt":"2023-07-03T10:18:10","slug":"verification-kocham-offer","status":"publish","type":"page","link":"https:\/\/www.accorplus.com\/vn\/vi\/verification-kocham-offer\/","title":{"rendered":"\u01afu \u0111\u00e3i \u0111\u1ed9c quy\u1ec1n d\u00e0nh cho h\u1ed9i vi\u00ean Kocham"},"content":{"rendered":"\n<div class=\"module mod-page-header theme-default theme-dark no-padding no-border\" data-autoload-module=\"page-header\" data-content-change=\"\">\n    <div class=\"logged-out\">\n                    \n    <div class=\"component-image\" data-autoload-component=\"image\">\n                    <div class=\"image lazy-image\"\n                 data-src=\"https:\/\/etqk82p44vf.exactdn.com\/wp-content\/uploads\/sites\/15\/2021\/05\/12084922\/Confirmation-page-Banner-1650x290-1.jpg?strip=all&#038;sharp=1\"\n                 data-src-mobile=\"https:\/\/etqk82p44vf.exactdn.com\/wp-content\/uploads\/sites\/15\/2021\/05\/12084922\/Confirmation-page-Banner-1650x290-1-1000x176.jpg?strip=all&#038;sharp=1\">\n                    <div class=\"overlay\"><\/div>\n                    <\/div>\n            <\/div>\n        \n        <div class=\"grid-container\">\n            <div class=\"page-header-inner grid-x align-center align-middle\">\n                <div class=\"cell medium-10 text-center\">\n                    <h1 class=\"page-header-title large-hero-title\">\u01afu \u0111\u00e3i \u0111\u1ed9c quy\u1ec1n d\u00e0nh cho h\u1ed9i vi\u00ean Kocham<\/h1>\n                    <p class=\"page-header-content lead\"><\/p>\n\n                    \n                <\/div>\n            <\/div>\n        <\/div>\n    <\/div>\n\n    <div class=\"logged-in hide\">\n                    \n    <div class=\"component-image\" data-autoload-component=\"image\">\n                    <div class=\"image lazy-image\"\n                 data-src=\"https:\/\/etqk82p44vf.exactdn.com\/wp-content\/uploads\/sites\/15\/2021\/05\/12084922\/Confirmation-page-Banner-1650x290-1.jpg?strip=all&#038;sharp=1\"\n                 data-src-mobile=\"https:\/\/etqk82p44vf.exactdn.com\/wp-content\/uploads\/sites\/15\/2021\/05\/12084922\/Confirmation-page-Banner-1650x290-1-1000x176.jpg?strip=all&#038;sharp=1\">\n                    <div class=\"overlay\"><\/div>\n                    <\/div>\n            <\/div>\n        \n        <div class=\"grid-container\">\n            <div class=\"page-header-inner grid-x align-center align-middle\">\n                <div class=\"cell text-center\">\n                                            <h1 class=\"page-header-title large-hero-title\">\u01afu \u0111\u00e3i \u0111\u1ed9c quy\u1ec1n d\u00e0nh cho h\u1ed9i vi\u00ean Kocham<\/h1>\n                    \n                                            <p class=\"page-header-content lead\"><\/p>\n                    \n                    \n                <\/div>\n            <\/div>\n        <\/div>\n    <\/div>\n\n    \n    <div class=\"logged-in-all hide\">\n                    \n    <div class=\"component-image\" data-autoload-component=\"image\">\n                    <div class=\"image lazy-image\"\n                 data-src=\"https:\/\/etqk82p44vf.exactdn.com\/wp-content\/uploads\/sites\/15\/2021\/05\/12084922\/Confirmation-page-Banner-1650x290-1.jpg?strip=all&#038;sharp=1\"\n                 data-src-mobile=\"https:\/\/etqk82p44vf.exactdn.com\/wp-content\/uploads\/sites\/15\/2021\/05\/12084922\/Confirmation-page-Banner-1650x290-1-1000x176.jpg?strip=all&#038;sharp=1\">\n                    <div class=\"overlay\"><\/div>\n                    <\/div>\n            <\/div>\n        \n        <div class=\"grid-container\">\n            <div class=\"page-header-inner grid-x align-center align-middle\">\n                <div class=\"cell text-center\">\n                    <h1 class=\"page-header-title large-hero-title\"><\/h1>\n                    <p class=\"page-header-content lead\"><\/p>\n\n                    <div class=\"banner-buttons button-group button-group-margin-top-small align-center\">\n\n                    <a href=\" https:\/\/checkout.accorplus.com\/product\/vn-explorer\" class=\"button theme-primary\" target=\"\" data-autoload-component=\"button\">\n                        <span><svg width=\"20\" height=\"20\" viewBox=\"0 0 20 20\" xmlns=\"http:\/\/www.w3.org\/2000\/svg\" class=\"icon\"><path d=\"M17.42 10l-6.951-6.95-1.326 1.325 4.687 4.688H2.97v1.874H13.83l-4.687 4.688 1.326 1.326L17.419 10z\"><\/path><\/svg><\/span>\n                    <\/a>\n                    <\/div>\n                <\/div>\n            <\/div>\n        <\/div>\n    <\/div>\n<\/div>\n<div class=\"grid-container\">\n    <div class=\"grid-x align-middle\">\n        <div class=\"small-12 medium-8\">\n                <\/div>\n        <div class=\"small-12 medium-4\">\n                <\/div>\n    <\/div>\n<\/div>\n\n\n<div class=\"mod-core core-columns\" style=\"background-color:;\"><div class=\"grid-container\"><div class=\"grid-x grid-margin-x grid-margin-y\">\n<div class=\"wp-block-column is-layout-flow wp-block-column-is-layout-flow\" style=\"flex-basis:33.33%\">\n<div class=\"module mod-text theme-default\" data-autoload-module=\"text\">\n  <div class=\"grid-container\">\n    <div class=\"grid-x grid-margin-x\">\n      <div class=\"cell large-12\">\n        <div class=\"rte\">\n          <p><img decoding=\"async\" class=\"alignnone size-full wp-image-41068\" src=\"https:\/\/etqk82p44vf.exactdn.com\/wp-content\/uploads\/sites\/15\/2023\/07\/03181626\/kocham-membership-card-1.png?strip=all&sharp=1\" alt=\"\" width=\"1016\" height=\"774\" srcset=\"https:\/\/etqk82p44vf.exactdn.com\/wp-content\/uploads\/sites\/15\/2023\/07\/03181626\/kocham-membership-card-1.png?strip=all&amp;sharp=1 1016w, https:\/\/etqk82p44vf.exactdn.com\/wp-content\/uploads\/sites\/15\/2023\/07\/03181626\/kocham-membership-card-1-150x114.png?strip=all&amp;sharp=1 150w, https:\/\/etqk82p44vf.exactdn.com\/wp-content\/uploads\/sites\/15\/2023\/07\/03181626\/kocham-membership-card-1-788x600.png?strip=all&amp;sharp=1 788w, https:\/\/etqk82p44vf.exactdn.com\/wp-content\/uploads\/sites\/15\/2023\/07\/03181626\/kocham-membership-card-1-300x229.png?strip=all&amp;sharp=1 300w, https:\/\/etqk82p44vf.exactdn.com\/wp-content\/uploads\/sites\/15\/2023\/07\/03181626\/kocham-membership-card-1-600x457.png?strip=all&amp;sharp=1 600w, https:\/\/etqk82p44vf.exactdn.com\/wp-content\/uploads\/sites\/15\/2023\/07\/03181626\/kocham-membership-card-1.png?strip=all&amp;sharp=1 203w, https:\/\/etqk82p44vf.exactdn.com\/wp-content\/uploads\/sites\/15\/2023\/07\/03181626\/kocham-membership-card-1.png?strip=all&amp;sharp=1 406w\" sizes=\"(max-width: 1016px) 100vw, 1016px\" \/><\/p>\n        <\/div>\n      <\/div>\n    <\/div>\n  <\/div>\n<\/div>\n<\/div>\n\n<div class=\"wp-block-column is-layout-flow wp-block-column-is-layout-flow\" style=\"flex-basis:66.66%\">\n<div data-autoload-module=\"form\" class=\"module mod-form theme-default\">\n    <div class=\"grid-container form-container\">\n        <div class=\"grid-x align-center\">\n            <div class=\"large-8\">\n                \n<div data-autoload-component=\"form\"\n     data-autoload-priority=\"1\"\n     class=\"component-form \">\n    \n                <div class='gf_browser_gecko gform_wrapper gform_legacy_markup_wrapper gform-theme--no-framework' data-form-theme='legacy' data-form-index='0' id='gform_wrapper_21' ><form method='post' enctype='multipart\/form-data'  id='gform_21'  action='\/vn\/vi\/wp-json\/wp\/v2\/pages\/40775' data-formid='21' novalidate>\n                        <div class='gform-body gform_body'><ul id='gform_fields grid-x grid-margin-x grid-margin-y align-top_21' class='gform_fields grid-x grid-margin-x grid-margin-y align-top top_label form_sublabel_below description_below validation_below'><li id=\"field_21_5\" class=\"gfield gfield--type-text cell small-12 gfield_contains_required field_sublabel_below gfield--no-description field_description_below field_validation_below gfield_visibility_visible\"  ><label class='gfield_label gform-field-label' for='input_21_5'>Vui l\u00f2ng nh\u1eadp s\u1ed1 th\u1ebb c\u1ee7a b\u1ea1n (XXXX-XXXX)<span class=\"gfield_required\"><span class=\"gfield_required gfield_required_asterisk\">*<\/span><\/span><\/label><div class='ginput_container ginput_container_text'><input name='input_5' id='input_21_5' type='text' value='' class='large' maxlength='9'  tabindex='1003'  required=\"true\" aria-required=\"true\" aria-invalid=\"false\"   \/><\/div><\/li><li id=\"field_21_6\" class=\"gfield gfield--type-text cell small-12 gfield_contains_required field_sublabel_below gfield--no-description field_description_below field_validation_below gfield_visibility_visible\"  ><label class='gfield_label gform-field-label' for='input_21_6'>Ng\u00e0y h\u1ebft h\u1ea1n c\u1ee7a th\u1ebb (MM-YYYY)<span class=\"gfield_required\"><span class=\"gfield_required gfield_required_asterisk\">*<\/span><\/span><\/label><div class='ginput_container ginput_container_text'><input name='input_6' id='input_21_6' type='text' value='' class='large' maxlength='7'  tabindex='1004'  required=\"true\" aria-required=\"true\" aria-invalid=\"false\"   \/><\/div><\/li><\/ul><\/div>\n        <div class='gform-footer gform_footer grid-x align-center top_label'> <input type='submit' id='gform_submit_button_21' class='button theme-primary button theme-primary gform_button button' onclick='gform.submission.handleButtonClick(this);' data-submission-type='submit' value='Submit' tabindex='1005' \/> \n            <input type='hidden' class='gform_hidden' name='gform_submission_method' data-js='gform_submission_method_21' value='postback' \/>\n            <input type='hidden' class='gform_hidden' name='gform_theme' data-js='gform_theme_21' id='gform_theme_21' value='legacy' \/>\n            <input type='hidden' class='gform_hidden' name='gform_style_settings' data-js='gform_style_settings_21' id='gform_style_settings_21' value='' \/>\n            <input type='hidden' class='gform_hidden' name='is_submit_21' value='1' \/>\n            <input type='hidden' class='gform_hidden' name='gform_submit' value='21' \/>\n            \n            <input type='hidden' class='gform_hidden' name='gform_currency' data-currency='AUD' value='+hjwn890fp8ZKfzmTzW5sYbz76BuRRpLaVg4Uum8lQ43JJP44PG1r9U+\/0J03NM3iyRV1GHr6Q4RuM8P0cwKEH1xMN7pqodOlH9cTI6UB3dS0X8=' \/>\n            <input type='hidden' class='gform_hidden' name='gform_unique_id' value='' \/>\n            <input type='hidden' class='gform_hidden' name='state_21' value='WyJbXSIsIjEzNjUzNzQ1MmJjMjU1Y2VhOTA4YWRhMWMxYmE3NjlhIl0=' \/>\n            <input type='hidden' autocomplete='off' class='gform_hidden' name='gform_target_page_number_21' id='gform_target_page_number_21' value='0' \/>\n            <input type='hidden' autocomplete='off' class='gform_hidden' name='gform_source_page_number_21' id='gform_source_page_number_21' value='1' \/>\n            <input type='hidden' name='gform_field_values' value='' \/>\n            \n        <\/div>\n                        <\/form>\n                        <\/div><script type=\"text\/javascript\">\n\/* <![CDATA[ *\/\n gform.initializeOnLoaded( function() {gformInitSpinner( 21, 'https:\/\/www.accorplus.com\/vn\/wp-content\/plugins\/gravityforms\/images\/spinner.svg', true );jQuery('#gform_ajax_frame_21').on('load',function(){var contents = jQuery(this).contents().find('*').html();var is_postback = contents.indexOf('GF_AJAX_POSTBACK') >= 0;if(!is_postback){return;}var form_content = jQuery(this).contents().find('#gform_wrapper_21');var is_confirmation = jQuery(this).contents().find('#gform_confirmation_wrapper_21').length > 0;var is_redirect = contents.indexOf('gformRedirect(){') >= 0;var is_form = form_content.length > 0 && ! is_redirect && ! is_confirmation;var mt = parseInt(jQuery('html').css('margin-top'), 10) + parseInt(jQuery('body').css('margin-top'), 10) + 100;if(is_form){jQuery('#gform_wrapper_21').html(form_content.html());if(form_content.hasClass('gform_validation_error')){jQuery('#gform_wrapper_21').addClass('gform_validation_error');} else {jQuery('#gform_wrapper_21').removeClass('gform_validation_error');}setTimeout( function() { \/* delay the scroll by 50 milliseconds to fix a bug in chrome *\/  }, 50 );if(window['gformInitDatepicker']) {gformInitDatepicker();}if(window['gformInitPriceFields']) {gformInitPriceFields();}var current_page = jQuery('#gform_source_page_number_21').val();gformInitSpinner( 21, 'https:\/\/www.accorplus.com\/vn\/wp-content\/plugins\/gravityforms\/images\/spinner.svg', true );jQuery(document).trigger('gform_page_loaded', [21, current_page]);window['gf_submitting_21'] = false;}else if(!is_redirect){var confirmation_content = jQuery(this).contents().find('.GF_AJAX_POSTBACK').html();if(!confirmation_content){confirmation_content = contents;}jQuery('#gform_wrapper_21').replaceWith(confirmation_content);jQuery(document).trigger('gform_confirmation_loaded', [21]);window['gf_submitting_21'] = false;wp.a11y.speak(jQuery('#gform_confirmation_message_21').text());}else{jQuery('#gform_21').append(contents);if(window['gformRedirect']) {gformRedirect();}}jQuery(document).trigger(\"gform_pre_post_render\", [{ formId: \"21\", currentPage: \"current_page\", abort: function() { this.preventDefault(); } }]);        if (event && event.defaultPrevented) {                return;        }        const gformWrapperDiv = document.getElementById( \"gform_wrapper_21\" );        if ( gformWrapperDiv ) {            const visibilitySpan = document.createElement( \"span\" );            visibilitySpan.id = \"gform_visibility_test_21\";            gformWrapperDiv.insertAdjacentElement( \"afterend\", visibilitySpan );        }        const visibilityTestDiv = document.getElementById( \"gform_visibility_test_21\" );        let postRenderFired = false;        function triggerPostRender() {            if ( postRenderFired ) {                return;            }            postRenderFired = true;            gform.core.triggerPostRenderEvents( 21, current_page );            if ( visibilityTestDiv ) {                visibilityTestDiv.parentNode.removeChild( visibilityTestDiv );            }        }        function debounce( func, wait, immediate ) {            var timeout;            return function() {                var context = this, args = arguments;                var later = function() {                    timeout = null;                    if ( !immediate ) func.apply( context, args );                };                var callNow = immediate && !timeout;                clearTimeout( timeout );                timeout = setTimeout( later, wait );                if ( callNow ) func.apply( context, args );            };        }        const debouncedTriggerPostRender = debounce( function() {            triggerPostRender();        }, 200 );        if ( visibilityTestDiv && visibilityTestDiv.offsetParent === null ) {            const observer = new MutationObserver( ( mutations ) => {                mutations.forEach( ( mutation ) => {                    if ( mutation.type === 'attributes' && visibilityTestDiv.offsetParent !== null ) {                        debouncedTriggerPostRender();                        observer.disconnect();                    }                });            });            observer.observe( document.body, {                attributes: true,                childList: false,                subtree: true,                attributeFilter: [ 'style', 'class' ],            });        } else {            triggerPostRender();        }    } );} ); \n\/* ]]> *\/\n<\/script>\n<\/div>\n            <\/div>\n            <div class=\"large-4\">\n                                            <\/div>\n        <\/div>\n    <\/div>\n<\/div>\n<\/div>\n<\/div><\/div><\/div>","protected":false},"excerpt":{"rendered":"","protected":false},"author":32,"featured_media":0,"parent":0,"menu_order":0,"comment_status":"closed","ping_status":"closed","template":"","meta":{"_acf_changed":false,"footnotes":""},"class_list":["post-40775","page","type-page","status-publish","hentry"],"acf":[],"yoast_head":"<!-- This site is optimized with the Yoast SEO Premium plugin v24.4 (Yoast SEO v27.1.1) - https:\/\/yoast.com\/product\/yoast-seo-premium-wordpress\/ -->\n<title>\u01afu \u0111\u00e3i \u0111\u1ed9c quy\u1ec1n d\u00e0nh cho h\u1ed9i vi\u00ean Kocham - ALL Accor+ Explorer Vietnam<\/title>\n<meta name=\"robots\" content=\"index, follow, max-snippet:-1, max-image-preview:large, max-video-preview:-1\" \/>\n<link rel=\"canonical\" href=\"https:\/\/www.accorplus.com\/vn\/vi\/verification-kocham-offer\/\" \/>\n<meta property=\"og:locale\" content=\"vi_VN\" \/>\n<meta property=\"og:type\" content=\"article\" \/>\n<meta property=\"og:title\" content=\"\u01afu \u0111\u00e3i \u0111\u1ed9c quy\u1ec1n d\u00e0nh cho h\u1ed9i vi\u00ean Kocham\" \/>\n<meta property=\"og:url\" content=\"https:\/\/www.accorplus.com\/vn\/vi\/verification-kocham-offer\/\" \/>\n<meta property=\"og:site_name\" content=\"ALL Accor+ Explorer Vietnam\" \/>\n<meta property=\"article:modified_time\" content=\"2023-07-03T10:18:10+00:00\" \/>\n<meta name=\"twitter:card\" content=\"summary_large_image\" \/>\n<script type=\"application\/ld+json\" class=\"yoast-schema-graph\">{\"@context\":\"https:\/\/schema.org\",\"@graph\":[{\"@type\":\"WebPage\",\"@id\":\"https:\/\/www.accorplus.com\/vn\/vi\/verification-kocham-offer\/\",\"url\":\"https:\/\/www.accorplus.com\/vn\/vi\/verification-kocham-offer\/\",\"name\":\"\u01afu \u0111\u00e3i \u0111\u1ed9c quy\u1ec1n d\u00e0nh cho h\u1ed9i vi\u00ean Kocham - ALL Accor+ Explorer Vietnam\",\"isPartOf\":{\"@id\":\"https:\/\/www.accorplus.com\/vn\/#website\"},\"datePublished\":\"2023-06-28T10:58:09+00:00\",\"dateModified\":\"2023-07-03T10:18:10+00:00\",\"breadcrumb\":{\"@id\":\"https:\/\/www.accorplus.com\/vn\/vi\/verification-kocham-offer\/#breadcrumb\"},\"inLanguage\":\"vi-VN\",\"potentialAction\":[{\"@type\":\"ReadAction\",\"target\":[\"https:\/\/www.accorplus.com\/vn\/vi\/verification-kocham-offer\/\"]}]},{\"@type\":\"BreadcrumbList\",\"@id\":\"https:\/\/www.accorplus.com\/vn\/vi\/verification-kocham-offer\/#breadcrumb\",\"itemListElement\":[{\"@type\":\"ListItem\",\"position\":1,\"name\":\"ALL Accor+ Explorer\",\"item\":\"https:\/\/www.accorplus.com\/vn\/vi\/\"},{\"@type\":\"ListItem\",\"position\":2,\"name\":\"\u01afu \u0111\u00e3i \u0111\u1ed9c quy\u1ec1n d\u00e0nh cho h\u1ed9i vi\u00ean Kocham\"}]},{\"@type\":\"WebSite\",\"@id\":\"https:\/\/www.accorplus.com\/vn\/#website\",\"url\":\"https:\/\/www.accorplus.com\/vn\/\",\"name\":\"ALL Accor+ Explorer Vietnam\",\"description\":\"Experience More\",\"potentialAction\":[{\"@type\":\"SearchAction\",\"target\":{\"@type\":\"EntryPoint\",\"urlTemplate\":\"https:\/\/www.accorplus.com\/vn\/?s={search_term_string}\"},\"query-input\":{\"@type\":\"PropertyValueSpecification\",\"valueRequired\":true,\"valueName\":\"search_term_string\"}}],\"inLanguage\":\"vi-VN\"}]}<\/script>\n<!-- \/ Yoast SEO Premium plugin. -->","yoast_head_json":{"title":"\u01afu \u0111\u00e3i \u0111\u1ed9c quy\u1ec1n d\u00e0nh cho h\u1ed9i vi\u00ean Kocham - ALL Accor+ Explorer Vietnam","robots":{"index":"index","follow":"follow","max-snippet":"max-snippet:-1","max-image-preview":"max-image-preview:large","max-video-preview":"max-video-preview:-1"},"canonical":"https:\/\/www.accorplus.com\/vn\/vi\/verification-kocham-offer\/","og_locale":"vi_VN","og_type":"article","og_title":"\u01afu \u0111\u00e3i \u0111\u1ed9c quy\u1ec1n d\u00e0nh cho h\u1ed9i vi\u00ean Kocham","og_url":"https:\/\/www.accorplus.com\/vn\/vi\/verification-kocham-offer\/","og_site_name":"ALL Accor+ Explorer Vietnam","article_modified_time":"2023-07-03T10:18:10+00:00","twitter_card":"summary_large_image","schema":{"@context":"https:\/\/schema.org","@graph":[{"@type":"WebPage","@id":"https:\/\/www.accorplus.com\/vn\/vi\/verification-kocham-offer\/","url":"https:\/\/www.accorplus.com\/vn\/vi\/verification-kocham-offer\/","name":"\u01afu \u0111\u00e3i \u0111\u1ed9c quy\u1ec1n d\u00e0nh cho h\u1ed9i vi\u00ean Kocham - ALL Accor+ Explorer Vietnam","isPartOf":{"@id":"https:\/\/www.accorplus.com\/vn\/#website"},"datePublished":"2023-06-28T10:58:09+00:00","dateModified":"2023-07-03T10:18:10+00:00","breadcrumb":{"@id":"https:\/\/www.accorplus.com\/vn\/vi\/verification-kocham-offer\/#breadcrumb"},"inLanguage":"vi-VN","potentialAction":[{"@type":"ReadAction","target":["https:\/\/www.accorplus.com\/vn\/vi\/verification-kocham-offer\/"]}]},{"@type":"BreadcrumbList","@id":"https:\/\/www.accorplus.com\/vn\/vi\/verification-kocham-offer\/#breadcrumb","itemListElement":[{"@type":"ListItem","position":1,"name":"ALL Accor+ Explorer","item":"https:\/\/www.accorplus.com\/vn\/vi\/"},{"@type":"ListItem","position":2,"name":"\u01afu \u0111\u00e3i \u0111\u1ed9c quy\u1ec1n d\u00e0nh cho h\u1ed9i vi\u00ean Kocham"}]},{"@type":"WebSite","@id":"https:\/\/www.accorplus.com\/vn\/#website","url":"https:\/\/www.accorplus.com\/vn\/","name":"ALL Accor+ Explorer Vietnam","description":"Experience More","potentialAction":[{"@type":"SearchAction","target":{"@type":"EntryPoint","urlTemplate":"https:\/\/www.accorplus.com\/vn\/?s={search_term_string}"},"query-input":{"@type":"PropertyValueSpecification","valueRequired":true,"valueName":"search_term_string"}}],"inLanguage":"vi-VN"}]}},"_links":{"self":[{"href":"https:\/\/www.accorplus.com\/vn\/vi\/wp-json\/wp\/v2\/pages\/40775","targetHints":{"allow":["GET"]}}],"collection":[{"href":"https:\/\/www.accorplus.com\/vn\/vi\/wp-json\/wp\/v2\/pages"}],"about":[{"href":"https:\/\/www.accorplus.com\/vn\/vi\/wp-json\/wp\/v2\/types\/page"}],"author":[{"embeddable":true,"href":"https:\/\/www.accorplus.com\/vn\/vi\/wp-json\/wp\/v2\/users\/32"}],"replies":[{"embeddable":true,"href":"https:\/\/www.accorplus.com\/vn\/vi\/wp-json\/wp\/v2\/comments?post=40775"}],"version-history":[{"count":6,"href":"https:\/\/www.accorplus.com\/vn\/vi\/wp-json\/wp\/v2\/pages\/40775\/revisions"}],"predecessor-version":[{"id":41073,"href":"https:\/\/www.accorplus.com\/vn\/vi\/wp-json\/wp\/v2\/pages\/40775\/revisions\/41073"}],"wp:attachment":[{"href":"https:\/\/www.accorplus.com\/vn\/vi\/wp-json\/wp\/v2\/media?parent=40775"}],"curies":[{"name":"wp","href":"https:\/\/api.w.org\/{rel}","templated":true}]}}