{"id":3419,"date":"2021-02-22T06:10:02","date_gmt":"2021-02-21T22:10:02","guid":{"rendered":"https:\/\/accorplus.com\/vn\/offers-2\/"},"modified":"2025-09-30T12:12:19","modified_gmt":"2025-09-30T04:12:19","slug":"offers-old","status":"publish","type":"page","link":"https:\/\/www.accorplus.com\/vn\/vi\/offers-old\/","title":{"rendered":"Offers"},"content":{"rendered":"\n<div class=\"module mod-page-header theme-default theme-dark no-padding no-border\" data-autoload-module=\"page-header\" data-content-change=\"\">\n    <div class=\"logged-out\">\n                    \n    <div class=\"component-image\" data-autoload-component=\"image\">\n                    <div class=\"image lazy-image\"\n                 data-src=\"https:\/\/etqk82p44vf.exactdn.com\/wp-content\/uploads\/sites\/15\/2023\/03\/27190001\/gastronomy-package-movenpick-resort-cam-ranh-banner.png?strip=all&#038;sharp=1\"\n                 data-src-mobile=\"https:\/\/etqk82p44vf.exactdn.com\/wp-content\/uploads\/sites\/15\/2023\/03\/27190001\/gastronomy-package-movenpick-resort-cam-ranh-banner-900x600.png?strip=all&#038;sharp=1\">\n                    <div class=\"overlay\"><\/div>\n                    <\/div>\n            <\/div>\n        \n        <div class=\"grid-container\">\n            <div class=\"page-header-inner grid-x align-center align-middle\">\n                <div class=\"cell medium-10 text-center\">\n                    <h1 class=\"page-header-title large-hero-title\"> Kh\u00e1m ph\u00e1 \u01b0u \u0111\u00e3i More Escape t\u1ea1i Vi\u1ec7t Nam<\/h1>\n                    <p class=\"page-header-content lead\"><\/p>\n\n                                            <div class=\"banner-buttons button-group button-group-margin-top-small align-center\">\n                            \n    <a href=\"https:\/\/www.accorplus.com\/vn\/vi\/offers\/?location=Vietnam&#038;offer-types=more-escapes&#038;utm_medium=other&#038;utm_source=website&#038;utm_campaign=ap_vn-vi_rmoreescapevietnam_offerbanner_280725\"\n       class=\"button  theme-primary\"\n       target=\"\" data-autoload-component=\"button\">\n        <span>Kh\u00e1m ph\u00e1 ngay<svg width=\"20\" height=\"20\" viewBox=\"0 0 20 20\" xmlns=\"http:\/\/www.w3.org\/2000\/svg\" class=\"icon\"><path d=\"M17.42 10l-6.951-6.95-1.326 1.325 4.687 4.688H2.97v1.874H13.83l-4.687 4.688 1.326 1.326L17.419 10z\" \/><\/svg>\n<\/span>\n    <\/a>\n                        <\/div>\n                    \n                <\/div>\n            <\/div>\n        <\/div>\n    <\/div>\n\n    <div class=\"logged-in hide\">\n                    \n    <div class=\"component-image\" data-autoload-component=\"image\">\n                    <div class=\"image lazy-image\"\n                 data-src=\"https:\/\/etqk82p44vf.exactdn.com\/wp-content\/uploads\/sites\/15\/2023\/03\/27190001\/gastronomy-package-movenpick-resort-cam-ranh-banner.png?strip=all&#038;sharp=1\"\n                 data-src-mobile=\"https:\/\/etqk82p44vf.exactdn.com\/wp-content\/uploads\/sites\/15\/2023\/03\/27190001\/gastronomy-package-movenpick-resort-cam-ranh-banner-900x600.png?strip=all&#038;sharp=1\">\n                    <div class=\"overlay\"><\/div>\n                    <\/div>\n            <\/div>\n        \n        <div class=\"grid-container\">\n            <div class=\"page-header-inner grid-x align-center align-middle\">\n                <div class=\"cell text-center\">\n                                            <h1 class=\"page-header-title large-hero-title\"><\/h1>\n                    \n                                            <p class=\"page-header-content lead\"><\/p>\n                    \n                    \n                <\/div>\n            <\/div>\n        <\/div>\n    <\/div>\n\n    \n    <div class=\"logged-in-all hide\">\n                    \n    <div class=\"component-image\" data-autoload-component=\"image\">\n                    <div class=\"image lazy-image\"\n                 data-src=\"https:\/\/etqk82p44vf.exactdn.com\/wp-content\/uploads\/sites\/15\/2023\/03\/27190001\/gastronomy-package-movenpick-resort-cam-ranh-banner.png?strip=all&#038;sharp=1\"\n                 data-src-mobile=\"https:\/\/etqk82p44vf.exactdn.com\/wp-content\/uploads\/sites\/15\/2023\/03\/27190001\/gastronomy-package-movenpick-resort-cam-ranh-banner-900x600.png?strip=all&#038;sharp=1\">\n                    <div class=\"overlay\"><\/div>\n                    <\/div>\n            <\/div>\n        \n        <div class=\"grid-container\">\n            <div class=\"page-header-inner grid-x align-center align-middle\">\n                <div class=\"cell text-center\">\n                    <h1 class=\"page-header-title large-hero-title\"><\/h1>\n                    <p class=\"page-header-content lead\"><\/p>\n\n                    <div class=\"banner-buttons button-group button-group-margin-top-small align-center\">\n\n                    <a href=\" https:\/\/checkout.accorplus.com\/product\/vn-explorer\" class=\"button theme-primary\" target=\"\" data-autoload-component=\"button\">\n                        <span><svg width=\"20\" height=\"20\" viewBox=\"0 0 20 20\" xmlns=\"http:\/\/www.w3.org\/2000\/svg\" class=\"icon\"><path d=\"M17.42 10l-6.951-6.95-1.326 1.325 4.687 4.688H2.97v1.874H13.83l-4.687 4.688 1.326 1.326L17.419 10z\"><\/path><\/svg><\/span>\n                    <\/a>\n                    <\/div>\n                <\/div>\n            <\/div>\n        <\/div>\n    <\/div>\n<\/div>\n<div class=\"grid-container\">\n    <div class=\"grid-x align-middle\">\n        <div class=\"small-12 medium-8\">\n        <p id=\"breadcrumbs\" class=\"page-header-breadcrumbs small-label\"><span><span><a href=\"https:\/\/www.accorplus.com\/vn\/vi\/home-launch\/\">ALL Accor+ Explorer<\/a><\/span><\/span><\/p>        <\/div>\n        <div class=\"small-12 medium-4\">\n                <\/div>\n    <\/div>\n<\/div>\n\n\n\n<div class=\"module mod-text theme-default\" data-autoload-module=\"text\">\n  <div class=\"grid-container\">\n    <div class=\"grid-x grid-margin-x\">\n      <div class=\"cell large-12\">\n        <div class=\"rte\">\n          <p>L\u00e0 h\u1ed9i vi\u00ean c\u1ee7a Accor Plus, b\u1ea1n \u0111\u01b0\u1ee3c h\u01b0\u1edfng h\u00e0ng lo\u1ea1t \u01b0u \u0111\u00e3i d\u00e0nh ri\u00eang cho m\u00ecnh.<\/p>\n<p>T\u1eeb m\u1ee9c gi\u00e1 Red Hot Rooms \u0111\u1ebfn \u01b0u \u0111\u00e3i More Escapes t\u1ea1i nhi\u1ec1u \u0111\u1ecba \u0111i\u1ec3m du l\u1ecbch l\u00fd t\u01b0\u1edfng, c\u00e1c s\u1ef1 ki\u1ec7n ch\u1ec9 d\u00e0nh cho h\u1ed9i vi\u00ean v\u00e0 m\u1ed9t s\u1ed1 \u01b0u \u0111\u00e3i \u0111\u1eb7c bi\u1ec7t t\u1eeb \u0111\u1ed1i t\u00e1c, th\u1ebb h\u1ed9i vi\u00ean Accor Plus mang \u0111\u1ebfn cho b\u1ea1n nhi\u1ec1u ph\u1ea7n th\u01b0\u1edfng th\u00fa v\u1ecb.<\/p>\n<p>H\u00e3y th\u01b0\u1eddng xuy\u00ean c\u1eadp nh\u1eadt \u01b0u \u0111\u00e3i m\u1edbi nh\u1ea5t c\u1ee7a ch\u00fang t\u00f4i &#8211; ch\u1ec9 d\u00e0nh ri\u00eang cho b\u1ea1n.<\/p>\n        <\/div>\n      <\/div>\n    <\/div>\n  <\/div>\n<\/div>\n\n\n\n<div class=\"module mod-offers theme-default large-padding\" data-autoload-module=\"offers\">\n        <div class=\"offers\"\n        data-offers=\"[]\"\n        data-offers-string=\"\u01afu \u0111\u00e3i\"\n        data-showing-string=\"\u0110ang hi\u1ec3n th\u1ecb\"\n        data-offers-single-string=\"\u01afu \u0111\u00e3i\"\n        data-showing-string=\"\u0110ang hi\u1ec3n th\u1ecb\"\n        data-days-string=\"Days left\"\n        data-search-desintations-string=\"T\u00ecm ki\u1ebfm \u0110i\u1ec3m \u0111\u1ebfn\"\n        data-red-hot-rooms-string=\"Red Hot Room\"\n        data-more-escapes-string=\"More Escapes\"\n        data-benefit-string=\"Quy\u1ec1n l\u1ee3i h\u1ed9i vi\u00ean\"\n        data-for-stays-string=\"Cho K\u1ef3 l\u01b0u tr\u00fa\"\n        data-offer-validity-string=\"Th\u1eddi gian \u01b0u \u0111\u00e3i\"\n        data-event-date-string=\"Ng\u00e0y s\u1ef1 ki\u1ec7n\"\n        data-show-more-string=\"Hi\u1ec7n Th\u00eam\"\n        data-price-from-string=\"T\u1eea\"\n        data-booking-period-string=\"Th\u1eddi gian \u0111\u1eb7t ph\u00f2ng\"\n        data-stay-period-string=\"Th\u1eddi gian l\u01b0u tr\u00fa\"\n        data-room-type-string=\"H\u1ea1ng ph\u00f2ng\"\n        data-time-string=\"Th\u1eddi gian\"\n        data-hide-filters=\"false\"\n        data-language=\"vi\"\n        data-site=\"15\"\n    >\n    <\/div>\n<\/div>\n","protected":false},"excerpt":{"rendered":"","protected":false},"author":1,"featured_media":13407,"parent":0,"menu_order":0,"comment_status":"closed","ping_status":"closed","template":"","meta":{"_acf_changed":false,"footnotes":""},"class_list":["post-3419","page","type-page","status-publish","has-post-thumbnail","hentry"],"acf":[],"yoast_head":"<!-- This site is optimized with the Yoast SEO Premium plugin v24.4 (Yoast SEO v27.1.1) - https:\/\/yoast.com\/product\/yoast-seo-premium-wordpress\/ -->\n<title>Offers - ALL Accor+ Explorer Vietnam<\/title>\n<meta name=\"robots\" content=\"index, follow, max-snippet:-1, max-image-preview:large, max-video-preview:-1\" \/>\n<link rel=\"canonical\" href=\"https:\/\/www.accorplus.com\/vn\/vi\/offers-old\/\" \/>\n<meta property=\"og:locale\" content=\"vi_VN\" \/>\n<meta property=\"og:type\" content=\"article\" \/>\n<meta property=\"og:title\" content=\"Offers\" \/>\n<meta property=\"og:url\" content=\"https:\/\/www.accorplus.com\/vn\/vi\/offers-old\/\" \/>\n<meta property=\"og:site_name\" content=\"ALL Accor+ Explorer Vietnam\" \/>\n<meta property=\"article:modified_time\" content=\"2025-09-30T04:12:19+00:00\" \/>\n<meta property=\"og:image\" content=\"https:\/\/accorcdn.com\/wp-content\/uploads\/sites\/15\/2022\/01\/04065642\/Accor-Plus-Fast-Track-2022_1650x410-1.jpg\" \/>\n\t<meta property=\"og:image:width\" content=\"1650\" \/>\n\t<meta property=\"og:image:height\" content=\"410\" \/>\n\t<meta property=\"og:image:type\" content=\"image\/jpeg\" \/>\n<meta name=\"twitter:card\" content=\"summary_large_image\" \/>\n<meta name=\"twitter:label1\" content=\"Est. reading time\" \/>\n\t<meta name=\"twitter:data1\" content=\"1 minute\" \/>\n<script type=\"application\/ld+json\" class=\"yoast-schema-graph\">{\"@context\":\"https:\/\/schema.org\",\"@graph\":[{\"@type\":\"WebPage\",\"@id\":\"https:\/\/www.accorplus.com\/vn\/vi\/offers-old\/\",\"url\":\"https:\/\/www.accorplus.com\/vn\/vi\/offers-old\/\",\"name\":\"Offers - ALL Accor+ Explorer Vietnam\",\"isPartOf\":{\"@id\":\"https:\/\/www.accorplus.com\/vn\/#website\"},\"primaryImageOfPage\":{\"@id\":\"https:\/\/www.accorplus.com\/vn\/vi\/offers-old\/#primaryimage\"},\"image\":{\"@id\":\"https:\/\/www.accorplus.com\/vn\/vi\/offers-old\/#primaryimage\"},\"thumbnailUrl\":\"https:\/\/etqk82p44vf.exactdn.com\/wp-content\/uploads\/sites\/15\/2022\/01\/04065642\/Accor-Plus-Fast-Track-2022_1650x410-1.jpg?strip=all&sharp=1\",\"datePublished\":\"2021-02-21T22:10:02+00:00\",\"dateModified\":\"2025-09-30T04:12:19+00:00\",\"breadcrumb\":{\"@id\":\"https:\/\/www.accorplus.com\/vn\/vi\/offers-old\/#breadcrumb\"},\"inLanguage\":\"vi-VN\",\"potentialAction\":[{\"@type\":\"ReadAction\",\"target\":[\"https:\/\/www.accorplus.com\/vn\/vi\/offers-old\/\"]}]},{\"@type\":\"ImageObject\",\"inLanguage\":\"vi-VN\",\"@id\":\"https:\/\/www.accorplus.com\/vn\/vi\/offers-old\/#primaryimage\",\"url\":\"https:\/\/etqk82p44vf.exactdn.com\/wp-content\/uploads\/sites\/15\/2022\/01\/04065642\/Accor-Plus-Fast-Track-2022_1650x410-1.jpg?strip=all&sharp=1\",\"contentUrl\":\"https:\/\/etqk82p44vf.exactdn.com\/wp-content\/uploads\/sites\/15\/2022\/01\/04065642\/Accor-Plus-Fast-Track-2022_1650x410-1.jpg?strip=all&sharp=1\",\"width\":1650,\"height\":410,\"caption\":\"Accor Plus Fast Track 2022_1650x410\"},{\"@type\":\"BreadcrumbList\",\"@id\":\"https:\/\/www.accorplus.com\/vn\/vi\/offers-old\/#breadcrumb\",\"itemListElement\":[{\"@type\":\"ListItem\",\"position\":1,\"name\":\"ALL Accor+ Explorer\",\"item\":\"https:\/\/www.accorplus.com\/vn\/vi\/home-launch\/\"},{\"@type\":\"ListItem\",\"position\":2,\"name\":\"Offers\"}]},{\"@type\":\"WebSite\",\"@id\":\"https:\/\/www.accorplus.com\/vn\/#website\",\"url\":\"https:\/\/www.accorplus.com\/vn\/\",\"name\":\"ALL Accor+ Explorer Vietnam\",\"description\":\"Experience More\",\"potentialAction\":[{\"@type\":\"SearchAction\",\"target\":{\"@type\":\"EntryPoint\",\"urlTemplate\":\"https:\/\/www.accorplus.com\/vn\/?s={search_term_string}\"},\"query-input\":{\"@type\":\"PropertyValueSpecification\",\"valueRequired\":true,\"valueName\":\"search_term_string\"}}],\"inLanguage\":\"vi-VN\"}]}<\/script>\n<!-- \/ Yoast SEO Premium plugin. -->","yoast_head_json":{"title":"Offers - ALL Accor+ Explorer Vietnam","robots":{"index":"index","follow":"follow","max-snippet":"max-snippet:-1","max-image-preview":"max-image-preview:large","max-video-preview":"max-video-preview:-1"},"canonical":"https:\/\/www.accorplus.com\/vn\/vi\/offers-old\/","og_locale":"vi_VN","og_type":"article","og_title":"Offers","og_url":"https:\/\/www.accorplus.com\/vn\/vi\/offers-old\/","og_site_name":"ALL Accor+ Explorer Vietnam","article_modified_time":"2025-09-30T04:12:19+00:00","og_image":[{"width":1650,"height":410,"url":"https:\/\/accorcdn.com\/wp-content\/uploads\/sites\/15\/2022\/01\/04065642\/Accor-Plus-Fast-Track-2022_1650x410-1.jpg","type":"image\/jpeg"}],"twitter_card":"summary_large_image","twitter_misc":{"Est. reading time":"1 minute"},"schema":{"@context":"https:\/\/schema.org","@graph":[{"@type":"WebPage","@id":"https:\/\/www.accorplus.com\/vn\/vi\/offers-old\/","url":"https:\/\/www.accorplus.com\/vn\/vi\/offers-old\/","name":"Offers - ALL Accor+ Explorer Vietnam","isPartOf":{"@id":"https:\/\/www.accorplus.com\/vn\/#website"},"primaryImageOfPage":{"@id":"https:\/\/www.accorplus.com\/vn\/vi\/offers-old\/#primaryimage"},"image":{"@id":"https:\/\/www.accorplus.com\/vn\/vi\/offers-old\/#primaryimage"},"thumbnailUrl":"https:\/\/etqk82p44vf.exactdn.com\/wp-content\/uploads\/sites\/15\/2022\/01\/04065642\/Accor-Plus-Fast-Track-2022_1650x410-1.jpg?strip=all&sharp=1","datePublished":"2021-02-21T22:10:02+00:00","dateModified":"2025-09-30T04:12:19+00:00","breadcrumb":{"@id":"https:\/\/www.accorplus.com\/vn\/vi\/offers-old\/#breadcrumb"},"inLanguage":"vi-VN","potentialAction":[{"@type":"ReadAction","target":["https:\/\/www.accorplus.com\/vn\/vi\/offers-old\/"]}]},{"@type":"ImageObject","inLanguage":"vi-VN","@id":"https:\/\/www.accorplus.com\/vn\/vi\/offers-old\/#primaryimage","url":"https:\/\/etqk82p44vf.exactdn.com\/wp-content\/uploads\/sites\/15\/2022\/01\/04065642\/Accor-Plus-Fast-Track-2022_1650x410-1.jpg?strip=all&sharp=1","contentUrl":"https:\/\/etqk82p44vf.exactdn.com\/wp-content\/uploads\/sites\/15\/2022\/01\/04065642\/Accor-Plus-Fast-Track-2022_1650x410-1.jpg?strip=all&sharp=1","width":1650,"height":410,"caption":"Accor Plus Fast Track 2022_1650x410"},{"@type":"BreadcrumbList","@id":"https:\/\/www.accorplus.com\/vn\/vi\/offers-old\/#breadcrumb","itemListElement":[{"@type":"ListItem","position":1,"name":"ALL Accor+ Explorer","item":"https:\/\/www.accorplus.com\/vn\/vi\/home-launch\/"},{"@type":"ListItem","position":2,"name":"Offers"}]},{"@type":"WebSite","@id":"https:\/\/www.accorplus.com\/vn\/#website","url":"https:\/\/www.accorplus.com\/vn\/","name":"ALL Accor+ Explorer Vietnam","description":"Experience More","potentialAction":[{"@type":"SearchAction","target":{"@type":"EntryPoint","urlTemplate":"https:\/\/www.accorplus.com\/vn\/?s={search_term_string}"},"query-input":{"@type":"PropertyValueSpecification","valueRequired":true,"valueName":"search_term_string"}}],"inLanguage":"vi-VN"}]}},"_links":{"self":[{"href":"https:\/\/www.accorplus.com\/vn\/vi\/wp-json\/wp\/v2\/pages\/3419","targetHints":{"allow":["GET"]}}],"collection":[{"href":"https:\/\/www.accorplus.com\/vn\/vi\/wp-json\/wp\/v2\/pages"}],"about":[{"href":"https:\/\/www.accorplus.com\/vn\/vi\/wp-json\/wp\/v2\/types\/page"}],"author":[{"embeddable":true,"href":"https:\/\/www.accorplus.com\/vn\/vi\/wp-json\/wp\/v2\/users\/1"}],"replies":[{"embeddable":true,"href":"https:\/\/www.accorplus.com\/vn\/vi\/wp-json\/wp\/v2\/comments?post=3419"}],"version-history":[{"count":10,"href":"https:\/\/www.accorplus.com\/vn\/vi\/wp-json\/wp\/v2\/pages\/3419\/revisions"}],"predecessor-version":[{"id":91645,"href":"https:\/\/www.accorplus.com\/vn\/vi\/wp-json\/wp\/v2\/pages\/3419\/revisions\/91645"}],"wp:featuredmedia":[{"embeddable":true,"href":"https:\/\/www.accorplus.com\/vn\/vi\/wp-json\/wp\/v2\/media\/13407"}],"wp:attachment":[{"href":"https:\/\/www.accorplus.com\/vn\/vi\/wp-json\/wp\/v2\/media?parent=3419"}],"curies":[{"name":"wp","href":"https:\/\/api.w.org\/{rel}","templated":true}]}}