{"id":25452,"date":"2022-09-15T15:16:38","date_gmt":"2022-09-15T07:16:38","guid":{"rendered":"http:\/\/www.accorplus.com\/vn\/copy-of-your-accor-plus-community\/"},"modified":"2024-02-09T11:57:23","modified_gmt":"2024-02-09T03:57:23","slug":"accor-plus-community","status":"publish","type":"page","link":"https:\/\/www.accorplus.com\/vn\/vi\/accor-plus-community\/","title":{"rendered":"C\u1ed9ng \u0111\u1ed3ng Accor Plus"},"content":{"rendered":"\n<div class=\"module mod-page-header theme-default theme-dark no-padding no-border\" data-autoload-module=\"page-header\" data-content-change=\"\">\n    <div class=\"logged-out\">\n                    \n    <div class=\"component-image\" data-autoload-component=\"image\">\n                    <div class=\"image lazy-image\"\n                 data-src=\"https:\/\/etqk82p44vf.exactdn.com\/wp-content\/uploads\/sites\/15\/2022\/09\/22110836\/banner-your-accor-plus-community-image-1.jpg?strip=all&#038;sharp=1\"\n                 data-src-mobile=\"https:\/\/etqk82p44vf.exactdn.com\/wp-content\/uploads\/sites\/15\/2022\/09\/22110836\/banner-your-accor-plus-community-image-1-900x600.jpg?strip=all&#038;sharp=1\">\n                    <div class=\"overlay\"><\/div>\n                    <\/div>\n            <\/div>\n        \n        <div class=\"grid-container\">\n            <div class=\"page-header-inner grid-x align-center align-middle\">\n                <div class=\"cell medium-10 text-center\">\n                    <h1 class=\"page-header-title large-hero-title\">C\u1ed9ng \u0111\u1ed3ng Accor Plus<\/h1>\n                    <p class=\"page-header-content lead\"><\/p>\n\n                    \n                <\/div>\n            <\/div>\n        <\/div>\n    <\/div>\n\n    <div class=\"logged-in hide\">\n                    \n    <div class=\"component-image\" data-autoload-component=\"image\">\n                    <div class=\"image lazy-image\"\n                 data-src=\"https:\/\/etqk82p44vf.exactdn.com\/wp-content\/uploads\/sites\/15\/2022\/09\/22110836\/banner-your-accor-plus-community-image-1.jpg?strip=all&#038;sharp=1\"\n                 data-src-mobile=\"https:\/\/etqk82p44vf.exactdn.com\/wp-content\/uploads\/sites\/15\/2022\/09\/22110836\/banner-your-accor-plus-community-image-1-900x600.jpg?strip=all&#038;sharp=1\">\n                    <div class=\"overlay\"><\/div>\n                    <\/div>\n            <\/div>\n        \n        <div class=\"grid-container\">\n            <div class=\"page-header-inner grid-x align-center align-middle\">\n                <div class=\"cell text-center\">\n                                            <h1 class=\"page-header-title large-hero-title\">C\u1ed9ng \u0111\u1ed3ng Accor Plus<\/h1>\n                    \n                                            <p class=\"page-header-content lead\"><\/p>\n                    \n                    \n                <\/div>\n            <\/div>\n        <\/div>\n    <\/div>\n\n    \n    <div class=\"logged-in-all hide\">\n                    \n    <div class=\"component-image\" data-autoload-component=\"image\">\n                    <div class=\"image lazy-image\"\n                 data-src=\"https:\/\/etqk82p44vf.exactdn.com\/wp-content\/uploads\/sites\/15\/2022\/09\/22110836\/banner-your-accor-plus-community-image-1.jpg?strip=all&#038;sharp=1\"\n                 data-src-mobile=\"https:\/\/etqk82p44vf.exactdn.com\/wp-content\/uploads\/sites\/15\/2022\/09\/22110836\/banner-your-accor-plus-community-image-1-900x600.jpg?strip=all&#038;sharp=1\">\n                    <div class=\"overlay\"><\/div>\n                    <\/div>\n            <\/div>\n        \n        <div class=\"grid-container\">\n            <div class=\"page-header-inner grid-x align-center align-middle\">\n                <div class=\"cell text-center\">\n                    <h1 class=\"page-header-title large-hero-title\"><\/h1>\n                    <p class=\"page-header-content lead\"><\/p>\n\n                    <div class=\"banner-buttons button-group button-group-margin-top-small align-center\">\n\n                    <a href=\" https:\/\/checkout.accorplus.com\/product\/vn-explorer\" class=\"button theme-primary\" target=\"\" data-autoload-component=\"button\">\n                        <span><svg width=\"20\" height=\"20\" viewBox=\"0 0 20 20\" xmlns=\"http:\/\/www.w3.org\/2000\/svg\" class=\"icon\"><path d=\"M17.42 10l-6.951-6.95-1.326 1.325 4.687 4.688H2.97v1.874H13.83l-4.687 4.688 1.326 1.326L17.419 10z\"><\/path><\/svg><\/span>\n                    <\/a>\n                    <\/div>\n                <\/div>\n            <\/div>\n        <\/div>\n    <\/div>\n<\/div>\n<div class=\"grid-container\">\n    <div class=\"grid-x align-middle\">\n        <div class=\"small-12 medium-8\">\n        <p id=\"breadcrumbs\" class=\"page-header-breadcrumbs small-label\"><span><span><a href=\"https:\/\/www.accorplus.com\/vn\/vi\/home-launch\/\">ALL Accor+ Explorer<\/a><\/span><\/span><\/p>        <\/div>\n        <div class=\"small-12 medium-4\">\n        \n    <div data-autoload-component=\"social-share\" class=\"component component-social-share flex-container align-middle\">\n        <div class=\"shares\">\n                            <a\n                    class='share-button-wrapper'\n                    id=\"facebook\"\n                    href=\"https:\/\/facebook.com\/sharer\/sharer.php?u=https%3A%2F%2Fwww.accorplus.com%2Fvn%2Fvi%2Faccor-plus-community%2F\"\n                    target='_blank'\n                    rel='nofollow noopener'\n                    aria-label='Share on Facebook'\n                  >\n            \t    <svg class=\"icon\"><\/svg>                  <\/a>\n                          <\/div>\n    <\/div>\n        <\/div>\n    <\/div>\n<\/div>\n\n\n\n<div class=\"module mod-text theme-default\" data-autoload-module=\"text\">\n  <div class=\"grid-container\">\n    <div class=\"grid-x grid-margin-x\">\n      <div class=\"cell large-12\">\n        <div class=\"rte\">\n          <h2> Bi\u1ebft \u01a0n Cho M\u1ed9t N\u0103m 2023 Ng\u1eadp Tr\u00e0n Tr\u1ea3i Nghi\u1ec7m Kh\u00f3 Qu\u00ean<\/h2>\n<p>B\u1ea3n t\u00f3m t\u1eaft cu\u1ed1i n\u0103m \u0111\u1eb7c bi\u1ec7t d\u00e0nh ri\u00eang cho nh\u1eefng h\u1ed9i vi\u00ean Accor Plus<\/p>\n        <\/div>\n      <\/div>\n    <\/div>\n  <\/div>\n<\/div>\n\n\n\n<div class=\"module mod-video theme-default\" data-autoload-module=\"video\">\n      <div class=\"grid-container\">\n\n        <div class=\"video-container\">\n              <div data-autoload-component=\"video\" data-autoload-priority=\"1\" class=\"component-video\" data-attributes='{&quot;width&quot;:null,&quot;height&quot;:null}'>\n\n            \n                                <!-- Conditional eager\/lazy loading based on browser -->\n            <div class=\"embed-container relative w-full overflow-hidden vimeo-loading\" data-vimeo-id=\"898480407\" data-vimeo-behaviour=\"\" style=\"padding-bottom: 56.25%; background-image: url(https:\/\/i.vimeocdn.com\/video\/1775249187-bc88061791da21935a0d5c8d72733b16b179afa3293561f31ac20f74d480fd48-d_1280x720?region=us); background-size: cover; background-position: center;\">\n                                    <!-- Chrome\/Firefox: Lazy load via JavaScript -->\n                    <div class=\"vimeo-placeholder\"><\/div>\n                \n                <!-- Fallback for Vimeo iframe videos -->\n                <div class=\"vimeo-fallback\" style=\"display: none;\">\n                                            <div style=\"background: #f8f7f9; color: #666; display: flex; align-items: center; justify-content: center; height: 65svh;\">\n                        <\/div>\n                                    <\/div>\n            <\/div>\n        \n        <\/div>\n        <\/div>\n\n  <\/div>\n<\/div>\n\n\n\n<div class=\"module mod-text theme-default\" data-autoload-module=\"text\">\n  <div class=\"grid-container\">\n    <div class=\"grid-x grid-margin-x\">\n      <div class=\"cell large-12\">\n        <div class=\"rte\">\n          <p><span data-sheets-value=\"{&quot;1&quot;:2,&quot;2&quot;:&quot;\\&quot;H\u00e3y tr\u1edf th\u00e0nh m\u1ed9t ph\u1ea7n c\u1ee7a C\u1ed9ng \u0111\u1ed3ng Accor Plus th\u1ecbnh v\u01b0\u1ee3ng c\u1ee7a ch\u00fang t\u00f4i v\u00e0 kh\u00e1m ph\u00e1 th\u1ebf gi\u1edbi c\u1ee7a nh\u1eefng \u0111\u1eb7c quy\u1ec1n v\u01b0\u1ee3t tr\u1ed9i.\\n\\nT\u1eadn h\u01b0\u1edfng trong tinh hoa c\u1ee7a s\u1ef1 sang tr\u1ecdng v\u1edbi c\u00e1c l\u1ee3i \u00edch \u0111\u1ed9c quy\u1ec1n c\u1ee7a Accor Plus, bao g\u1ed3m gi\u1ea3m gi\u00e1 \u0103n u\u1ed1ng \u00e1p d\u1ee5ng t\u1ea1i t\u1ea1i c\u00e1c th\u01b0\u01a1ng hi\u1ec7u n\u1ed5i ti\u1ebfng c\u1ee7a Accor nh\u01b0 Sofitel, Novotel, v\u00e0 nhi\u1ec1u h\u01a1n n\u1eefa.\\&quot;&quot;}\" data-sheets-userformat=\"{&quot;2&quot;:771,&quot;3&quot;:{&quot;1&quot;:0},&quot;4&quot;:{&quot;1&quot;:2,&quot;2&quot;:16773836},&quot;11&quot;:4,&quot;12&quot;:0}\">H\u00e3y tr\u1edf th\u00e0nh m\u1ed9t ph\u1ea7n c\u1ee7a <strong>C\u1ed9ng \u0111\u1ed3ng Accor Plus<\/strong> th\u1ecbnh v\u01b0\u1ee3ng c\u1ee7a ch\u00fang t\u00f4i v\u00e0 kh\u00e1m ph\u00e1 th\u1ebf gi\u1edbi c\u1ee7a nh\u1eefng \u0111\u1eb7c quy\u1ec1n v\u01b0\u1ee3t tr\u1ed9i.<\/span><\/p>\n<p>T\u1eadn h\u01b0\u1edfng trong tinh hoa c\u1ee7a s\u1ef1 sang tr\u1ecdng v\u1edbi c\u00e1c l\u1ee3i \u00edch \u0111\u1ed9c quy\u1ec1n c\u1ee7a Accor Plus, bao g\u1ed3m gi\u1ea3m gi\u00e1 \u0103n u\u1ed1ng \u00e1p d\u1ee5ng t\u1ea1i t\u1ea1i c\u00e1c th\u01b0\u01a1ng hi\u1ec7u n\u1ed5i ti\u1ebfng c\u1ee7a Accor nh\u01b0 <strong>Sofitel, Novotel, v\u00e0 nhi\u1ec1u h\u01a1n n\u1eefa<\/strong>.<\/p>\n        <\/div>\n      <\/div>\n    <\/div>\n  <\/div>\n<\/div>\n\n\n\n<div class=\"module mod-instagram theme-default\" data-autoload-module=\"instagram\">\n  <div class=\"grid-container\">\n    <div class=\"grid-x\">\n      <div class=\"title-container\">\n        <div class=\"title-block has-divider grid-x align-center text-left\" data-autoload-component=\"title-block\">\n          <h3 class=\"title-block-title h1 cell small-12\"><\/h3>\n        <\/div>\n      <\/div>\n      <script src=\"https:\/\/cdn.getlocalmeasure.com\/embed\/widgets.js\" type=\"text\/javascript\" async><\/script>\r\n<div id=\"widget-033a0df9fe5865f7902e9a2b0c9a3664374378b7c4ca9d6474d1cfdb5676\" data-lmwidget=\"033a0df9fe5865f7902e9a2b0c9a3664374378b7c4ca9d6474d1cfdb5676\"><\/div>          <\/div>\n  <\/div>\n<\/div>\n\n\n\n<div class=\"module mod-text theme-default\" data-autoload-module=\"text\">\n  <div class=\"grid-container\">\n    <div class=\"grid-x grid-margin-x\">\n      <div class=\"cell large-12\">\n        <div class=\"rte\">\n          <h2>Nh\u1edb theo d\u00f5i ch\u00fang t\u00f4i \u0111\u1ec3 nh\u1eadn nh\u1eefng th\u00f4ng tin v\u1ec1 cu\u1ed9c thi #myaccorplus<\/h2>\n        <\/div>\n      <\/div>\n    <\/div>\n  <\/div>\n<\/div>\n\n\n\n<div class=\"module mod-text theme-default\" data-autoload-module=\"text\">\n  <div class=\"grid-container\">\n    <div class=\"grid-x grid-margin-x\">\n      <div class=\"cell large-12\">\n        <div class=\"rte\">\n          <p>\u0110\u1eebng b\u1ecf l\u1ee1 nh\u1eefng tin t\u1ee9c v\u00e0 \u01b0u \u0111\u00e3i m\u1edbi nh\u1ea5t t\u1eeb \u200b\u200bAccor Plus v\u00e0 h\u00e3y l\u00e0 m\u1ed9t trong nh\u1eefng ng\u01b0\u1eddi \u0111\u1ea7u ti\u00ean kh\u00e1m ph\u00e1 ch\u01b0\u01a1ng tr\u00ecnh gi\u1ea3m gi\u00e1 \u0103n u\u1ed1ng v\u00e0 l\u01b0u tr\u00fa h\u1ea5p d\u1eabn t\u1ea1i c\u00e1c kh\u00e1ch s\u1ea1n v\u00e0 nh\u00e0 h\u00e0ng c\u1ee7a Accor.<\/p>\n<p style=\"text-align: center;\"><strong>Theo d\u00f5i c\u00e1c trang m\u1ea1ng x\u00e3 h\u1ed9i c\u1ee7a ch\u00fang t\u00f4i ngay:<\/strong><\/p>\n<table align=\"center\">\n<tbody>\n<tr>\n<td style=\"text-align: center;\"><a href=\"https:\/\/www.facebook.com\/AccorPlus\" target=\"_blank\" rel=\"noopener\"><img decoding=\"async\" class=\"alignnone size-full wp-image-48439\" src=\"https:\/\/etqk82p44vf.exactdn.com\/wp-content\/uploads\/2023\/06\/23150846\/fb-icon-new.png?strip=all&sharp=1\" alt=\"fb icon\" width=\"40\" height=\"40\" \/><\/a><\/td>\n<td style=\"text-align: center;\"><a href=\"https:\/\/www.instagram.com\/accorplus\/\" target=\"_blank\" rel=\"noopener\"><img decoding=\"async\" class=\"alignnone size-full wp-image-48443\" src=\"https:\/\/etqk82p44vf.exactdn.com\/wp-content\/uploads\/2023\/06\/23151307\/ig-icon-new.png?strip=all&sharp=1\" alt=\"IG Icon\" width=\"40\" height=\"40\" \/><\/a><\/td>\n<\/tr>\n<\/tbody>\n<\/table>\n        <\/div>\n      <\/div>\n    <\/div>\n  <\/div>\n<\/div>\n\n\n\n<div class=\"module mod-text theme-default\" data-autoload-module=\"text\">\n  <div class=\"grid-container\">\n    <div class=\"grid-x grid-margin-x\">\n      <div class=\"cell large-12\">\n        <div class=\"rte\">\n          <h4>Nh\u1eefng \u0111\u1ea1i s\u1ee9 th\u01b0\u01a1ng hi\u1ec7u c\u1ee7a ch\u00fang t\u00f4i<\/h4>\n<a href=\"http:\/\/www.accorplus.com\/vn\/benefits\/inspiration\/accor-plus-ambassadors\/ambassador\/\" class=\"cta\" >KH\u00c1M PH\u00c1 TH\u00caM<\/a>\n        <\/div>\n      <\/div>\n    <\/div>\n  <\/div>\n<\/div>\n\n\n\n<div class=\"module mod-text theme-default\" data-autoload-module=\"text\">\n  <div class=\"grid-container\">\n    <div class=\"grid-x grid-margin-x\">\n      <div class=\"cell large-12\">\n        <div class=\"rte\">\n          <h4>Gi\u1edbi thi\u1ec7u h\u1ed9i vi\u00ean<\/h4>\n<p><a class=\"cta\" href=\"https:\/\/www.accorplus.com\/vn\/vi\/benefits\/inspiration\/your-accor-plus-community\/\">KH\u00c1M PH\u00c1 TH\u00caM<\/a><\/p>\n        <\/div>\n      <\/div>\n    <\/div>\n  <\/div>\n<\/div>\n","protected":false},"excerpt":{"rendered":"","protected":false},"author":9,"featured_media":25715,"parent":0,"menu_order":0,"comment_status":"closed","ping_status":"closed","template":"","meta":{"_acf_changed":false,"footnotes":""},"class_list":["post-25452","page","type-page","status-publish","has-post-thumbnail","hentry"],"acf":[],"yoast_head":"<!-- This site is optimized with the Yoast SEO Premium plugin v24.4 (Yoast SEO v27.1.1) - https:\/\/yoast.com\/product\/yoast-seo-premium-wordpress\/ -->\n<title>C\u1ed9ng \u0111\u1ed3ng Accor Plus - ALL Accor+ Explorer Vietnam<\/title>\n<meta name=\"description\" content=\"Th\u1eadt vui v\u00ec ch\u00fang t\u00f4i c\u00f3 \u0111\u01b0\u1ee3c m\u1ed9t c\u1ed9ng \u0111\u1ed3ng h\u1ed9i vi\u00ean \u0111\u1ea7y \u0111am m\u00ea v\u00e0 nhi\u1ec7t huy\u1ebft \u0111\u1ebfn th\u1ebf. Ch\u00fang t\u00f4i r\u1ea5t mu\u1ed1n nghe v\u1ec1 c\u00e1ch m\u00e0 b\u1ea1n t\u1eadn h\u01b0\u1edfng v\u00e0 tr\u1ea3i nghi\u1ec7m c\u00f9ng chi\u1ebfc th\u1ebb Accor Plus c\u1ee7a m\u00ecnh.\" \/>\n<meta name=\"robots\" content=\"index, follow, max-snippet:-1, max-image-preview:large, max-video-preview:-1\" \/>\n<link rel=\"canonical\" href=\"https:\/\/www.accorplus.com\/vn\/vi\/accor-plus-community\/\" \/>\n<meta property=\"og:locale\" content=\"vi_VN\" \/>\n<meta property=\"og:type\" content=\"article\" \/>\n<meta property=\"og:title\" content=\"C\u1ed9ng \u0111\u1ed3ng Accor Plus\" \/>\n<meta property=\"og:description\" content=\"Th\u1eadt vui v\u00ec ch\u00fang t\u00f4i c\u00f3 \u0111\u01b0\u1ee3c m\u1ed9t c\u1ed9ng \u0111\u1ed3ng h\u1ed9i vi\u00ean \u0111\u1ea7y \u0111am m\u00ea v\u00e0 nhi\u1ec7t huy\u1ebft \u0111\u1ebfn th\u1ebf. Ch\u00fang t\u00f4i r\u1ea5t mu\u1ed1n nghe v\u1ec1 c\u00e1ch m\u00e0 b\u1ea1n t\u1eadn h\u01b0\u1edfng v\u00e0 tr\u1ea3i nghi\u1ec7m c\u00f9ng chi\u1ebfc th\u1ebb Accor Plus c\u1ee7a m\u00ecnh.\" \/>\n<meta property=\"og:url\" content=\"https:\/\/www.accorplus.com\/vn\/vi\/accor-plus-community\/\" \/>\n<meta property=\"og:site_name\" content=\"ALL Accor+ Explorer Vietnam\" \/>\n<meta property=\"article:modified_time\" content=\"2024-02-09T03:57:23+00:00\" \/>\n<meta property=\"og:image\" content=\"https:\/\/accorcdn.com\/wp-content\/uploads\/sites\/15\/2022\/09\/22110836\/banner-your-accor-plus-community-image-1.jpg\" \/>\n\t<meta property=\"og:image:width\" content=\"2048\" \/>\n\t<meta property=\"og:image:height\" content=\"1366\" \/>\n\t<meta property=\"og:image:type\" content=\"image\/jpeg\" \/>\n<meta name=\"twitter:card\" content=\"summary_large_image\" \/>\n<meta name=\"twitter:label1\" content=\"Est. reading time\" \/>\n\t<meta name=\"twitter:data1\" content=\"2 minutes\" \/>\n<script type=\"application\/ld+json\" class=\"yoast-schema-graph\">{\"@context\":\"https:\/\/schema.org\",\"@graph\":[{\"@type\":\"WebPage\",\"@id\":\"https:\/\/www.accorplus.com\/vn\/vi\/accor-plus-community\/\",\"url\":\"https:\/\/www.accorplus.com\/vn\/vi\/accor-plus-community\/\",\"name\":\"C\u1ed9ng \u0111\u1ed3ng Accor Plus - ALL Accor+ Explorer Vietnam\",\"isPartOf\":{\"@id\":\"https:\/\/www.accorplus.com\/vn\/#website\"},\"primaryImageOfPage\":{\"@id\":\"https:\/\/www.accorplus.com\/vn\/vi\/accor-plus-community\/#primaryimage\"},\"image\":{\"@id\":\"https:\/\/www.accorplus.com\/vn\/vi\/accor-plus-community\/#primaryimage\"},\"thumbnailUrl\":\"https:\/\/etqk82p44vf.exactdn.com\/wp-content\/uploads\/sites\/15\/2022\/09\/22110836\/banner-your-accor-plus-community-image-1.jpg?strip=all&sharp=1\",\"datePublished\":\"2022-09-15T07:16:38+00:00\",\"dateModified\":\"2024-02-09T03:57:23+00:00\",\"description\":\"Th\u1eadt vui v\u00ec ch\u00fang t\u00f4i c\u00f3 \u0111\u01b0\u1ee3c m\u1ed9t c\u1ed9ng \u0111\u1ed3ng h\u1ed9i vi\u00ean \u0111\u1ea7y \u0111am m\u00ea v\u00e0 nhi\u1ec7t huy\u1ebft \u0111\u1ebfn th\u1ebf. Ch\u00fang t\u00f4i r\u1ea5t mu\u1ed1n nghe v\u1ec1 c\u00e1ch m\u00e0 b\u1ea1n t\u1eadn h\u01b0\u1edfng v\u00e0 tr\u1ea3i nghi\u1ec7m c\u00f9ng chi\u1ebfc th\u1ebb Accor Plus c\u1ee7a m\u00ecnh.\",\"breadcrumb\":{\"@id\":\"https:\/\/www.accorplus.com\/vn\/vi\/accor-plus-community\/#breadcrumb\"},\"inLanguage\":\"vi-VN\",\"potentialAction\":[{\"@type\":\"ReadAction\",\"target\":[\"https:\/\/www.accorplus.com\/vn\/vi\/accor-plus-community\/\"]}]},{\"@type\":\"ImageObject\",\"inLanguage\":\"vi-VN\",\"@id\":\"https:\/\/www.accorplus.com\/vn\/vi\/accor-plus-community\/#primaryimage\",\"url\":\"https:\/\/etqk82p44vf.exactdn.com\/wp-content\/uploads\/sites\/15\/2022\/09\/22110836\/banner-your-accor-plus-community-image-1.jpg?strip=all&sharp=1\",\"contentUrl\":\"https:\/\/etqk82p44vf.exactdn.com\/wp-content\/uploads\/sites\/15\/2022\/09\/22110836\/banner-your-accor-plus-community-image-1.jpg?strip=all&sharp=1\",\"width\":2048,\"height\":1366,\"caption\":\"banner your accor plus community image\"},{\"@type\":\"BreadcrumbList\",\"@id\":\"https:\/\/www.accorplus.com\/vn\/vi\/accor-plus-community\/#breadcrumb\",\"itemListElement\":[{\"@type\":\"ListItem\",\"position\":1,\"name\":\"ALL Accor+ Explorer\",\"item\":\"https:\/\/www.accorplus.com\/vn\/vi\/home-launch\/\"},{\"@type\":\"ListItem\",\"position\":2,\"name\":\"C\u1ed9ng \u0111\u1ed3ng Accor Plus\"}]},{\"@type\":\"WebSite\",\"@id\":\"https:\/\/www.accorplus.com\/vn\/#website\",\"url\":\"https:\/\/www.accorplus.com\/vn\/\",\"name\":\"ALL Accor+ Explorer Vietnam\",\"description\":\"Experience More\",\"potentialAction\":[{\"@type\":\"SearchAction\",\"target\":{\"@type\":\"EntryPoint\",\"urlTemplate\":\"https:\/\/www.accorplus.com\/vn\/?s={search_term_string}\"},\"query-input\":{\"@type\":\"PropertyValueSpecification\",\"valueRequired\":true,\"valueName\":\"search_term_string\"}}],\"inLanguage\":\"vi-VN\"}]}<\/script>\n<!-- \/ Yoast SEO Premium plugin. -->","yoast_head_json":{"title":"C\u1ed9ng \u0111\u1ed3ng Accor Plus - ALL Accor+ Explorer Vietnam","description":"Th\u1eadt vui v\u00ec ch\u00fang t\u00f4i c\u00f3 \u0111\u01b0\u1ee3c m\u1ed9t c\u1ed9ng \u0111\u1ed3ng h\u1ed9i vi\u00ean \u0111\u1ea7y \u0111am m\u00ea v\u00e0 nhi\u1ec7t huy\u1ebft \u0111\u1ebfn th\u1ebf. Ch\u00fang t\u00f4i r\u1ea5t mu\u1ed1n nghe v\u1ec1 c\u00e1ch m\u00e0 b\u1ea1n t\u1eadn h\u01b0\u1edfng v\u00e0 tr\u1ea3i nghi\u1ec7m c\u00f9ng chi\u1ebfc th\u1ebb Accor Plus c\u1ee7a m\u00ecnh.","robots":{"index":"index","follow":"follow","max-snippet":"max-snippet:-1","max-image-preview":"max-image-preview:large","max-video-preview":"max-video-preview:-1"},"canonical":"https:\/\/www.accorplus.com\/vn\/vi\/accor-plus-community\/","og_locale":"vi_VN","og_type":"article","og_title":"C\u1ed9ng \u0111\u1ed3ng Accor Plus","og_description":"Th\u1eadt vui v\u00ec ch\u00fang t\u00f4i c\u00f3 \u0111\u01b0\u1ee3c m\u1ed9t c\u1ed9ng \u0111\u1ed3ng h\u1ed9i vi\u00ean \u0111\u1ea7y \u0111am m\u00ea v\u00e0 nhi\u1ec7t huy\u1ebft \u0111\u1ebfn th\u1ebf. Ch\u00fang t\u00f4i r\u1ea5t mu\u1ed1n nghe v\u1ec1 c\u00e1ch m\u00e0 b\u1ea1n t\u1eadn h\u01b0\u1edfng v\u00e0 tr\u1ea3i nghi\u1ec7m c\u00f9ng chi\u1ebfc th\u1ebb Accor Plus c\u1ee7a m\u00ecnh.","og_url":"https:\/\/www.accorplus.com\/vn\/vi\/accor-plus-community\/","og_site_name":"ALL Accor+ Explorer Vietnam","article_modified_time":"2024-02-09T03:57:23+00:00","og_image":[{"width":2048,"height":1366,"url":"https:\/\/accorcdn.com\/wp-content\/uploads\/sites\/15\/2022\/09\/22110836\/banner-your-accor-plus-community-image-1.jpg","type":"image\/jpeg"}],"twitter_card":"summary_large_image","twitter_misc":{"Est. reading time":"2 minutes"},"schema":{"@context":"https:\/\/schema.org","@graph":[{"@type":"WebPage","@id":"https:\/\/www.accorplus.com\/vn\/vi\/accor-plus-community\/","url":"https:\/\/www.accorplus.com\/vn\/vi\/accor-plus-community\/","name":"C\u1ed9ng \u0111\u1ed3ng Accor Plus - ALL Accor+ Explorer Vietnam","isPartOf":{"@id":"https:\/\/www.accorplus.com\/vn\/#website"},"primaryImageOfPage":{"@id":"https:\/\/www.accorplus.com\/vn\/vi\/accor-plus-community\/#primaryimage"},"image":{"@id":"https:\/\/www.accorplus.com\/vn\/vi\/accor-plus-community\/#primaryimage"},"thumbnailUrl":"https:\/\/etqk82p44vf.exactdn.com\/wp-content\/uploads\/sites\/15\/2022\/09\/22110836\/banner-your-accor-plus-community-image-1.jpg?strip=all&sharp=1","datePublished":"2022-09-15T07:16:38+00:00","dateModified":"2024-02-09T03:57:23+00:00","description":"Th\u1eadt vui v\u00ec ch\u00fang t\u00f4i c\u00f3 \u0111\u01b0\u1ee3c m\u1ed9t c\u1ed9ng \u0111\u1ed3ng h\u1ed9i vi\u00ean \u0111\u1ea7y \u0111am m\u00ea v\u00e0 nhi\u1ec7t huy\u1ebft \u0111\u1ebfn th\u1ebf. Ch\u00fang t\u00f4i r\u1ea5t mu\u1ed1n nghe v\u1ec1 c\u00e1ch m\u00e0 b\u1ea1n t\u1eadn h\u01b0\u1edfng v\u00e0 tr\u1ea3i nghi\u1ec7m c\u00f9ng chi\u1ebfc th\u1ebb Accor Plus c\u1ee7a m\u00ecnh.","breadcrumb":{"@id":"https:\/\/www.accorplus.com\/vn\/vi\/accor-plus-community\/#breadcrumb"},"inLanguage":"vi-VN","potentialAction":[{"@type":"ReadAction","target":["https:\/\/www.accorplus.com\/vn\/vi\/accor-plus-community\/"]}]},{"@type":"ImageObject","inLanguage":"vi-VN","@id":"https:\/\/www.accorplus.com\/vn\/vi\/accor-plus-community\/#primaryimage","url":"https:\/\/etqk82p44vf.exactdn.com\/wp-content\/uploads\/sites\/15\/2022\/09\/22110836\/banner-your-accor-plus-community-image-1.jpg?strip=all&sharp=1","contentUrl":"https:\/\/etqk82p44vf.exactdn.com\/wp-content\/uploads\/sites\/15\/2022\/09\/22110836\/banner-your-accor-plus-community-image-1.jpg?strip=all&sharp=1","width":2048,"height":1366,"caption":"banner your accor plus community image"},{"@type":"BreadcrumbList","@id":"https:\/\/www.accorplus.com\/vn\/vi\/accor-plus-community\/#breadcrumb","itemListElement":[{"@type":"ListItem","position":1,"name":"ALL Accor+ Explorer","item":"https:\/\/www.accorplus.com\/vn\/vi\/home-launch\/"},{"@type":"ListItem","position":2,"name":"C\u1ed9ng \u0111\u1ed3ng Accor Plus"}]},{"@type":"WebSite","@id":"https:\/\/www.accorplus.com\/vn\/#website","url":"https:\/\/www.accorplus.com\/vn\/","name":"ALL Accor+ Explorer Vietnam","description":"Experience More","potentialAction":[{"@type":"SearchAction","target":{"@type":"EntryPoint","urlTemplate":"https:\/\/www.accorplus.com\/vn\/?s={search_term_string}"},"query-input":{"@type":"PropertyValueSpecification","valueRequired":true,"valueName":"search_term_string"}}],"inLanguage":"vi-VN"}]}},"_links":{"self":[{"href":"https:\/\/www.accorplus.com\/vn\/vi\/wp-json\/wp\/v2\/pages\/25452","targetHints":{"allow":["GET"]}}],"collection":[{"href":"https:\/\/www.accorplus.com\/vn\/vi\/wp-json\/wp\/v2\/pages"}],"about":[{"href":"https:\/\/www.accorplus.com\/vn\/vi\/wp-json\/wp\/v2\/types\/page"}],"author":[{"embeddable":true,"href":"https:\/\/www.accorplus.com\/vn\/vi\/wp-json\/wp\/v2\/users\/9"}],"replies":[{"embeddable":true,"href":"https:\/\/www.accorplus.com\/vn\/vi\/wp-json\/wp\/v2\/comments?post=25452"}],"version-history":[{"count":10,"href":"https:\/\/www.accorplus.com\/vn\/vi\/wp-json\/wp\/v2\/pages\/25452\/revisions"}],"predecessor-version":[{"id":55669,"href":"https:\/\/www.accorplus.com\/vn\/vi\/wp-json\/wp\/v2\/pages\/25452\/revisions\/55669"}],"wp:featuredmedia":[{"embeddable":true,"href":"https:\/\/www.accorplus.com\/vn\/vi\/wp-json\/wp\/v2\/media\/25715"}],"wp:attachment":[{"href":"https:\/\/www.accorplus.com\/vn\/vi\/wp-json\/wp\/v2\/media?parent=25452"}],"curies":[{"name":"wp","href":"https:\/\/api.w.org\/{rel}","templated":true}]}}