{"id":1789,"date":"2021-02-25T06:25:26","date_gmt":"2021-02-25T06:25:26","guid":{"rendered":"https:\/\/accorplus-singapore-uat-wp-alb-1875465555.ap-southeast-1.elb.amazonaws.com\/vn\/?page_id=1789"},"modified":"2023-04-16T23:02:52","modified_gmt":"2023-04-16T15:02:52","slug":"your-accor-plus-community-old","status":"publish","type":"page","link":"https:\/\/www.accorplus.com\/vn\/vi\/your-accor-plus-community-old\/","title":{"rendered":"Your Accor Plus Community"},"content":{"rendered":"\n<div class=\"module mod-page-header theme-default theme-dark no-padding no-border\" data-autoload-module=\"page-header\" data-content-change=\"\">\n    <div class=\"logged-out\">\n                    \n    <div class=\"component-image\" data-autoload-component=\"image\">\n                    <div class=\"image lazy-image\"\n                 data-src=\"https:\/\/etqk82p44vf.exactdn.com\/wp-content\/uploads\/sites\/15\/2023\/03\/31171410\/myaccorplus-april-2023-banner-1.jpg?strip=all&#038;sharp=1\"\n                 data-src-mobile=\"https:\/\/etqk82p44vf.exactdn.com\/wp-content\/uploads\/sites\/15\/2023\/03\/31171410\/myaccorplus-april-2023-banner-1-900x600.jpg?strip=all&#038;sharp=1\">\n                    <div class=\"overlay\"><\/div>\n                    <\/div>\n            <\/div>\n        \n        <div class=\"grid-container\">\n            <div class=\"page-header-inner grid-x align-center align-middle\">\n                <div class=\"cell medium-10 text-center\">\n                    <h1 class=\"page-header-title large-hero-title\">Chia s\u1ebb tr\u1ea3i nghi\u1ec7m #myaccorpplus c\u1ee7a b\u1ea1n<\/h1>\n                    <p class=\"page-header-content lead\"><\/p>\n\n                    \n                <\/div>\n            <\/div>\n        <\/div>\n    <\/div>\n\n    <div class=\"logged-in hide\">\n                    \n    <div class=\"component-image\" data-autoload-component=\"image\">\n                    <div class=\"image lazy-image\"\n                 data-src=\"https:\/\/etqk82p44vf.exactdn.com\/wp-content\/uploads\/sites\/15\/2023\/03\/31171410\/myaccorplus-april-2023-banner-1.jpg?strip=all&#038;sharp=1\"\n                 data-src-mobile=\"https:\/\/etqk82p44vf.exactdn.com\/wp-content\/uploads\/sites\/15\/2023\/03\/31171410\/myaccorplus-april-2023-banner-1-900x600.jpg?strip=all&#038;sharp=1\">\n                    <div class=\"overlay\"><\/div>\n                    <\/div>\n            <\/div>\n        \n        <div class=\"grid-container\">\n            <div class=\"page-header-inner grid-x align-center align-middle\">\n                <div class=\"cell text-center\">\n                                            <h1 class=\"page-header-title large-hero-title\">Your Accor Plus Community<\/h1>\n                    \n                                            <p class=\"page-header-content lead\"><\/p>\n                    \n                    \n                <\/div>\n            <\/div>\n        <\/div>\n    <\/div>\n\n    \n    <div class=\"logged-in-all hide\">\n                    \n    <div class=\"component-image\" data-autoload-component=\"image\">\n                    <div class=\"image lazy-image\"\n                 data-src=\"https:\/\/etqk82p44vf.exactdn.com\/wp-content\/uploads\/sites\/15\/2023\/03\/31171410\/myaccorplus-april-2023-banner-1.jpg?strip=all&#038;sharp=1\"\n                 data-src-mobile=\"https:\/\/etqk82p44vf.exactdn.com\/wp-content\/uploads\/sites\/15\/2023\/03\/31171410\/myaccorplus-april-2023-banner-1-900x600.jpg?strip=all&#038;sharp=1\">\n                    <div class=\"overlay\"><\/div>\n                    <\/div>\n            <\/div>\n        \n        <div class=\"grid-container\">\n            <div class=\"page-header-inner grid-x align-center align-middle\">\n                <div class=\"cell text-center\">\n                    <h1 class=\"page-header-title large-hero-title\"><\/h1>\n                    <p class=\"page-header-content lead\"><\/p>\n\n                    <div class=\"banner-buttons button-group button-group-margin-top-small align-center\">\n\n                    <a href=\" https:\/\/checkout.accorplus.com\/product\/vn-explorer\" class=\"button theme-primary\" target=\"\" data-autoload-component=\"button\">\n                        <span><svg width=\"20\" height=\"20\" viewBox=\"0 0 20 20\" xmlns=\"http:\/\/www.w3.org\/2000\/svg\" class=\"icon\"><path d=\"M17.42 10l-6.951-6.95-1.326 1.325 4.687 4.688H2.97v1.874H13.83l-4.687 4.688 1.326 1.326L17.419 10z\"><\/path><\/svg><\/span>\n                    <\/a>\n                    <\/div>\n                <\/div>\n            <\/div>\n        <\/div>\n    <\/div>\n<\/div>\n<div class=\"grid-container\">\n    <div class=\"grid-x align-middle\">\n        <div class=\"small-12 medium-8\">\n        <p id=\"breadcrumbs\" class=\"page-header-breadcrumbs small-label\"><span><span><a href=\"https:\/\/www.accorplus.com\/vn\/vi\/\">ALL Accor+ Explorer<\/a><\/span><\/span><\/p>        <\/div>\n        <div class=\"small-12 medium-4\">\n        \n    <div data-autoload-component=\"social-share\" class=\"component component-social-share flex-container align-middle\">\n        <div class=\"shares\">\n                            <a\n                    class='share-button-wrapper'\n                    id=\"facebook\"\n                    href=\"https:\/\/facebook.com\/sharer\/sharer.php?u=https%3A%2F%2Fwww.accorplus.com%2Fvn%2Fvi%2Fyour-accor-plus-community-old%2F\"\n                    target='_blank'\n                    rel='nofollow noopener'\n                    aria-label='Share on Facebook'\n                  >\n            \t    <svg class=\"icon\"><\/svg>                  <\/a>\n                          <\/div>\n    <\/div>\n        <\/div>\n    <\/div>\n<\/div>\n\n\n\n<div class=\"module mod-text theme-default\" data-autoload-module=\"text\">\n  <div class=\"grid-container\">\n    <div class=\"grid-x grid-margin-x\">\n      <div class=\"cell large-12\">\n        <div class=\"rte\">\n          <h3>#myaccorpplus \u0111\u00e3 tr\u1edf l\u1ea1i! Chia s\u1ebb tr\u1ea3i nghi\u1ec7m v\u1edbi Accor Plus v\u00e0 c\u01a1 h\u1ed9i nh\u1eadn 2.000 \u0111i\u1ec3m th\u01b0\u1edfng ALL<\/h3>\n<p>Ch\u00fang t\u00f4i s\u1ebd t\u1eb7ng <strong>2.000 \u0111i\u1ec3m th\u01b0\u1edfng ALL \u2013 Accor Live Limitless<\/strong> m\u1ed7i ng\u00e0y t\u1eeb <strong>ng\u00e0y 3 &#8211; 30 th\u00e1ng 4 n\u0103m 2023.<\/strong><\/p>\n<p><strong>\u0110\u1ec3 tham gia v\u00e0 \u0111\u1ee7 \u0111i\u1ec1u ki\u1ec7n cho m\u1ed9t m\u1ee5c h\u1ee3p l\u1ec7, b\u1ea1n ch\u1ec9 c\u1ea7n:<\/strong><\/p>\n<ol>\n<li>\u0110\u0103ng \u1ea3nh <strong>tr\u1ea3i nghi\u1ec7m Accor Plus<\/strong> c\u1ee7a b\u1ea1n m\u1ed9t c\u00e1ch s\u00e1ng t\u1ea1o \u1edf m\u1ed9t \u0111\u1ecba \u0111i\u1ec3m th\u00fa v\u1ecb<\/li>\n<li>G\u1eafn th\u1ebb <strong>@accorplus<\/strong> v\u00e0 \u0111\u1eb7t hashtag <strong>#myaccorplus<\/strong> tr\u00ean ch\u00fa th\u00edch b\u00e0i vi\u1ebft<\/li>\n<li>G\u1eafn th\u1ebb ho\u1eb7c \u0111\u1ec1 c\u1eadp \u0111\u1ebfn t\u00ean <strong>kh\u00e1ch s\u1ea1n\/nh\u00e0 h\u00e0ng<\/strong> t\u1ea1i \u0111\u1ecba \u0111i\u1ec3m c\u1ee7a b\u1ea1n trong \u1ea3nh<\/li>\n<li>Theo d\u00f5i <strong>t\u00e0i kho\u1ea3n Facebook v\u00e0 Instagram<\/strong> ch\u00ednh th\u1ee9c c\u1ee7a Accor Plus<\/li>\n<\/ol>\n<p>* B\u00e0i \u0111\u0103ng tham gia ph\u1ea3i \u0111\u01b0\u1ee3c \u0111\u1ec3 ch\u1ebf \u0111\u1ed9 c\u00f4ng khai \u0111\u1ec3 t\u00ednh l\u00e0 b\u00e0i tham d\u1ef1 h\u1ee3p l\u1ec7<br \/>\n* B\u1ea1n ph\u1ea3i l\u00e0 th\u00e0nh vi\u00ean Accor Plus hi\u1ec7n t\u1ea1i \u0111\u1ec3 \u0111\u1ee7 \u0111i\u1ec1u ki\u1ec7n.<\/p>\n<p><a href=\"https:\/\/accorcdn.com\/wp-content\/uploads\/sites\/15\/2023\/03\/31175508\/myaccorplus-april-2023-t-and-c.pdf\" target=\"_blank\" rel=\"noopener\">Nh\u1ea5n v\u00e0o \u0111\u00e2y<\/a> \u0111\u1ec3 xem c\u00e1c \u0111i\u1ec1u kho\u1ea3n v\u00e0 \u0111i\u1ec1u ki\u1ec7n \u0111\u1ea7y \u0111\u1ee7<\/p>\n        <\/div>\n      <\/div>\n    <\/div>\n  <\/div>\n<\/div>\n\n\n\n<div class=\"module mod-instagram theme-default\" data-autoload-module=\"instagram\">\n  <div class=\"grid-container\">\n    <div class=\"grid-x\">\n      <div class=\"title-container\">\n        <div class=\"title-block has-divider grid-x align-center text-left\" data-autoload-component=\"title-block\">\n          <h3 class=\"title-block-title h1 cell small-12\">C\u00e1c m\u1ee5c n\u1ed5i b\u1eadt<\/h3>\n        <\/div>\n      <\/div>\n      <script src=\"https:\/\/cdn.getlocalmeasure.com\/embed\/widgets.js\" type=\"text\/javascript\" async><\/script>\r\n<div id=\"widget-033a0df9fe5865f7902e9a2b0c9a3664374378b7c4ca9d6474d1cfdb5676\" data-lmwidget=\"033a0df9fe5865f7902e9a2b0c9a3664374378b7c4ca9d6474d1cfdb5676\"><\/div>          <\/div>\n  <\/div>\n<\/div>\n","protected":false},"excerpt":{"rendered":"","protected":false},"author":1,"featured_media":0,"parent":0,"menu_order":0,"comment_status":"closed","ping_status":"closed","template":"","meta":{"_acf_changed":false,"footnotes":""},"class_list":["post-1789","page","type-page","status-publish","hentry"],"acf":[],"yoast_head":"<!-- This site is optimized with the Yoast SEO Premium plugin v24.4 (Yoast SEO v27.1.1) - https:\/\/yoast.com\/product\/yoast-seo-premium-wordpress\/ -->\n<title>Your Accor Plus Community - ALL Accor+ Explorer Vietnam<\/title>\n<meta name=\"robots\" content=\"index, follow, max-snippet:-1, max-image-preview:large, max-video-preview:-1\" \/>\n<link rel=\"canonical\" href=\"https:\/\/www.accorplus.com\/vn\/vi\/your-accor-plus-community-old\/\" \/>\n<meta property=\"og:locale\" content=\"vi_VN\" \/>\n<meta property=\"og:type\" content=\"article\" \/>\n<meta property=\"og:title\" content=\"Your Accor Plus Community\" \/>\n<meta property=\"og:url\" content=\"https:\/\/www.accorplus.com\/vn\/vi\/your-accor-plus-community-old\/\" \/>\n<meta property=\"og:site_name\" content=\"ALL Accor+ Explorer Vietnam\" \/>\n<meta property=\"article:modified_time\" content=\"2023-04-16T15:02:52+00:00\" \/>\n<meta name=\"twitter:card\" content=\"summary_large_image\" \/>\n<script type=\"application\/ld+json\" class=\"yoast-schema-graph\">{\"@context\":\"https:\/\/schema.org\",\"@graph\":[{\"@type\":\"WebPage\",\"@id\":\"https:\/\/www.accorplus.com\/vn\/vi\/your-accor-plus-community-old\/\",\"url\":\"https:\/\/www.accorplus.com\/vn\/vi\/your-accor-plus-community-old\/\",\"name\":\"Your Accor Plus Community - ALL Accor+ Explorer Vietnam\",\"isPartOf\":{\"@id\":\"https:\/\/www.accorplus.com\/vn\/#website\"},\"datePublished\":\"2021-02-25T06:25:26+00:00\",\"dateModified\":\"2023-04-16T15:02:52+00:00\",\"breadcrumb\":{\"@id\":\"https:\/\/www.accorplus.com\/vn\/vi\/your-accor-plus-community-old\/#breadcrumb\"},\"inLanguage\":\"vi-VN\",\"potentialAction\":[{\"@type\":\"ReadAction\",\"target\":[\"https:\/\/www.accorplus.com\/vn\/vi\/your-accor-plus-community-old\/\"]}]},{\"@type\":\"BreadcrumbList\",\"@id\":\"https:\/\/www.accorplus.com\/vn\/vi\/your-accor-plus-community-old\/#breadcrumb\",\"itemListElement\":[{\"@type\":\"ListItem\",\"position\":1,\"name\":\"ALL Accor+ Explorer\",\"item\":\"https:\/\/www.accorplus.com\/vn\/vi\/\"},{\"@type\":\"ListItem\",\"position\":2,\"name\":\"Your Accor Plus Community\"}]},{\"@type\":\"WebSite\",\"@id\":\"https:\/\/www.accorplus.com\/vn\/#website\",\"url\":\"https:\/\/www.accorplus.com\/vn\/\",\"name\":\"ALL Accor+ Explorer Vietnam\",\"description\":\"Experience More\",\"potentialAction\":[{\"@type\":\"SearchAction\",\"target\":{\"@type\":\"EntryPoint\",\"urlTemplate\":\"https:\/\/www.accorplus.com\/vn\/?s={search_term_string}\"},\"query-input\":{\"@type\":\"PropertyValueSpecification\",\"valueRequired\":true,\"valueName\":\"search_term_string\"}}],\"inLanguage\":\"vi-VN\"}]}<\/script>\n<!-- \/ Yoast SEO Premium plugin. -->","yoast_head_json":{"title":"Your Accor Plus Community - ALL Accor+ Explorer Vietnam","robots":{"index":"index","follow":"follow","max-snippet":"max-snippet:-1","max-image-preview":"max-image-preview:large","max-video-preview":"max-video-preview:-1"},"canonical":"https:\/\/www.accorplus.com\/vn\/vi\/your-accor-plus-community-old\/","og_locale":"vi_VN","og_type":"article","og_title":"Your Accor Plus Community","og_url":"https:\/\/www.accorplus.com\/vn\/vi\/your-accor-plus-community-old\/","og_site_name":"ALL Accor+ Explorer Vietnam","article_modified_time":"2023-04-16T15:02:52+00:00","twitter_card":"summary_large_image","schema":{"@context":"https:\/\/schema.org","@graph":[{"@type":"WebPage","@id":"https:\/\/www.accorplus.com\/vn\/vi\/your-accor-plus-community-old\/","url":"https:\/\/www.accorplus.com\/vn\/vi\/your-accor-plus-community-old\/","name":"Your Accor Plus Community - ALL Accor+ Explorer Vietnam","isPartOf":{"@id":"https:\/\/www.accorplus.com\/vn\/#website"},"datePublished":"2021-02-25T06:25:26+00:00","dateModified":"2023-04-16T15:02:52+00:00","breadcrumb":{"@id":"https:\/\/www.accorplus.com\/vn\/vi\/your-accor-plus-community-old\/#breadcrumb"},"inLanguage":"vi-VN","potentialAction":[{"@type":"ReadAction","target":["https:\/\/www.accorplus.com\/vn\/vi\/your-accor-plus-community-old\/"]}]},{"@type":"BreadcrumbList","@id":"https:\/\/www.accorplus.com\/vn\/vi\/your-accor-plus-community-old\/#breadcrumb","itemListElement":[{"@type":"ListItem","position":1,"name":"ALL Accor+ Explorer","item":"https:\/\/www.accorplus.com\/vn\/vi\/"},{"@type":"ListItem","position":2,"name":"Your Accor Plus Community"}]},{"@type":"WebSite","@id":"https:\/\/www.accorplus.com\/vn\/#website","url":"https:\/\/www.accorplus.com\/vn\/","name":"ALL Accor+ Explorer Vietnam","description":"Experience More","potentialAction":[{"@type":"SearchAction","target":{"@type":"EntryPoint","urlTemplate":"https:\/\/www.accorplus.com\/vn\/?s={search_term_string}"},"query-input":{"@type":"PropertyValueSpecification","valueRequired":true,"valueName":"search_term_string"}}],"inLanguage":"vi-VN"}]}},"_links":{"self":[{"href":"https:\/\/www.accorplus.com\/vn\/vi\/wp-json\/wp\/v2\/pages\/1789","targetHints":{"allow":["GET"]}}],"collection":[{"href":"https:\/\/www.accorplus.com\/vn\/vi\/wp-json\/wp\/v2\/pages"}],"about":[{"href":"https:\/\/www.accorplus.com\/vn\/vi\/wp-json\/wp\/v2\/types\/page"}],"author":[{"embeddable":true,"href":"https:\/\/www.accorplus.com\/vn\/vi\/wp-json\/wp\/v2\/users\/1"}],"replies":[{"embeddable":true,"href":"https:\/\/www.accorplus.com\/vn\/vi\/wp-json\/wp\/v2\/comments?post=1789"}],"version-history":[{"count":13,"href":"https:\/\/www.accorplus.com\/vn\/vi\/wp-json\/wp\/v2\/pages\/1789\/revisions"}],"predecessor-version":[{"id":36134,"href":"https:\/\/www.accorplus.com\/vn\/vi\/wp-json\/wp\/v2\/pages\/1789\/revisions\/36134"}],"wp:attachment":[{"href":"https:\/\/www.accorplus.com\/vn\/vi\/wp-json\/wp\/v2\/media?parent=1789"}],"curies":[{"name":"wp","href":"https:\/\/api.w.org\/{rel}","templated":true}]}}